{"id":853350,"date":"2025-06-11T23:03:01","date_gmt":"2025-06-11T20:03:01","guid":{"rendered":"https:\/\/nextsnkr.com\/product\/nike-zoom-air-fire-trainers-white-black\/"},"modified":"2026-02-02T16:14:27","modified_gmt":"2026-02-02T13:14:27","slug":"nike-zoom-air-fire-trainers-white-black","status":"publish","type":"product","link":"https:\/\/nextsnkr.com\/lv\/product\/nike-zoom-air-fire-trainers-white-black\/","title":{"rendered":"Nike Zoom Air Fire Trainers White \/ Black \u010d\u012bbas-\u0101das un tekstila \u010d\u012bbas"},"content":{"rendered":"<h2>Nike Zoom Air Fire Trainers White \/ Black \u010d\u012bbas-\u0101das un tekstila \u010d\u012bbas<\/h2>\n<p>&nbsp;<\/p>\n<p>Nike Zoom Air Fire Trainers White \/ Black \u010d\u012bbas apvieno modernu dizainu un komfortu ikdienas valk\u0101\u0161anai. \u0100das un tekstilizstr\u0101d\u0101jumu aug\u0161da\u013ca nodro\u0161ina iztur\u012bbu, ventil\u0101ciju un \u0113rtu piegul\u0161anu, savuk\u0101rt Zoom Air triecienu absorb\u0113jo\u0161\u0101 zole nodro\u0161ina maigumu un atbalstu, ejot vai tren\u0113joties. Balt\u0101 un meln\u0101 kontrast\u0113jo\u0161\u0101 kombin\u0101cija padara modeli daudzpus\u012bgu un stil\u012bgu jebkuram izskatam. Nike Zoom Air Fire Trainers ir uzticama izv\u0113le akt\u012bvai un stil\u012bgai pils\u0113tas dz\u012bvei.<\/p>\n","protected":false},"excerpt":{"rendered":"<p>Nike Zoom Air Fire Trainers White \/ Black \u010d\u012bbas apvieno modernu dizainu un komfortu ikdienas valk\u0101\u0161anai. \u0100das un tekstilizstr\u0101d\u0101jumu aug\u0161da\u013ca nodro\u0161ina iztur\u012bbu, ventil\u0101ciju un \u0113rtu piegul\u0161anu, savuk\u0101rt Zoom Air triecienu absorb\u0113jo\u0161\u0101 zole nodro\u0161ina maigumu un atbalstu, ejot vai tren\u0113joties. Balt\u0101 un meln\u0101 kontrast\u0113jo\u0161\u0101 kombin\u0101cija padara modeli daudzpus\u012bgu un stil\u012bgu jebkuram izskatam. Nike Zoom Air Fire Trainers ir uzticama izv\u0113le akt\u012bvai un stil\u012bgai pils\u0113tas dz\u012bvei.<\/p>\n","protected":false},"featured_media":853351,"comment_status":"open","ping_status":"open","template":"","meta":[],"product_brand":[],"product_cat":[3251,3252],"product_tag":[],"class_list":{"0":"post-853350","1":"product","2":"type-product","3":"status-publish","4":"has-post-thumbnail","6":"product_cat-all-product","7":"product_cat-krosivky","8":"pa_rozmir-910","9":"pa_rozmir-912","10":"pa_rozmir-914","11":"pa_rozmir-915","12":"pa_rozmir-916","13":"pa_rozmir-917","14":"pa_rozmir-918","15":"pa_rozmir-919","16":"pa_rozmir-920","17":"pa_rozmir-921","18":"pa_rozmir-922","20":"first","21":"instock","22":"purchasable","23":"product-type-variable"},"_links":{"self":[{"href":"https:\/\/nextsnkr.com\/lv\/wp-json\/wp\/v2\/product\/853350","targetHints":{"allow":["GET"]}}],"collection":[{"href":"https:\/\/nextsnkr.com\/lv\/wp-json\/wp\/v2\/product"}],"about":[{"href":"https:\/\/nextsnkr.com\/lv\/wp-json\/wp\/v2\/types\/product"}],"replies":[{"embeddable":true,"href":"https:\/\/nextsnkr.com\/lv\/wp-json\/wp\/v2\/comments?post=853350"}],"version-history":[{"count":0,"href":"https:\/\/nextsnkr.com\/lv\/wp-json\/wp\/v2\/product\/853350\/revisions"}],"wp:featuredmedia":[{"embeddable":true,"href":"https:\/\/nextsnkr.com\/lv\/wp-json\/wp\/v2\/media\/853351"}],"wp:attachment":[{"href":"https:\/\/nextsnkr.com\/lv\/wp-json\/wp\/v2\/media?parent=853350"}],"wp:term":[{"taxonomy":"product_brand","embeddable":true,"href":"https:\/\/nextsnkr.com\/lv\/wp-json\/wp\/v2\/product_brand?post=853350"},{"taxonomy":"product_cat","embeddable":true,"href":"https:\/\/nextsnkr.com\/lv\/wp-json\/wp\/v2\/product_cat?post=853350"},{"taxonomy":"product_tag","embeddable":true,"href":"https:\/\/nextsnkr.com\/lv\/wp-json\/wp\/v2\/product_tag?post=853350"}],"curies":[{"name":"wp","href":"https:\/\/api.w.org\/{rel}","templated":true}]}}