{"id":853010,"date":"2025-06-11T23:03:44","date_gmt":"2025-06-11T20:03:44","guid":{"rendered":"https:\/\/nextsnkr.com\/product\/nike-pro-black-white\/"},"modified":"2026-02-02T16:14:19","modified_gmt":"2026-02-02T13:14:19","slug":"nike-pro-black-white","status":"publish","type":"product","link":"https:\/\/nextsnkr.com\/lv\/product\/nike-pro-black-white\/","title":{"rendered":"Nike Pro Black \/ White \u010d\u012bbas &#8211; stil\u012bgas v\u012brie\u0161u \u0101das un tekstila \u010d\u012bbas"},"content":{"rendered":"<h2>Nike Pro Black \/ White \u010d\u012bbas &#8211; stil\u012bgas v\u012brie\u0161u \u0101das un tekstila \u010d\u012bbas<\/h2>\n<p>&nbsp;<\/p>\n<p>Nike Pro Black \/ White \u010d\u012bbas apvieno izcilu komfortu un stil\u012bgu klasisko dizainu. \u0100das un tekstilizstr\u0101d\u0101jumu aug\u0161da\u013ca nodro\u0161ina iztur\u012bbu, ventil\u0101ciju un \u0113rtu piegul\u0161anu, savuk\u0101rt triecienu absorb\u0113jo\u0161\u0101 zole nodro\u0161ina maigumu kust\u012bbas laik\u0101. Meln\u0101 un balt\u0101 kontrast\u0113jo\u0161\u0101 kombin\u0101cija padara modeli daudzpus\u012bgu ikdienas valk\u0101\u0161anai un akt\u012bvam dz\u012bvesveidam. Nike Pro Black \/ White ir uzticama izv\u0113le stilam, komfortam un kvalit\u0101tei.<\/p>\n","protected":false},"excerpt":{"rendered":"<p>Nike Pro Black \/ White \u010d\u012bbas apvieno izcilu komfortu un stil\u012bgu klasisko dizainu. \u0100das un tekstilizstr\u0101d\u0101jumu aug\u0161da\u013ca nodro\u0161ina iztur\u012bbu, ventil\u0101ciju un \u0113rtu piegul\u0161anu, savuk\u0101rt triecienu absorb\u0113jo\u0161\u0101 zole nodro\u0161ina maigumu kust\u012bbas laik\u0101. Meln\u0101 un balt\u0101 kontrast\u0113jo\u0161\u0101 kombin\u0101cija padara modeli daudzpus\u012bgu ikdienas valk\u0101\u0161anai un akt\u012bvam dz\u012bvesveidam. Nike Pro Black \/ White ir uzticama izv\u0113le stilam, komfortam un kvalit\u0101tei.<\/p>\n","protected":false},"featured_media":853011,"comment_status":"open","ping_status":"open","template":"","meta":[],"product_brand":[],"product_cat":[3251,3252],"product_tag":[],"class_list":{"0":"post-853010","1":"product","2":"type-product","3":"status-publish","4":"has-post-thumbnail","6":"product_cat-all-product","7":"product_cat-krosivky","8":"pa_rozmir-910","9":"pa_rozmir-912","10":"pa_rozmir-914","11":"pa_rozmir-915","12":"pa_rozmir-916","13":"pa_rozmir-917","14":"pa_rozmir-918","15":"pa_rozmir-919","16":"pa_rozmir-920","17":"pa_rozmir-921","18":"pa_rozmir-922","20":"first","21":"instock","22":"purchasable","23":"product-type-variable"},"_links":{"self":[{"href":"https:\/\/nextsnkr.com\/lv\/wp-json\/wp\/v2\/product\/853010","targetHints":{"allow":["GET"]}}],"collection":[{"href":"https:\/\/nextsnkr.com\/lv\/wp-json\/wp\/v2\/product"}],"about":[{"href":"https:\/\/nextsnkr.com\/lv\/wp-json\/wp\/v2\/types\/product"}],"replies":[{"embeddable":true,"href":"https:\/\/nextsnkr.com\/lv\/wp-json\/wp\/v2\/comments?post=853010"}],"version-history":[{"count":0,"href":"https:\/\/nextsnkr.com\/lv\/wp-json\/wp\/v2\/product\/853010\/revisions"}],"wp:featuredmedia":[{"embeddable":true,"href":"https:\/\/nextsnkr.com\/lv\/wp-json\/wp\/v2\/media\/853011"}],"wp:attachment":[{"href":"https:\/\/nextsnkr.com\/lv\/wp-json\/wp\/v2\/media?parent=853010"}],"wp:term":[{"taxonomy":"product_brand","embeddable":true,"href":"https:\/\/nextsnkr.com\/lv\/wp-json\/wp\/v2\/product_brand?post=853010"},{"taxonomy":"product_cat","embeddable":true,"href":"https:\/\/nextsnkr.com\/lv\/wp-json\/wp\/v2\/product_cat?post=853010"},{"taxonomy":"product_tag","embeddable":true,"href":"https:\/\/nextsnkr.com\/lv\/wp-json\/wp\/v2\/product_tag?post=853010"}],"curies":[{"name":"wp","href":"https:\/\/api.w.org\/{rel}","templated":true}]}}