{"id":852500,"date":"2025-06-11T23:05:11","date_gmt":"2025-06-11T20:05:11","guid":{"rendered":"https:\/\/nextsnkr.com\/product\/nike-pro-black\/"},"modified":"2026-02-02T16:13:55","modified_gmt":"2026-02-02T13:13:55","slug":"nike-pro-black","status":"publish","type":"product","link":"https:\/\/nextsnkr.com\/lv\/product\/nike-pro-black\/","title":{"rendered":"Nike Pro Black \u010d\u012bbas &#8211; \u0101das un tekstila melnas \u010d\u012bbas"},"content":{"rendered":"<h2>Nike Pro Black \u010d\u012bbas &#8211; \u0101das un tekstila melnas \u010d\u012bbas<\/h2>\n<p>&nbsp;<\/p>\n<p>Nike Pro Black \u010d\u012bbas apvieno stil\u012bgu dizainu un komfortu ikdienas valk\u0101\u0161anai. \u0100das un tekstilizstr\u0101d\u0101jumu aug\u0161da\u013ca nodro\u0161ina iztur\u012bbu un \u0113rtu piegul\u0161anu, savuk\u0101rt viegl\u0101 zole garant\u0113 maigumu un atbalstu, ejot vai tren\u0113joties. Meln\u0101 klasisk\u0101 kr\u0101sa padara modeli daudzpus\u012bgu un viegli savienojamu ar jebkuru stilu. Nike Pro Black ir ide\u0101la izv\u0113le akt\u012bvai dz\u012bvei un sportiskam stilam.<\/p>\n","protected":false},"excerpt":{"rendered":"<p>Nike Pro Black \u010d\u012bbas apvieno stil\u012bgu dizainu un komfortu ikdienas valk\u0101\u0161anai. \u0100das un tekstilizstr\u0101d\u0101jumu aug\u0161da\u013ca nodro\u0161ina iztur\u012bbu un \u0113rtu piegul\u0161anu, savuk\u0101rt viegl\u0101 zole garant\u0113 maigumu un atbalstu, ejot vai tren\u0113joties. Meln\u0101 klasisk\u0101 kr\u0101sa padara modeli daudzpus\u012bgu un viegli savienojamu ar jebkuru stilu. Nike Pro Black ir ide\u0101la izv\u0113le akt\u012bvai dz\u012bvei un sportiskam stilam.<\/p>\n","protected":false},"featured_media":852501,"comment_status":"open","ping_status":"open","template":"","meta":[],"product_brand":[],"product_cat":[3251,3252],"product_tag":[],"class_list":{"0":"post-852500","1":"product","2":"type-product","3":"status-publish","4":"has-post-thumbnail","6":"product_cat-all-product","7":"product_cat-krosivky","8":"pa_rozmir-910","9":"pa_rozmir-912","10":"pa_rozmir-914","11":"pa_rozmir-915","12":"pa_rozmir-916","13":"pa_rozmir-917","14":"pa_rozmir-918","15":"pa_rozmir-919","16":"pa_rozmir-920","17":"pa_rozmir-921","18":"pa_rozmir-922","20":"first","21":"instock","22":"purchasable","23":"product-type-variable"},"_links":{"self":[{"href":"https:\/\/nextsnkr.com\/lv\/wp-json\/wp\/v2\/product\/852500","targetHints":{"allow":["GET"]}}],"collection":[{"href":"https:\/\/nextsnkr.com\/lv\/wp-json\/wp\/v2\/product"}],"about":[{"href":"https:\/\/nextsnkr.com\/lv\/wp-json\/wp\/v2\/types\/product"}],"replies":[{"embeddable":true,"href":"https:\/\/nextsnkr.com\/lv\/wp-json\/wp\/v2\/comments?post=852500"}],"version-history":[{"count":0,"href":"https:\/\/nextsnkr.com\/lv\/wp-json\/wp\/v2\/product\/852500\/revisions"}],"wp:featuredmedia":[{"embeddable":true,"href":"https:\/\/nextsnkr.com\/lv\/wp-json\/wp\/v2\/media\/852501"}],"wp:attachment":[{"href":"https:\/\/nextsnkr.com\/lv\/wp-json\/wp\/v2\/media?parent=852500"}],"wp:term":[{"taxonomy":"product_brand","embeddable":true,"href":"https:\/\/nextsnkr.com\/lv\/wp-json\/wp\/v2\/product_brand?post=852500"},{"taxonomy":"product_cat","embeddable":true,"href":"https:\/\/nextsnkr.com\/lv\/wp-json\/wp\/v2\/product_cat?post=852500"},{"taxonomy":"product_tag","embeddable":true,"href":"https:\/\/nextsnkr.com\/lv\/wp-json\/wp\/v2\/product_tag?post=852500"}],"curies":[{"name":"wp","href":"https:\/\/api.w.org\/{rel}","templated":true}]}}