{"id":852330,"date":"2025-06-11T23:05:56","date_gmt":"2025-06-11T20:05:56","guid":{"rendered":"https:\/\/nextsnkr.com\/product\/air-max-terrascape-plus-white\/"},"modified":"2026-02-02T16:13:51","modified_gmt":"2026-02-02T13:13:51","slug":"air-max-terrascape-plus-white","status":"publish","type":"product","link":"https:\/\/nextsnkr.com\/lv\/product\/air-max-terrascape-plus-white\/","title":{"rendered":"Air Max Terrascape Plus White \u010d\u012bbas &#8211; Nike tekstila balt\u0101s kedas"},"content":{"rendered":"<h2>Air Max Terrascape Plus White \u010d\u012bbas &#8211; Nike tekstila balt\u0101s kedas<\/h2>\n<p>&nbsp;<\/p>\n<p>Air Max terrascape Plus White \u010d\u012bbas apvieno modernu dizainu un komfortu ikdienas valk\u0101\u0161anai. Elpojo\u0161a tekstila aug\u0161da\u013ca nodro\u0161ina ventil\u0101ciju un \u0113rtu piegul\u0161anu, savuk\u0101rt Zole Ar Air Max tehnolo\u0123iju nodro\u0161ina maigumu un amortiz\u0101ciju, ejot vai skrienot. Balt\u0101 kr\u0101sa padara modeli daudzpus\u012bgu un viegli apvienojamu ar jebkuru stilu. Air Max Terrascape Plus White ir ide\u0101la izv\u0113le akt\u012bvai un stil\u012bgai dz\u012bvei.<\/p>\n","protected":false},"excerpt":{"rendered":"<p>Air Max terrascape Plus White \u010d\u012bbas apvieno modernu dizainu un komfortu ikdienas valk\u0101\u0161anai. Elpojo\u0161a tekstila aug\u0161da\u013ca nodro\u0161ina ventil\u0101ciju un \u0113rtu piegul\u0161anu, savuk\u0101rt Zole Ar Air Max tehnolo\u0123iju nodro\u0161ina maigumu un amortiz\u0101ciju, ejot vai skrienot. Balt\u0101 kr\u0101sa padara modeli daudzpus\u012bgu un viegli apvienojamu ar jebkuru stilu. Air Max Terrascape Plus White ir ide\u0101la izv\u0113le akt\u012bvai un stil\u012bgai dz\u012bvei.<\/p>\n","protected":false},"featured_media":852331,"comment_status":"open","ping_status":"open","template":"","meta":[],"product_brand":[],"product_cat":[3251,3252],"product_tag":[],"class_list":{"0":"post-852330","1":"product","2":"type-product","3":"status-publish","4":"has-post-thumbnail","6":"product_cat-all-product","7":"product_cat-krosivky","8":"pa_rozmir-910","9":"pa_rozmir-912","10":"pa_rozmir-914","11":"pa_rozmir-915","12":"pa_rozmir-916","13":"pa_rozmir-917","14":"pa_rozmir-918","15":"pa_rozmir-919","16":"pa_rozmir-920","17":"pa_rozmir-921","18":"pa_rozmir-922","20":"first","21":"onbackorder","22":"purchasable","23":"product-type-variable"},"_links":{"self":[{"href":"https:\/\/nextsnkr.com\/lv\/wp-json\/wp\/v2\/product\/852330","targetHints":{"allow":["GET"]}}],"collection":[{"href":"https:\/\/nextsnkr.com\/lv\/wp-json\/wp\/v2\/product"}],"about":[{"href":"https:\/\/nextsnkr.com\/lv\/wp-json\/wp\/v2\/types\/product"}],"replies":[{"embeddable":true,"href":"https:\/\/nextsnkr.com\/lv\/wp-json\/wp\/v2\/comments?post=852330"}],"version-history":[{"count":0,"href":"https:\/\/nextsnkr.com\/lv\/wp-json\/wp\/v2\/product\/852330\/revisions"}],"wp:featuredmedia":[{"embeddable":true,"href":"https:\/\/nextsnkr.com\/lv\/wp-json\/wp\/v2\/media\/852331"}],"wp:attachment":[{"href":"https:\/\/nextsnkr.com\/lv\/wp-json\/wp\/v2\/media?parent=852330"}],"wp:term":[{"taxonomy":"product_brand","embeddable":true,"href":"https:\/\/nextsnkr.com\/lv\/wp-json\/wp\/v2\/product_brand?post=852330"},{"taxonomy":"product_cat","embeddable":true,"href":"https:\/\/nextsnkr.com\/lv\/wp-json\/wp\/v2\/product_cat?post=852330"},{"taxonomy":"product_tag","embeddable":true,"href":"https:\/\/nextsnkr.com\/lv\/wp-json\/wp\/v2\/product_tag?post=852330"}],"curies":[{"name":"wp","href":"https:\/\/api.w.org\/{rel}","templated":true}]}}