{"id":847739,"date":"2025-06-11T23:26:13","date_gmt":"2025-06-11T20:26:13","guid":{"rendered":"https:\/\/nextsnkr.com\/product\/veja-campo-cromefree\/"},"modified":"2026-02-02T16:11:07","modified_gmt":"2026-02-02T13:11:07","slug":"veja-campo-cromefree","status":"publish","type":"product","link":"https:\/\/nextsnkr.com\/lv\/product\/veja-campo-cromefree\/","title":{"rendered":"No Brand Boots black Fur z\u0101baki no \u012bstas \u0101das un ka\u017eok\u0101das"},"content":{"rendered":"<h2>No Brand Boots black Fur z\u0101baki no \u012bstas \u0101das un ka\u017eok\u0101das<\/h2>\n<p>&nbsp;<\/p>\n<p>No Brand Boots Black Fur z\u0101baki ir izgatavoti no kvalitat\u012bvas \u012bstas \u0101das un apr\u012bkoti ar siltu ka\u017eok\u0101du, kas nodro\u0161ina maksim\u0101lu komfortu aukstaj\u0101 sezon\u0101. Klasisk\u0101 meln\u0101 kr\u0101sa padara modeli daudzpus\u012bgu un viegli savienojamu ar jebkuru ziemas dr\u0113bju skapi. Ar iztur\u012bgiem materi\u0101liem un \u0113rtu piem\u0113rot\u012bbu \u0161ie z\u0101baki ir piem\u0113roti ikdienas valk\u0101\u0161anai. Izv\u0113lieties No Brand Boots Black Fur-siltums, stils un uzticam\u012bba katr\u0101 sol\u012b.<\/p>\n","protected":false},"excerpt":{"rendered":"<p>No Brand Boots Black Fur z\u0101baki ir izgatavoti no kvalitat\u012bvas \u012bstas \u0101das un apr\u012bkoti ar siltu ka\u017eok\u0101du, kas nodro\u0161ina maksim\u0101lu komfortu aukstaj\u0101 sezon\u0101. Klasisk\u0101 meln\u0101 kr\u0101sa padara modeli daudzpus\u012bgu un viegli savienojamu ar jebkuru ziemas dr\u0113bju skapi. Ar iztur\u012bgiem materi\u0101liem un \u0113rtu piem\u0113rot\u012bbu \u0161ie z\u0101baki ir piem\u0113roti ikdienas valk\u0101\u0161anai. Izv\u0113lieties No Brand Boots Black Fur-siltums, stils un uzticam\u012bba katr\u0101 sol\u012b.<\/p>\n","protected":false},"featured_media":847740,"comment_status":"open","ping_status":"open","template":"","meta":[],"product_brand":[],"product_cat":[3251,3322],"product_tag":[],"class_list":{"0":"post-847739","1":"product","2":"type-product","3":"status-publish","4":"has-post-thumbnail","6":"product_cat-all-product","7":"product_cat-kedy","8":"pa_rozmir-910","9":"pa_rozmir-912","10":"pa_rozmir-914","11":"pa_rozmir-915","12":"pa_rozmir-916","13":"pa_rozmir-917","14":"pa_rozmir-918","15":"pa_rozmir-919","16":"pa_rozmir-920","17":"pa_rozmir-921","18":"pa_rozmir-922","20":"first","21":"onbackorder","22":"purchasable","23":"product-type-variable"},"_links":{"self":[{"href":"https:\/\/nextsnkr.com\/lv\/wp-json\/wp\/v2\/product\/847739","targetHints":{"allow":["GET"]}}],"collection":[{"href":"https:\/\/nextsnkr.com\/lv\/wp-json\/wp\/v2\/product"}],"about":[{"href":"https:\/\/nextsnkr.com\/lv\/wp-json\/wp\/v2\/types\/product"}],"replies":[{"embeddable":true,"href":"https:\/\/nextsnkr.com\/lv\/wp-json\/wp\/v2\/comments?post=847739"}],"version-history":[{"count":0,"href":"https:\/\/nextsnkr.com\/lv\/wp-json\/wp\/v2\/product\/847739\/revisions"}],"wp:featuredmedia":[{"embeddable":true,"href":"https:\/\/nextsnkr.com\/lv\/wp-json\/wp\/v2\/media\/847740"}],"wp:attachment":[{"href":"https:\/\/nextsnkr.com\/lv\/wp-json\/wp\/v2\/media?parent=847739"}],"wp:term":[{"taxonomy":"product_brand","embeddable":true,"href":"https:\/\/nextsnkr.com\/lv\/wp-json\/wp\/v2\/product_brand?post=847739"},{"taxonomy":"product_cat","embeddable":true,"href":"https:\/\/nextsnkr.com\/lv\/wp-json\/wp\/v2\/product_cat?post=847739"},{"taxonomy":"product_tag","embeddable":true,"href":"https:\/\/nextsnkr.com\/lv\/wp-json\/wp\/v2\/product_tag?post=847739"}],"curies":[{"name":"wp","href":"https:\/\/api.w.org\/{rel}","templated":true}]}}