{"id":847569,"date":"2025-06-11T23:26:13","date_gmt":"2025-06-11T20:26:13","guid":{"rendered":"https:\/\/nextsnkr.com\/product\/no-brand-boots-black-fur\/"},"modified":"2026-02-02T16:11:02","modified_gmt":"2026-02-02T13:11:02","slug":"no-brand-boots-black-fur","status":"publish","type":"product","link":"https:\/\/nextsnkr.com\/lv\/product\/no-brand-boots-black-fur\/","title":{"rendered":"Sporta apavi Fendi Sneakers Black \/ White-\u0101da un zam\u0161\u0101da, stilu, premium"},"content":{"rendered":"<h2>Sporta apavi Fendi Sneakers Black \/ White-\u0101da un zam\u0161\u0101da, stilu, premium<\/h2>\n<p>&nbsp;<\/p>\n<p>Fendi Sneakers Black \/ White \u010d\u012bbas ir izgatavotas no \u012bstas \u0101das un zam\u0161\u0101das kombin\u0101cijas, kas nodro\u0161ina augstu iztur\u012bbu, komfortu un izcilu kvalit\u0101ti. Kontrast\u0113jo\u0161ais melnbaltais dizains pie\u0161\u0137ir m\u016bsdien\u012bgu izskatu un ir viegli savienojams ar pils\u0113tas ap\u0123\u0113rbu. Modelis ir paredz\u0113ts ikdienas valk\u0101\u0161anai, nodro\u0161ina \u0113rt\u012bbas visas dienas garum\u0101 un izce\u013c Fendi z\u012bmola statusu. Izv\u0113lieties \u0161\u012bs kedas-stilu, uzticam\u012bbu un komfortu katr\u0101 sol\u012b.<\/p>\n","protected":false},"excerpt":{"rendered":"<p>Fendi Sneakers Black \/ White \u010d\u012bbas ir izgatavotas no \u012bstas \u0101das un zam\u0161\u0101das kombin\u0101cijas, kas nodro\u0161ina augstu iztur\u012bbu, komfortu un izcilu kvalit\u0101ti. Kontrast\u0113jo\u0161ais melnbaltais dizains pie\u0161\u0137ir m\u016bsdien\u012bgu izskatu un ir viegli savienojams ar pils\u0113tas ap\u0123\u0113rbu. Modelis ir paredz\u0113ts ikdienas valk\u0101\u0161anai, nodro\u0161ina \u0113rt\u012bbas visas dienas garum\u0101 un izce\u013c Fendi z\u012bmola statusu. Izv\u0113lieties \u0161\u012bs kedas-stilu, uzticam\u012bbu un komfortu katr\u0101 sol\u012b.<\/p>\n","protected":false},"featured_media":847570,"comment_status":"open","ping_status":"open","template":"","meta":[],"product_brand":[],"product_cat":[3251,3335],"product_tag":[],"class_list":{"0":"post-847569","1":"product","2":"type-product","3":"status-publish","4":"has-post-thumbnail","6":"product_cat-all-product","7":"product_cat-cherevyky","8":"pa_rozmir-910","9":"pa_rozmir-912","10":"pa_rozmir-914","11":"pa_rozmir-915","12":"pa_rozmir-916","13":"pa_rozmir-917","14":"pa_rozmir-918","15":"pa_rozmir-919","16":"pa_rozmir-920","17":"pa_rozmir-921","18":"pa_rozmir-922","20":"first","21":"onbackorder","22":"purchasable","23":"product-type-variable"},"_links":{"self":[{"href":"https:\/\/nextsnkr.com\/lv\/wp-json\/wp\/v2\/product\/847569","targetHints":{"allow":["GET"]}}],"collection":[{"href":"https:\/\/nextsnkr.com\/lv\/wp-json\/wp\/v2\/product"}],"about":[{"href":"https:\/\/nextsnkr.com\/lv\/wp-json\/wp\/v2\/types\/product"}],"replies":[{"embeddable":true,"href":"https:\/\/nextsnkr.com\/lv\/wp-json\/wp\/v2\/comments?post=847569"}],"version-history":[{"count":0,"href":"https:\/\/nextsnkr.com\/lv\/wp-json\/wp\/v2\/product\/847569\/revisions"}],"wp:featuredmedia":[{"embeddable":true,"href":"https:\/\/nextsnkr.com\/lv\/wp-json\/wp\/v2\/media\/847570"}],"wp:attachment":[{"href":"https:\/\/nextsnkr.com\/lv\/wp-json\/wp\/v2\/media?parent=847569"}],"wp:term":[{"taxonomy":"product_brand","embeddable":true,"href":"https:\/\/nextsnkr.com\/lv\/wp-json\/wp\/v2\/product_brand?post=847569"},{"taxonomy":"product_cat","embeddable":true,"href":"https:\/\/nextsnkr.com\/lv\/wp-json\/wp\/v2\/product_cat?post=847569"},{"taxonomy":"product_tag","embeddable":true,"href":"https:\/\/nextsnkr.com\/lv\/wp-json\/wp\/v2\/product_tag?post=847569"}],"curies":[{"name":"wp","href":"https:\/\/api.w.org\/{rel}","templated":true}]}}