{"id":847060,"date":"2025-06-11T23:27:33","date_gmt":"2025-06-11T20:27:33","guid":{"rendered":"https:\/\/nextsnkr.com\/product\/mcm-white-black\/"},"modified":"2026-02-02T16:10:38","modified_gmt":"2026-02-02T13:10:38","slug":"mcm-white-black","status":"publish","type":"product","link":"https:\/\/nextsnkr.com\/lv\/product\/mcm-white-black\/","title":{"rendered":"Off-White Odsy \u010d\u012bbas-augst\u0101k\u0101s kvalit\u0101tes \u0101das \u010d\u012bbas pils\u0113tai"},"content":{"rendered":"<h2>Off-White Odsy \u010d\u012bbas-augst\u0101k\u0101s kvalit\u0101tes \u0101das \u010d\u012bbas pils\u0113tai<\/h2>\n<p>&nbsp;<\/p>\n<p>Off-White Odsy \u010d\u012bbas ir izgatavotas no augstas kvalit\u0101tes \u012astas \u0101das, kas nodro\u0161ina iztur\u012bbu, komfortu un stil\u012bgu izskatu. Z\u012bmola rakstur\u012bgais dizains Off-White pie\u0161\u0137ir att\u0113lam atbilst\u012bbu un izteiksm\u012bgumu, padarot modeli ide\u0101li piem\u0113rotu pils\u0113tas ritmam. Ar \u0113rtu zoli un uzticamiem materi\u0101liem \u010d\u012bbas ir piem\u0113rotas ikdienas valk\u0101\u0161anai. Izv\u0113lieties Off-White Odsy-modernu stilu, izcilu kvalit\u0101ti un maksim\u0101lu \u0113rt\u012bbu katr\u0101 sol\u012b.<\/p>\n","protected":false},"excerpt":{"rendered":"<p>Off-White Odsy \u010d\u012bbas ir izgatavotas no augstas kvalit\u0101tes \u012astas \u0101das, kas nodro\u0161ina iztur\u012bbu, komfortu un stil\u012bgu izskatu. Z\u012bmola rakstur\u012bgais dizains Off-White pie\u0161\u0137ir att\u0113lam atbilst\u012bbu un izteiksm\u012bgumu, padarot modeli ide\u0101li piem\u0113rotu pils\u0113tas ritmam. Ar \u0113rtu zoli un uzticamiem materi\u0101liem \u010d\u012bbas ir piem\u0113rotas ikdienas valk\u0101\u0161anai. Izv\u0113lieties Off-White Odsy-modernu stilu, izcilu kvalit\u0101ti un maksim\u0101lu \u0113rt\u012bbu katr\u0101 sol\u012b.<\/p>\n","protected":false},"featured_media":847061,"comment_status":"open","ping_status":"open","template":"","meta":[],"product_brand":[],"product_cat":[3251,3252],"product_tag":[],"class_list":{"0":"post-847060","1":"product","2":"type-product","3":"status-publish","4":"has-post-thumbnail","6":"product_cat-all-product","7":"product_cat-krosivky","8":"pa_rozmir-910","9":"pa_rozmir-912","10":"pa_rozmir-914","11":"pa_rozmir-915","12":"pa_rozmir-916","13":"pa_rozmir-917","14":"pa_rozmir-918","15":"pa_rozmir-919","16":"pa_rozmir-920","17":"pa_rozmir-921","18":"pa_rozmir-922","20":"first","21":"onbackorder","22":"purchasable","23":"product-type-variable"},"_links":{"self":[{"href":"https:\/\/nextsnkr.com\/lv\/wp-json\/wp\/v2\/product\/847060","targetHints":{"allow":["GET"]}}],"collection":[{"href":"https:\/\/nextsnkr.com\/lv\/wp-json\/wp\/v2\/product"}],"about":[{"href":"https:\/\/nextsnkr.com\/lv\/wp-json\/wp\/v2\/types\/product"}],"replies":[{"embeddable":true,"href":"https:\/\/nextsnkr.com\/lv\/wp-json\/wp\/v2\/comments?post=847060"}],"version-history":[{"count":0,"href":"https:\/\/nextsnkr.com\/lv\/wp-json\/wp\/v2\/product\/847060\/revisions"}],"wp:featuredmedia":[{"embeddable":true,"href":"https:\/\/nextsnkr.com\/lv\/wp-json\/wp\/v2\/media\/847061"}],"wp:attachment":[{"href":"https:\/\/nextsnkr.com\/lv\/wp-json\/wp\/v2\/media?parent=847060"}],"wp:term":[{"taxonomy":"product_brand","embeddable":true,"href":"https:\/\/nextsnkr.com\/lv\/wp-json\/wp\/v2\/product_brand?post=847060"},{"taxonomy":"product_cat","embeddable":true,"href":"https:\/\/nextsnkr.com\/lv\/wp-json\/wp\/v2\/product_cat?post=847060"},{"taxonomy":"product_tag","embeddable":true,"href":"https:\/\/nextsnkr.com\/lv\/wp-json\/wp\/v2\/product_tag?post=847060"}],"curies":[{"name":"wp","href":"https:\/\/api.w.org\/{rel}","templated":true}]}}