{"id":846720,"date":"2025-06-11T23:28:54","date_gmt":"2025-06-11T20:28:54","guid":{"rendered":"https:\/\/nextsnkr.com\/product\/yeezy-700-black-all-reflective\/"},"modified":"2026-02-02T16:10:29","modified_gmt":"2026-02-02T13:10:29","slug":"yeezy-700-black-all-reflective","status":"publish","type":"product","link":"https:\/\/nextsnkr.com\/lv\/product\/yeezy-700-black-all-reflective\/","title":{"rendered":"Yeezy 700 Black All Reflective \u010d\u012bbas-stils un komforts katru dienu"},"content":{"rendered":"<h2>Yeezy 700 Black All Reflective \u010d\u012bbas-stils un komforts katru dienu<\/h2>\n<p>&nbsp;<\/p>\n<p>Yeezy 700 Black &#8220;All Reflective&#8221; \u010d\u012bbas ir augst\u0101k\u0101s kvalit\u0101tes apavi, kas izgatavoti no uzticamiem materi\u0101liem, kas paredz\u0113ti stila, komforta un iztur\u012bbas apvieno\u0161anai. Atstarojo\u0161ie elementi nodro\u0161ina iespaid\u012bgu izskatu tums\u0101, un mas\u012bv\u0101 zole garant\u0113 stabilit\u0101ti un amortiz\u0101ciju. \u0160\u012bs \u010d\u012bbas, kas ra\u017eotas Vjetnam\u0101, ir piem\u0113rotas pils\u0113tas pastaig\u0101m, ikdienas valk\u0101\u0161anai un akt\u012bvam dz\u012bves ritmam. Izv\u0113lieties Yeezy 700 &#8211; kad ir svar\u012bga kvalit\u0101te un tenden\u010du dizains.<\/p>\n","protected":false},"excerpt":{"rendered":"<p>Yeezy 700 Black &#8220;All Reflective&#8221; \u010d\u012bbas ir augst\u0101k\u0101s kvalit\u0101tes apavi, kas izgatavoti no uzticamiem materi\u0101liem, kas paredz\u0113ti stila, komforta un iztur\u012bbas apvieno\u0161anai. Atstarojo\u0161ie elementi nodro\u0161ina iespaid\u012bgu izskatu tums\u0101, un mas\u012bv\u0101 zole garant\u0113 stabilit\u0101ti un amortiz\u0101ciju. \u0160\u012bs \u010d\u012bbas, kas ra\u017eotas Vjetnam\u0101, ir piem\u0113rotas pils\u0113tas pastaig\u0101m, ikdienas valk\u0101\u0161anai un akt\u012bvam dz\u012bves ritmam. Izv\u0113lieties Yeezy 700 &#8211; kad ir svar\u012bga kvalit\u0101te un tenden\u010du dizains.<\/p>\n","protected":false},"featured_media":846721,"comment_status":"open","ping_status":"open","template":"","meta":[],"product_brand":[],"product_cat":[3400,3251,3252],"product_tag":[],"class_list":{"0":"post-846720","1":"product","2":"type-product","3":"status-publish","4":"has-post-thumbnail","6":"product_cat-adidas-yeezy","7":"product_cat-all-product","8":"product_cat-krosivky","9":"pa_rozmir-910","10":"pa_rozmir-912","11":"pa_rozmir-914","12":"pa_rozmir-915","13":"pa_rozmir-916","14":"pa_rozmir-917","15":"pa_rozmir-918","16":"pa_rozmir-919","17":"pa_rozmir-920","18":"pa_rozmir-921","19":"pa_rozmir-922","21":"first","22":"onbackorder","23":"purchasable","24":"product-type-variable"},"_links":{"self":[{"href":"https:\/\/nextsnkr.com\/lv\/wp-json\/wp\/v2\/product\/846720","targetHints":{"allow":["GET"]}}],"collection":[{"href":"https:\/\/nextsnkr.com\/lv\/wp-json\/wp\/v2\/product"}],"about":[{"href":"https:\/\/nextsnkr.com\/lv\/wp-json\/wp\/v2\/types\/product"}],"replies":[{"embeddable":true,"href":"https:\/\/nextsnkr.com\/lv\/wp-json\/wp\/v2\/comments?post=846720"}],"version-history":[{"count":0,"href":"https:\/\/nextsnkr.com\/lv\/wp-json\/wp\/v2\/product\/846720\/revisions"}],"wp:featuredmedia":[{"embeddable":true,"href":"https:\/\/nextsnkr.com\/lv\/wp-json\/wp\/v2\/media\/846721"}],"wp:attachment":[{"href":"https:\/\/nextsnkr.com\/lv\/wp-json\/wp\/v2\/media?parent=846720"}],"wp:term":[{"taxonomy":"product_brand","embeddable":true,"href":"https:\/\/nextsnkr.com\/lv\/wp-json\/wp\/v2\/product_brand?post=846720"},{"taxonomy":"product_cat","embeddable":true,"href":"https:\/\/nextsnkr.com\/lv\/wp-json\/wp\/v2\/product_cat?post=846720"},{"taxonomy":"product_tag","embeddable":true,"href":"https:\/\/nextsnkr.com\/lv\/wp-json\/wp\/v2\/product_tag?post=846720"}],"curies":[{"name":"wp","href":"https:\/\/api.w.org\/{rel}","templated":true}]}}