{"id":846550,"date":"2025-06-11T23:28:54","date_gmt":"2025-06-11T20:28:54","guid":{"rendered":"https:\/\/nextsnkr.com\/product\/yeezy-350-static-reflective\/"},"modified":"2026-02-02T16:10:12","modified_gmt":"2026-02-02T13:10:12","slug":"yeezy-350-static-reflective","status":"publish","type":"product","link":"https:\/\/nextsnkr.com\/lv\/product\/yeezy-350-static-reflective\/","title":{"rendered":"Yeezy 350 Static Reflective \u010d\u012bbas-stil\u012bgas tekstila \u010d\u012bbas"},"content":{"rendered":"<h2>Yeezy 350 Static Reflective \u010d\u012bbas-stil\u012bgas tekstila \u010d\u012bbas<\/h2>\n<p>&nbsp;<\/p>\n<p>Yeezy 350 Static Reflective \u010d\u012bbas ir vieglas un \u0113rtas kurpes, kas izgatavotas no kvalitat\u012bviem tekstilizstr\u0101d\u0101jumiem, nodro\u0161inot lielisku ventil\u0101ciju un komfortu visas dienas garum\u0101. Ra\u017eoti Vjetnam\u0101, tie apvieno stil\u012bgu dizainu, uzticamu zoli un iespaid\u012bgus atstarojo\u0161us elementus. Ide\u0101li piem\u0113rots ikdienas valk\u0101\u0161anai un \u0101ra aktivit\u0101t\u0113m. Izv\u0113loties Yeezy 350, j\u016bs ieg\u016bstat modernu izskatu un p\u0101rbaud\u012btu kvalit\u0101ti.<\/p>\n","protected":false},"excerpt":{"rendered":"<p>Yeezy 350 Static Reflective \u010d\u012bbas ir vieglas un \u0113rtas kurpes, kas izgatavotas no kvalitat\u012bviem tekstilizstr\u0101d\u0101jumiem, nodro\u0161inot lielisku ventil\u0101ciju un komfortu visas dienas garum\u0101. Ra\u017eoti Vjetnam\u0101, tie apvieno stil\u012bgu dizainu, uzticamu zoli un iespaid\u012bgus atstarojo\u0161us elementus. Ide\u0101li piem\u0113rots ikdienas valk\u0101\u0161anai un \u0101ra aktivit\u0101t\u0113m. Izv\u0113loties Yeezy 350, j\u016bs ieg\u016bstat modernu izskatu un p\u0101rbaud\u012btu kvalit\u0101ti.<\/p>\n","protected":false},"featured_media":846551,"comment_status":"open","ping_status":"open","template":"","meta":[],"product_brand":[],"product_cat":[3400,3251,3252],"product_tag":[],"class_list":{"0":"post-846550","1":"product","2":"type-product","3":"status-publish","4":"has-post-thumbnail","6":"product_cat-adidas-yeezy","7":"product_cat-all-product","8":"product_cat-krosivky","9":"pa_rozmir-910","10":"pa_rozmir-912","11":"pa_rozmir-914","12":"pa_rozmir-915","13":"pa_rozmir-916","14":"pa_rozmir-917","15":"pa_rozmir-918","16":"pa_rozmir-919","17":"pa_rozmir-920","18":"pa_rozmir-921","19":"pa_rozmir-922","21":"first","22":"instock","23":"purchasable","24":"product-type-variable"},"_links":{"self":[{"href":"https:\/\/nextsnkr.com\/lv\/wp-json\/wp\/v2\/product\/846550","targetHints":{"allow":["GET"]}}],"collection":[{"href":"https:\/\/nextsnkr.com\/lv\/wp-json\/wp\/v2\/product"}],"about":[{"href":"https:\/\/nextsnkr.com\/lv\/wp-json\/wp\/v2\/types\/product"}],"replies":[{"embeddable":true,"href":"https:\/\/nextsnkr.com\/lv\/wp-json\/wp\/v2\/comments?post=846550"}],"version-history":[{"count":0,"href":"https:\/\/nextsnkr.com\/lv\/wp-json\/wp\/v2\/product\/846550\/revisions"}],"wp:featuredmedia":[{"embeddable":true,"href":"https:\/\/nextsnkr.com\/lv\/wp-json\/wp\/v2\/media\/846551"}],"wp:attachment":[{"href":"https:\/\/nextsnkr.com\/lv\/wp-json\/wp\/v2\/media?parent=846550"}],"wp:term":[{"taxonomy":"product_brand","embeddable":true,"href":"https:\/\/nextsnkr.com\/lv\/wp-json\/wp\/v2\/product_brand?post=846550"},{"taxonomy":"product_cat","embeddable":true,"href":"https:\/\/nextsnkr.com\/lv\/wp-json\/wp\/v2\/product_cat?post=846550"},{"taxonomy":"product_tag","embeddable":true,"href":"https:\/\/nextsnkr.com\/lv\/wp-json\/wp\/v2\/product_tag?post=846550"}],"curies":[{"name":"wp","href":"https:\/\/api.w.org\/{rel}","templated":true}]}}