{"id":845196,"date":"2025-06-12T08:37:56","date_gmt":"2025-06-12T05:37:56","guid":{"rendered":"https:\/\/nextsnkr.com\/product\/350-black-reflective\/"},"modified":"2026-02-02T16:09:26","modified_gmt":"2026-02-02T13:09:26","slug":"350-black-reflective","status":"publish","type":"product","link":"https:\/\/nextsnkr.com\/lv\/product\/350-black-reflective\/","title":{"rendered":"\u010c\u012bbas 350 Black Reflective tekstilizstr\u0101d\u0101jumi akt\u012bvam stilam"},"content":{"rendered":"<h2>\u010c\u012bbas 350 Black Reflective tekstilizstr\u0101d\u0101jumi akt\u012bvam stilam<\/h2>\n<p>&nbsp;<\/p>\n<p>Stil\u012bg\u0101s 350 Black Reflective \u010d\u012bbas ir izgatavotas no augstas kvalit\u0101tes tekstilizstr\u0101d\u0101jumiem ar pilnu atstarojo\u0161u virsmu. Ide\u0101li piem\u0113rots akt\u012bvai ikdienas lieto\u0161anai un sporta pastaig\u0101m. Viegls, \u0113rts un spilgti redzams v\u0101j\u0101 apgaismojum\u0101. Ieg\u0101d\u0101jieties augstas kvalit\u0101tes \u010d\u012bbas no uzticama ra\u017eot\u0101ja jau \u0161odien un uzsveriet savu stilu.<\/p>\n","protected":false},"excerpt":{"rendered":"<p>Stil\u012bg\u0101s 350 Black Reflective \u010d\u012bbas ir izgatavotas no augstas kvalit\u0101tes tekstilizstr\u0101d\u0101jumiem ar pilnu atstarojo\u0161u virsmu. Ide\u0101li piem\u0113rots akt\u012bvai ikdienas lieto\u0161anai un sporta pastaig\u0101m. Viegls, \u0113rts un spilgti redzams v\u0101j\u0101 apgaismojum\u0101. Ieg\u0101d\u0101jieties augstas kvalit\u0101tes \u010d\u012bbas no uzticama ra\u017eot\u0101ja jau \u0161odien un uzsveriet savu stilu.<\/p>\n","protected":false},"featured_media":845197,"comment_status":"open","ping_status":"open","template":"","meta":[],"product_brand":[],"product_cat":[3251,3252],"product_tag":[],"class_list":{"0":"post-845196","1":"product","2":"type-product","3":"status-publish","4":"has-post-thumbnail","6":"product_cat-all-product","7":"product_cat-krosivky","8":"pa_rozmir-910","9":"pa_rozmir-912","10":"pa_rozmir-914","11":"pa_rozmir-915","12":"pa_rozmir-916","13":"pa_rozmir-917","14":"pa_rozmir-918","15":"pa_rozmir-919","16":"pa_rozmir-920","17":"pa_rozmir-921","18":"pa_rozmir-922","20":"first","21":"onbackorder","22":"purchasable","23":"product-type-variable"},"_links":{"self":[{"href":"https:\/\/nextsnkr.com\/lv\/wp-json\/wp\/v2\/product\/845196","targetHints":{"allow":["GET"]}}],"collection":[{"href":"https:\/\/nextsnkr.com\/lv\/wp-json\/wp\/v2\/product"}],"about":[{"href":"https:\/\/nextsnkr.com\/lv\/wp-json\/wp\/v2\/types\/product"}],"replies":[{"embeddable":true,"href":"https:\/\/nextsnkr.com\/lv\/wp-json\/wp\/v2\/comments?post=845196"}],"version-history":[{"count":0,"href":"https:\/\/nextsnkr.com\/lv\/wp-json\/wp\/v2\/product\/845196\/revisions"}],"wp:featuredmedia":[{"embeddable":true,"href":"https:\/\/nextsnkr.com\/lv\/wp-json\/wp\/v2\/media\/845197"}],"wp:attachment":[{"href":"https:\/\/nextsnkr.com\/lv\/wp-json\/wp\/v2\/media?parent=845196"}],"wp:term":[{"taxonomy":"product_brand","embeddable":true,"href":"https:\/\/nextsnkr.com\/lv\/wp-json\/wp\/v2\/product_brand?post=845196"},{"taxonomy":"product_cat","embeddable":true,"href":"https:\/\/nextsnkr.com\/lv\/wp-json\/wp\/v2\/product_cat?post=845196"},{"taxonomy":"product_tag","embeddable":true,"href":"https:\/\/nextsnkr.com\/lv\/wp-json\/wp\/v2\/product_tag?post=845196"}],"curies":[{"name":"wp","href":"https:\/\/api.w.org\/{rel}","templated":true}]}}