{"id":842481,"date":"2025-06-12T08:46:02","date_gmt":"2025-06-12T05:46:02","guid":{"rendered":"https:\/\/nextsnkr.com\/product\/bad-bunny-x-campus-beige\/"},"modified":"2026-02-02T16:07:47","modified_gmt":"2026-02-02T13:07:47","slug":"bad-bunny-x-campus-beige","status":"publish","type":"product","link":"https:\/\/nextsnkr.com\/lv\/product\/bad-bunny-x-campus-beige\/","title":{"rendered":"Bad Bunny x Campus Beige zam\u0161\u0101das \u010d\u012bbas stil\u012bg\u0101m un \u0113rt\u0101m ze\u0137\u0113m"},"content":{"rendered":"<h2>Bad Bunny x Campus Beige zam\u0161\u0101das \u010d\u012bbas stil\u012bg\u0101m un \u0113rt\u0101m ze\u0137\u0113m<\/h2>\n<p>&nbsp;<\/p>\n<p>Bad Bunny x Campus Beige \u010d\u012bbas ir izgatavotas no augstas kvalit\u0101tes zam\u0161\u0101das Vjetnam\u0101. Viegli un \u0113rti, tie nodro\u0161ina komfortu ikdienas valk\u0101\u0161anas un \u0101ra aktivit\u0101\u0161u laik\u0101. B\u0113\u0161a kr\u0101sa pie\u0161\u0137ir j\u016bsu izskatam daudzpus\u012bbu un eleganci. Izv\u0113lieties Bad Bunny x Campus Beige \u010d\u012bbas, lai j\u016bsu dr\u0113bju skap\u012b apvienotu modernu dizainu, kvalit\u0101ti un stil\u012bgu akcentu.<\/p>\n","protected":false},"excerpt":{"rendered":"<p>Bad Bunny x Campus Beige \u010d\u012bbas ir izgatavotas no augstas kvalit\u0101tes zam\u0161\u0101das Vjetnam\u0101. Viegli un \u0113rti, tie nodro\u0161ina komfortu ikdienas valk\u0101\u0161anas un \u0101ra aktivit\u0101\u0161u laik\u0101. B\u0113\u0161a kr\u0101sa pie\u0161\u0137ir j\u016bsu izskatam daudzpus\u012bbu un eleganci. Izv\u0113lieties Bad Bunny x Campus Beige \u010d\u012bbas, lai j\u016bsu dr\u0113bju skap\u012b apvienotu modernu dizainu, kvalit\u0101ti un stil\u012bgu akcentu.<\/p>\n","protected":false},"featured_media":842482,"comment_status":"open","ping_status":"open","template":"","meta":[],"product_brand":[],"product_cat":[3251,3322],"product_tag":[],"class_list":{"0":"post-842481","1":"product","2":"type-product","3":"status-publish","4":"has-post-thumbnail","6":"product_cat-all-product","7":"product_cat-kedy","8":"pa_rozmir-910","9":"pa_rozmir-912","10":"pa_rozmir-914","11":"pa_rozmir-915","12":"pa_rozmir-916","13":"pa_rozmir-917","14":"pa_rozmir-918","15":"pa_rozmir-919","16":"pa_rozmir-920","17":"pa_rozmir-921","18":"pa_rozmir-922","20":"first","21":"onbackorder","22":"purchasable","23":"product-type-variable"},"_links":{"self":[{"href":"https:\/\/nextsnkr.com\/lv\/wp-json\/wp\/v2\/product\/842481","targetHints":{"allow":["GET"]}}],"collection":[{"href":"https:\/\/nextsnkr.com\/lv\/wp-json\/wp\/v2\/product"}],"about":[{"href":"https:\/\/nextsnkr.com\/lv\/wp-json\/wp\/v2\/types\/product"}],"replies":[{"embeddable":true,"href":"https:\/\/nextsnkr.com\/lv\/wp-json\/wp\/v2\/comments?post=842481"}],"version-history":[{"count":0,"href":"https:\/\/nextsnkr.com\/lv\/wp-json\/wp\/v2\/product\/842481\/revisions"}],"wp:featuredmedia":[{"embeddable":true,"href":"https:\/\/nextsnkr.com\/lv\/wp-json\/wp\/v2\/media\/842482"}],"wp:attachment":[{"href":"https:\/\/nextsnkr.com\/lv\/wp-json\/wp\/v2\/media?parent=842481"}],"wp:term":[{"taxonomy":"product_brand","embeddable":true,"href":"https:\/\/nextsnkr.com\/lv\/wp-json\/wp\/v2\/product_brand?post=842481"},{"taxonomy":"product_cat","embeddable":true,"href":"https:\/\/nextsnkr.com\/lv\/wp-json\/wp\/v2\/product_cat?post=842481"},{"taxonomy":"product_tag","embeddable":true,"href":"https:\/\/nextsnkr.com\/lv\/wp-json\/wp\/v2\/product_tag?post=842481"}],"curies":[{"name":"wp","href":"https:\/\/api.w.org\/{rel}","templated":true}]}}