{"id":841802,"date":"2025-06-12T08:47:44","date_gmt":"2025-06-12T05:47:44","guid":{"rendered":"https:\/\/nextsnkr.com\/product\/ad-samba-og-cardboard\/"},"modified":"2026-02-02T16:07:20","modified_gmt":"2026-02-02T13:07:20","slug":"ad-samba-og-cardboard","status":"publish","type":"product","link":"https:\/\/nextsnkr.com\/lv\/product\/ad-samba-og-cardboard\/","title":{"rendered":"Ad Samba OG Cardboard zam\u0161\u0101das tekstila \u010d\u012bbas stil\u012bgam izskatam"},"content":{"rendered":"<h2>Ad Samba OG Cardboard zam\u0161\u0101das tekstila \u010d\u012bbas stil\u012bgam izskatam<\/h2>\n<p>&nbsp;<\/p>\n<p>AD Samba OG Cardboard \u010d\u012bbas ir izgatavotas no zam\u0161\u0101das un tekstilizstr\u0101d\u0101jumu kombin\u0101cijas Vjetnam\u0101. Viegli un \u0113rti, tie nodro\u0161ina komfortu ikdienas valk\u0101\u0161anai un akt\u012bvai atp\u016btai. Daudzpus\u012bgais smil\u0161kr\u0101sas nokr\u0101sa pie\u0161\u0137ir eleganci un m\u016bsdien\u012bgu izskatu. Izv\u0113lieties ad Samba OG Cardboard \u010d\u012bbas, lai apvienotu modernu dizainu, augstu kvalit\u0101ti un praktiskumu j\u016bsu dr\u0113bju skap\u012b.<\/p>\n","protected":false},"excerpt":{"rendered":"<p>AD Samba OG Cardboard \u010d\u012bbas ir izgatavotas no zam\u0161\u0101das un tekstilizstr\u0101d\u0101jumu kombin\u0101cijas Vjetnam\u0101. Viegli un \u0113rti, tie nodro\u0161ina komfortu ikdienas valk\u0101\u0161anai un akt\u012bvai atp\u016btai. Daudzpus\u012bgais smil\u0161kr\u0101sas nokr\u0101sa pie\u0161\u0137ir eleganci un m\u016bsdien\u012bgu izskatu. Izv\u0113lieties ad Samba OG Cardboard \u010d\u012bbas, lai apvienotu modernu dizainu, augstu kvalit\u0101ti un praktiskumu j\u016bsu dr\u0113bju skap\u012b.<\/p>\n","protected":false},"featured_media":841803,"comment_status":"open","ping_status":"open","template":"","meta":[],"product_brand":[],"product_cat":[3251,3322],"product_tag":[],"class_list":{"0":"post-841802","1":"product","2":"type-product","3":"status-publish","4":"has-post-thumbnail","6":"product_cat-all-product","7":"product_cat-kedy","8":"pa_rozmir-910","9":"pa_rozmir-912","10":"pa_rozmir-914","11":"pa_rozmir-915","12":"pa_rozmir-916","13":"pa_rozmir-917","14":"pa_rozmir-918","15":"pa_rozmir-919","16":"pa_rozmir-920","17":"pa_rozmir-921","18":"pa_rozmir-922","20":"first","21":"onbackorder","22":"purchasable","23":"product-type-variable"},"_links":{"self":[{"href":"https:\/\/nextsnkr.com\/lv\/wp-json\/wp\/v2\/product\/841802","targetHints":{"allow":["GET"]}}],"collection":[{"href":"https:\/\/nextsnkr.com\/lv\/wp-json\/wp\/v2\/product"}],"about":[{"href":"https:\/\/nextsnkr.com\/lv\/wp-json\/wp\/v2\/types\/product"}],"replies":[{"embeddable":true,"href":"https:\/\/nextsnkr.com\/lv\/wp-json\/wp\/v2\/comments?post=841802"}],"version-history":[{"count":0,"href":"https:\/\/nextsnkr.com\/lv\/wp-json\/wp\/v2\/product\/841802\/revisions"}],"wp:featuredmedia":[{"embeddable":true,"href":"https:\/\/nextsnkr.com\/lv\/wp-json\/wp\/v2\/media\/841803"}],"wp:attachment":[{"href":"https:\/\/nextsnkr.com\/lv\/wp-json\/wp\/v2\/media?parent=841802"}],"wp:term":[{"taxonomy":"product_brand","embeddable":true,"href":"https:\/\/nextsnkr.com\/lv\/wp-json\/wp\/v2\/product_brand?post=841802"},{"taxonomy":"product_cat","embeddable":true,"href":"https:\/\/nextsnkr.com\/lv\/wp-json\/wp\/v2\/product_cat?post=841802"},{"taxonomy":"product_tag","embeddable":true,"href":"https:\/\/nextsnkr.com\/lv\/wp-json\/wp\/v2\/product_tag?post=841802"}],"curies":[{"name":"wp","href":"https:\/\/api.w.org\/{rel}","templated":true}]}}