{"id":841632,"date":"2025-06-12T08:48:42","date_gmt":"2025-06-12T05:48:42","guid":{"rendered":"https:\/\/nextsnkr.com\/product\/adidas-gazelle-x-gucci-red-white\/"},"modified":"2026-02-02T16:07:16","modified_gmt":"2026-02-02T13:07:16","slug":"adidas-gazelle-x-gucci-red-white","status":"publish","type":"product","link":"https:\/\/nextsnkr.com\/lv\/product\/adidas-gazelle-x-gucci-red-white\/","title":{"rendered":"Adidas Gazelle x Gucci Red \/ White zam\u0161\u0101das \u010d\u012bbas stil\u012bgam izskatam"},"content":{"rendered":"<h2>Adidas Gazelle x Gucci Red \/ White zam\u0161\u0101das \u010d\u012bbas stil\u012bgam izskatam<\/h2>\n<p>&nbsp;<\/p>\n<p>Adidas Gazelle x Gucci Red \/ White \u010d\u012bbas ir izgatavotas no augstas kvalit\u0101tes zam\u0161\u0101das Vjetnam\u0101. Viegli un \u0113rti, tie nodro\u0161ina \u0113rt\u012bbas ikdienas valk\u0101\u0161anai un akt\u012bvai atp\u016btai. Spilgta Sarkan\u0101s un balt\u0101s kr\u0101sas kombin\u0101cija pie\u0161\u0137ir person\u012bbu un m\u016bsdien\u012bgu izskatu. Izv\u0113lieties Adidas Gazelle x Gucci Red \/ White \u010d\u012bbas, lai j\u016bsu dr\u0113bju skap\u012b apvienotu modernu dizainu, augstu kvalit\u0101ti un stilu.<\/p>\n","protected":false},"excerpt":{"rendered":"<p>Adidas Gazelle x Gucci Red \/ White \u010d\u012bbas ir izgatavotas no augstas kvalit\u0101tes zam\u0161\u0101das Vjetnam\u0101. Viegli un \u0113rti, tie nodro\u0161ina \u0113rt\u012bbas ikdienas valk\u0101\u0161anai un akt\u012bvai atp\u016btai. Spilgta Sarkan\u0101s un balt\u0101s kr\u0101sas kombin\u0101cija pie\u0161\u0137ir person\u012bbu un m\u016bsdien\u012bgu izskatu. Izv\u0113lieties Adidas Gazelle x Gucci Red \/ White \u010d\u012bbas, lai j\u016bsu dr\u0113bju skap\u012b apvienotu modernu dizainu, augstu kvalit\u0101ti un stilu.<\/p>\n","protected":false},"featured_media":841633,"comment_status":"open","ping_status":"open","template":"","meta":[],"product_brand":[],"product_cat":[3251,3322],"product_tag":[],"class_list":{"0":"post-841632","1":"product","2":"type-product","3":"status-publish","4":"has-post-thumbnail","6":"product_cat-all-product","7":"product_cat-kedy","8":"pa_rozmir-910","9":"pa_rozmir-912","10":"pa_rozmir-914","11":"pa_rozmir-915","12":"pa_rozmir-916","13":"pa_rozmir-917","14":"pa_rozmir-918","15":"pa_rozmir-919","16":"pa_rozmir-920","17":"pa_rozmir-921","18":"pa_rozmir-922","20":"first","21":"onbackorder","22":"purchasable","23":"product-type-variable"},"_links":{"self":[{"href":"https:\/\/nextsnkr.com\/lv\/wp-json\/wp\/v2\/product\/841632","targetHints":{"allow":["GET"]}}],"collection":[{"href":"https:\/\/nextsnkr.com\/lv\/wp-json\/wp\/v2\/product"}],"about":[{"href":"https:\/\/nextsnkr.com\/lv\/wp-json\/wp\/v2\/types\/product"}],"replies":[{"embeddable":true,"href":"https:\/\/nextsnkr.com\/lv\/wp-json\/wp\/v2\/comments?post=841632"}],"version-history":[{"count":0,"href":"https:\/\/nextsnkr.com\/lv\/wp-json\/wp\/v2\/product\/841632\/revisions"}],"wp:featuredmedia":[{"embeddable":true,"href":"https:\/\/nextsnkr.com\/lv\/wp-json\/wp\/v2\/media\/841633"}],"wp:attachment":[{"href":"https:\/\/nextsnkr.com\/lv\/wp-json\/wp\/v2\/media?parent=841632"}],"wp:term":[{"taxonomy":"product_brand","embeddable":true,"href":"https:\/\/nextsnkr.com\/lv\/wp-json\/wp\/v2\/product_brand?post=841632"},{"taxonomy":"product_cat","embeddable":true,"href":"https:\/\/nextsnkr.com\/lv\/wp-json\/wp\/v2\/product_cat?post=841632"},{"taxonomy":"product_tag","embeddable":true,"href":"https:\/\/nextsnkr.com\/lv\/wp-json\/wp\/v2\/product_tag?post=841632"}],"curies":[{"name":"wp","href":"https:\/\/api.w.org\/{rel}","templated":true}]}}