{"id":840613,"date":"2025-06-12T08:51:11","date_gmt":"2025-06-12T05:51:11","guid":{"rendered":"https:\/\/nextsnkr.com\/product\/adidas-campus-00s-cream-leopard-2\/"},"modified":"2026-02-02T16:06:29","modified_gmt":"2026-02-02T13:06:29","slug":"adidas-campus-00s-cream-leopard-2","status":"publish","type":"product","link":"https:\/\/nextsnkr.com\/lv\/product\/adidas-campus-00s-cream-leopard-2\/","title":{"rendered":"Adidas Campus 00s Cream Leopard zam\u0161\u0101das \u010d\u012bbas stil\u012bgam izskatam"},"content":{"rendered":"<h2>Adidas Campus 00s Cream Leopard zam\u0161\u0101das \u010d\u012bbas stil\u012bgam izskatam<\/h2>\n<p>&nbsp;<\/p>\n<p>Adidas Campus 00s &#8220;Cream Leopard&#8221; 2 \u010d\u012bbas ir izgatavotas no augstas kvalit\u0101tes zam\u0161\u0101das Vjetnam\u0101. Viegli un \u0113rti, tie nodro\u0161ina \u0113rt\u012bbas ikdienas valk\u0101\u0161anai un akt\u012bvai atp\u016btai. Unik\u0101l\u0101 kr\u0113mkr\u0101sas kr\u0101sa ar leoparda apdruku pie\u0161\u0137ir j\u016bsu stilam spilgtumu un person\u012bbu. Izv\u0113lieties Adidas Campus 00s Cream Leopard \u010d\u012bbas, lai j\u016bsu dr\u0113bju skap\u012b apvienotu modernu dizainu, augstu kvalit\u0101ti un praktiskumu.<\/p>\n","protected":false},"excerpt":{"rendered":"<p>Adidas Campus 00s &#8220;Cream Leopard&#8221; 2 \u010d\u012bbas ir izgatavotas no augstas kvalit\u0101tes zam\u0161\u0101das Vjetnam\u0101. Viegli un \u0113rti, tie nodro\u0161ina \u0113rt\u012bbas ikdienas valk\u0101\u0161anai un akt\u012bvai atp\u016btai. Unik\u0101l\u0101 kr\u0113mkr\u0101sas kr\u0101sa ar leoparda apdruku pie\u0161\u0137ir j\u016bsu stilam spilgtumu un person\u012bbu. Izv\u0113lieties Adidas Campus 00s Cream Leopard \u010d\u012bbas, lai j\u016bsu dr\u0113bju skap\u012b apvienotu modernu dizainu, augstu kvalit\u0101ti un praktiskumu.<\/p>\n","protected":false},"featured_media":840614,"comment_status":"open","ping_status":"open","template":"","meta":[],"product_brand":[],"product_cat":[3251,3322],"product_tag":[],"class_list":{"0":"post-840613","1":"product","2":"type-product","3":"status-publish","4":"has-post-thumbnail","6":"product_cat-all-product","7":"product_cat-kedy","8":"pa_rozmir-910","9":"pa_rozmir-912","10":"pa_rozmir-914","11":"pa_rozmir-915","12":"pa_rozmir-916","13":"pa_rozmir-917","14":"pa_rozmir-918","15":"pa_rozmir-919","16":"pa_rozmir-920","17":"pa_rozmir-921","18":"pa_rozmir-922","20":"first","21":"onbackorder","22":"purchasable","23":"product-type-variable"},"_links":{"self":[{"href":"https:\/\/nextsnkr.com\/lv\/wp-json\/wp\/v2\/product\/840613","targetHints":{"allow":["GET"]}}],"collection":[{"href":"https:\/\/nextsnkr.com\/lv\/wp-json\/wp\/v2\/product"}],"about":[{"href":"https:\/\/nextsnkr.com\/lv\/wp-json\/wp\/v2\/types\/product"}],"replies":[{"embeddable":true,"href":"https:\/\/nextsnkr.com\/lv\/wp-json\/wp\/v2\/comments?post=840613"}],"version-history":[{"count":0,"href":"https:\/\/nextsnkr.com\/lv\/wp-json\/wp\/v2\/product\/840613\/revisions"}],"wp:featuredmedia":[{"embeddable":true,"href":"https:\/\/nextsnkr.com\/lv\/wp-json\/wp\/v2\/media\/840614"}],"wp:attachment":[{"href":"https:\/\/nextsnkr.com\/lv\/wp-json\/wp\/v2\/media?parent=840613"}],"wp:term":[{"taxonomy":"product_brand","embeddable":true,"href":"https:\/\/nextsnkr.com\/lv\/wp-json\/wp\/v2\/product_brand?post=840613"},{"taxonomy":"product_cat","embeddable":true,"href":"https:\/\/nextsnkr.com\/lv\/wp-json\/wp\/v2\/product_cat?post=840613"},{"taxonomy":"product_tag","embeddable":true,"href":"https:\/\/nextsnkr.com\/lv\/wp-json\/wp\/v2\/product_tag?post=840613"}],"curies":[{"name":"wp","href":"https:\/\/api.w.org\/{rel}","templated":true}]}}