{"id":839244,"date":"2025-06-12T08:55:52","date_gmt":"2025-06-12T05:55:52","guid":{"rendered":"https:\/\/nextsnkr.com\/product\/p-6000-silver-blue\/"},"modified":"2026-02-02T16:05:45","modified_gmt":"2026-02-02T13:05:45","slug":"p-6000-silver-blue","status":"publish","type":"product","link":"https:\/\/nextsnkr.com\/lv\/product\/p-6000-silver-blue\/","title":{"rendered":"P-6000 sudraba zil\u0101 tekstila \u010d\u012bbas sportam un ikdienas valk\u0101\u0161anai"},"content":{"rendered":"<h2>P-6000 sudraba zil\u0101 tekstila \u010d\u012bbas sportam un ikdienas valk\u0101\u0161anai<\/h2>\n<p>&nbsp;<\/p>\n<p>P-6000 Silver Blue \u010d\u012bbas ir izgatavotas no iztur\u012bgiem tekstilizstr\u0101d\u0101jumiem Vjetnam\u0101. Vieglais dizains nodro\u0161ina komfortu un atbalstu \u0101ra aktivit\u0101\u0161u un ikdienas valk\u0101\u0161anas laik\u0101. Sudrabaini zil\u0101 kr\u0101sa pie\u0161\u0137ir j\u016bsu izskatam m\u016bsdien\u012bgumu un dinamiku. Izv\u0113lieties P-6000 Silver Blue \u010d\u012bbas, lai apvienotu modernu dizainu, augstu kvalit\u0101ti un praktiskumu ikdienas dr\u0113bju skap\u012b.<\/p>\n","protected":false},"excerpt":{"rendered":"<p>P-6000 Silver Blue \u010d\u012bbas ir izgatavotas no iztur\u012bgiem tekstilizstr\u0101d\u0101jumiem Vjetnam\u0101. Vieglais dizains nodro\u0161ina komfortu un atbalstu \u0101ra aktivit\u0101\u0161u un ikdienas valk\u0101\u0161anas laik\u0101. Sudrabaini zil\u0101 kr\u0101sa pie\u0161\u0137ir j\u016bsu izskatam m\u016bsdien\u012bgumu un dinamiku. Izv\u0113lieties P-6000 Silver Blue \u010d\u012bbas, lai apvienotu modernu dizainu, augstu kvalit\u0101ti un praktiskumu ikdienas dr\u0113bju skap\u012b.<\/p>\n","protected":false},"featured_media":839245,"comment_status":"open","ping_status":"open","template":"","meta":[],"product_brand":[],"product_cat":[3251,3252],"product_tag":[],"class_list":{"0":"post-839244","1":"product","2":"type-product","3":"status-publish","4":"has-post-thumbnail","6":"product_cat-all-product","7":"product_cat-krosivky","8":"pa_rozmir-910","9":"pa_rozmir-912","10":"pa_rozmir-914","11":"pa_rozmir-915","12":"pa_rozmir-916","13":"pa_rozmir-917","14":"pa_rozmir-918","15":"pa_rozmir-919","16":"pa_rozmir-920","17":"pa_rozmir-921","18":"pa_rozmir-922","20":"first","21":"onbackorder","22":"purchasable","23":"product-type-variable"},"_links":{"self":[{"href":"https:\/\/nextsnkr.com\/lv\/wp-json\/wp\/v2\/product\/839244","targetHints":{"allow":["GET"]}}],"collection":[{"href":"https:\/\/nextsnkr.com\/lv\/wp-json\/wp\/v2\/product"}],"about":[{"href":"https:\/\/nextsnkr.com\/lv\/wp-json\/wp\/v2\/types\/product"}],"replies":[{"embeddable":true,"href":"https:\/\/nextsnkr.com\/lv\/wp-json\/wp\/v2\/comments?post=839244"}],"version-history":[{"count":0,"href":"https:\/\/nextsnkr.com\/lv\/wp-json\/wp\/v2\/product\/839244\/revisions"}],"wp:featuredmedia":[{"embeddable":true,"href":"https:\/\/nextsnkr.com\/lv\/wp-json\/wp\/v2\/media\/839245"}],"wp:attachment":[{"href":"https:\/\/nextsnkr.com\/lv\/wp-json\/wp\/v2\/media?parent=839244"}],"wp:term":[{"taxonomy":"product_brand","embeddable":true,"href":"https:\/\/nextsnkr.com\/lv\/wp-json\/wp\/v2\/product_brand?post=839244"},{"taxonomy":"product_cat","embeddable":true,"href":"https:\/\/nextsnkr.com\/lv\/wp-json\/wp\/v2\/product_cat?post=839244"},{"taxonomy":"product_tag","embeddable":true,"href":"https:\/\/nextsnkr.com\/lv\/wp-json\/wp\/v2\/product_tag?post=839244"}],"curies":[{"name":"wp","href":"https:\/\/api.w.org\/{rel}","templated":true}]}}