{"id":838225,"date":"2025-06-12T08:59:31","date_gmt":"2025-06-12T05:59:31","guid":{"rendered":"https:\/\/nextsnkr.com\/product\/zoom-voomero-5-silver-pink\/"},"modified":"2026-02-02T16:05:10","modified_gmt":"2026-02-02T13:05:10","slug":"zoom-voomero-5-silver-pink","status":"publish","type":"product","link":"https:\/\/nextsnkr.com\/lv\/product\/zoom-voomero-5-silver-pink\/","title":{"rendered":"T\u0101lummai\u0146as Voomero 5 sudraba roz\u0101 sporta apavi"},"content":{"rendered":"<h2>T\u0101lummai\u0146as Voomero 5 sudraba roz\u0101 sporta apavi<\/h2>\n<p>&nbsp;<\/p>\n<p>Zoom Voomero 5 Silver Pink \u010d\u012bbas apvieno modernu dizainu un augstu komfortu akt\u012bvai dz\u012bvei. Augstas kvalit\u0101tes tekstilizstr\u0101d\u0101jumu aug\u0161da\u013ca nodro\u0161ina elpojam\u012bbu, un triecienu absorb\u0113jo\u0161\u0101 zole atbalsta p\u0113du treni\u0146u un ikdienas pastaigu laik\u0101. \u0160\u012bs \u010d\u012bbas, kas izgatavotas Vjetnam\u0101, b\u016bs stil\u012bga un uzticama izv\u0113le sportam un lieto\u0161anai pils\u0113t\u0101.<\/p>\n","protected":false},"excerpt":{"rendered":"<p>Zoom Voomero 5 Silver Pink \u010d\u012bbas apvieno modernu dizainu un augstu komfortu akt\u012bvai dz\u012bvei. Augstas kvalit\u0101tes tekstilizstr\u0101d\u0101jumu aug\u0161da\u013ca nodro\u0161ina elpojam\u012bbu, un triecienu absorb\u0113jo\u0161\u0101 zole atbalsta p\u0113du treni\u0146u un ikdienas pastaigu laik\u0101. \u0160\u012bs \u010d\u012bbas, kas izgatavotas Vjetnam\u0101, b\u016bs stil\u012bga un uzticama izv\u0113le sportam un lieto\u0161anai pils\u0113t\u0101.<\/p>\n","protected":false},"featured_media":838226,"comment_status":"open","ping_status":"open","template":"","meta":[],"product_brand":[],"product_cat":[3251,3252],"product_tag":[],"class_list":{"0":"post-838225","1":"product","2":"type-product","3":"status-publish","4":"has-post-thumbnail","6":"product_cat-all-product","7":"product_cat-krosivky","8":"pa_rozmir-910","9":"pa_rozmir-912","10":"pa_rozmir-914","11":"pa_rozmir-915","12":"pa_rozmir-916","13":"pa_rozmir-917","14":"pa_rozmir-918","15":"pa_rozmir-919","16":"pa_rozmir-920","17":"pa_rozmir-921","18":"pa_rozmir-922","20":"first","21":"onbackorder","22":"purchasable","23":"product-type-variable"},"_links":{"self":[{"href":"https:\/\/nextsnkr.com\/lv\/wp-json\/wp\/v2\/product\/838225","targetHints":{"allow":["GET"]}}],"collection":[{"href":"https:\/\/nextsnkr.com\/lv\/wp-json\/wp\/v2\/product"}],"about":[{"href":"https:\/\/nextsnkr.com\/lv\/wp-json\/wp\/v2\/types\/product"}],"replies":[{"embeddable":true,"href":"https:\/\/nextsnkr.com\/lv\/wp-json\/wp\/v2\/comments?post=838225"}],"version-history":[{"count":0,"href":"https:\/\/nextsnkr.com\/lv\/wp-json\/wp\/v2\/product\/838225\/revisions"}],"wp:featuredmedia":[{"embeddable":true,"href":"https:\/\/nextsnkr.com\/lv\/wp-json\/wp\/v2\/media\/838226"}],"wp:attachment":[{"href":"https:\/\/nextsnkr.com\/lv\/wp-json\/wp\/v2\/media?parent=838225"}],"wp:term":[{"taxonomy":"product_brand","embeddable":true,"href":"https:\/\/nextsnkr.com\/lv\/wp-json\/wp\/v2\/product_brand?post=838225"},{"taxonomy":"product_cat","embeddable":true,"href":"https:\/\/nextsnkr.com\/lv\/wp-json\/wp\/v2\/product_cat?post=838225"},{"taxonomy":"product_tag","embeddable":true,"href":"https:\/\/nextsnkr.com\/lv\/wp-json\/wp\/v2\/product_tag?post=838225"}],"curies":[{"name":"wp","href":"https:\/\/api.w.org\/{rel}","templated":true}]}}