{"id":836865,"date":"2025-06-12T09:04:13","date_gmt":"2025-06-12T06:04:13","guid":{"rendered":"https:\/\/nextsnkr.com\/product\/hot-step-air-terra-drake-nocta-purple\/"},"modified":"2026-02-02T16:04:14","modified_gmt":"2026-02-02T13:04:14","slug":"hot-step-air-terra-drake-nocta-purple","status":"publish","type":"product","link":"https:\/\/nextsnkr.com\/lv\/product\/hot-step-air-terra-drake-nocta-purple\/","title":{"rendered":"Hot Step Air Terra Drake nocta Purple Sporta apavi"},"content":{"rendered":"<h2>Hot Step Air Terra Drake nocta Purple Sporta apavi<\/h2>\n<p>&nbsp;<\/p>\n<p>Hot Step Air Terra Drake NOCTA Purple \u010d\u012bbas ir izgatavotas no augstas kvalit\u0101tes \u0101das iztur\u012bbai un komfortam. Stil\u012bgais purpursarkanais dizains izce\u013c person\u012bbu, un triecienu absorb\u0113jo\u0161\u0101 zole nodro\u0161ina atbalstu akt\u012bvas kust\u012bbas laik\u0101. Ide\u0101li piem\u0113rots sportam, treni\u0146iem un ikdienas valk\u0101\u0161anai. \u0160\u012bs \u010d\u012bbas, kas ra\u017eotas Vjetnam\u0101, apvieno kvalit\u0101ti, iztur\u012bbu un m\u016bsdien\u012bgu izskatu, motiv\u0113jot ieg\u0101d\u0101ties akt\u012bvu dz\u012bvesveidu.<\/p>\n","protected":false},"excerpt":{"rendered":"<p>Hot Step Air Terra Drake NOCTA Purple \u010d\u012bbas ir izgatavotas no augstas kvalit\u0101tes \u0101das iztur\u012bbai un komfortam. Stil\u012bgais purpursarkanais dizains izce\u013c person\u012bbu, un triecienu absorb\u0113jo\u0161\u0101 zole nodro\u0161ina atbalstu akt\u012bvas kust\u012bbas laik\u0101. Ide\u0101li piem\u0113rots sportam, treni\u0146iem un ikdienas valk\u0101\u0161anai. \u0160\u012bs \u010d\u012bbas, kas ra\u017eotas Vjetnam\u0101, apvieno kvalit\u0101ti, iztur\u012bbu un m\u016bsdien\u012bgu izskatu, motiv\u0113jot ieg\u0101d\u0101ties akt\u012bvu dz\u012bvesveidu.<\/p>\n","protected":false},"featured_media":836866,"comment_status":"open","ping_status":"open","template":"","meta":[],"product_brand":[],"product_cat":[3251,3252],"product_tag":[],"class_list":{"0":"post-836865","1":"product","2":"type-product","3":"status-publish","4":"has-post-thumbnail","6":"product_cat-all-product","7":"product_cat-krosivky","8":"pa_rozmir-910","9":"pa_rozmir-912","10":"pa_rozmir-914","11":"pa_rozmir-915","12":"pa_rozmir-916","13":"pa_rozmir-917","14":"pa_rozmir-918","15":"pa_rozmir-919","16":"pa_rozmir-920","17":"pa_rozmir-921","18":"pa_rozmir-922","20":"first","21":"instock","22":"purchasable","23":"product-type-variable"},"_links":{"self":[{"href":"https:\/\/nextsnkr.com\/lv\/wp-json\/wp\/v2\/product\/836865","targetHints":{"allow":["GET"]}}],"collection":[{"href":"https:\/\/nextsnkr.com\/lv\/wp-json\/wp\/v2\/product"}],"about":[{"href":"https:\/\/nextsnkr.com\/lv\/wp-json\/wp\/v2\/types\/product"}],"replies":[{"embeddable":true,"href":"https:\/\/nextsnkr.com\/lv\/wp-json\/wp\/v2\/comments?post=836865"}],"version-history":[{"count":0,"href":"https:\/\/nextsnkr.com\/lv\/wp-json\/wp\/v2\/product\/836865\/revisions"}],"wp:featuredmedia":[{"embeddable":true,"href":"https:\/\/nextsnkr.com\/lv\/wp-json\/wp\/v2\/media\/836866"}],"wp:attachment":[{"href":"https:\/\/nextsnkr.com\/lv\/wp-json\/wp\/v2\/media?parent=836865"}],"wp:term":[{"taxonomy":"product_brand","embeddable":true,"href":"https:\/\/nextsnkr.com\/lv\/wp-json\/wp\/v2\/product_brand?post=836865"},{"taxonomy":"product_cat","embeddable":true,"href":"https:\/\/nextsnkr.com\/lv\/wp-json\/wp\/v2\/product_cat?post=836865"},{"taxonomy":"product_tag","embeddable":true,"href":"https:\/\/nextsnkr.com\/lv\/wp-json\/wp\/v2\/product_tag?post=836865"}],"curies":[{"name":"wp","href":"https:\/\/api.w.org\/{rel}","templated":true}]}}