{"id":836525,"date":"2025-06-12T09:05:32","date_gmt":"2025-06-12T06:05:32","guid":{"rendered":"https:\/\/nextsnkr.com\/product\/10xl-green-yellow\/"},"modified":"2026-02-02T16:04:05","modified_gmt":"2026-02-02T13:04:05","slug":"10xl-green-yellow","status":"publish","type":"product","link":"https:\/\/nextsnkr.com\/lv\/product\/10xl-green-yellow\/","title":{"rendered":"10xl Green \/ Yellow tekstila \u010d\u012bbas sportam un ikdienas valk\u0101\u0161anai"},"content":{"rendered":"<h2>10xl Green \/ Yellow tekstila \u010d\u012bbas sportam un ikdienas valk\u0101\u0161anai<\/h2>\n<p>&nbsp;<\/p>\n<p>10XL Green \/ Yellow \u010d\u012bbas ir izgatavotas no iztur\u012bgiem tekstilizstr\u0101d\u0101jumiem, nodro\u0161inot vieglumu un komfortu ik uz so\u013ca. Spilgta za\u013c\u0101s un dzelten\u0101s kr\u0101sas kombin\u0101cija pie\u0161\u0137ir stil\u012bgu akcentu sportiskam vai gad\u012bjuma izskatam. Ide\u0101li piem\u0113rots treni\u0146iem, pastaig\u0101m un akt\u012bvam dz\u012bvesveidam. Ra\u017eot\u0101js Vjetnama garant\u0113 kvalit\u0101ti un iztur\u012bbu, un m\u016bsdienu dizains motiv\u0113 ieg\u0101d\u0101ties \u0161o modeli ikdienas lieto\u0161anai.<\/p>\n","protected":false},"excerpt":{"rendered":"<p>10XL Green \/ Yellow \u010d\u012bbas ir izgatavotas no iztur\u012bgiem tekstilizstr\u0101d\u0101jumiem, nodro\u0161inot vieglumu un komfortu ik uz so\u013ca. Spilgta za\u013c\u0101s un dzelten\u0101s kr\u0101sas kombin\u0101cija pie\u0161\u0137ir stil\u012bgu akcentu sportiskam vai gad\u012bjuma izskatam. Ide\u0101li piem\u0113rots treni\u0146iem, pastaig\u0101m un akt\u012bvam dz\u012bvesveidam. Ra\u017eot\u0101js Vjetnama garant\u0113 kvalit\u0101ti un iztur\u012bbu, un m\u016bsdienu dizains motiv\u0113 ieg\u0101d\u0101ties \u0161o modeli ikdienas lieto\u0161anai.<\/p>\n","protected":false},"featured_media":836526,"comment_status":"open","ping_status":"open","template":"","meta":[],"product_brand":[],"product_cat":[3251,3252],"product_tag":[],"class_list":{"0":"post-836525","1":"product","2":"type-product","3":"status-publish","4":"has-post-thumbnail","6":"product_cat-all-product","7":"product_cat-krosivky","8":"pa_rozmir-910","9":"pa_rozmir-912","10":"pa_rozmir-914","11":"pa_rozmir-915","12":"pa_rozmir-916","13":"pa_rozmir-917","14":"pa_rozmir-918","15":"pa_rozmir-919","16":"pa_rozmir-920","17":"pa_rozmir-921","18":"pa_rozmir-922","20":"first","21":"onbackorder","22":"purchasable","23":"product-type-variable"},"_links":{"self":[{"href":"https:\/\/nextsnkr.com\/lv\/wp-json\/wp\/v2\/product\/836525","targetHints":{"allow":["GET"]}}],"collection":[{"href":"https:\/\/nextsnkr.com\/lv\/wp-json\/wp\/v2\/product"}],"about":[{"href":"https:\/\/nextsnkr.com\/lv\/wp-json\/wp\/v2\/types\/product"}],"replies":[{"embeddable":true,"href":"https:\/\/nextsnkr.com\/lv\/wp-json\/wp\/v2\/comments?post=836525"}],"version-history":[{"count":0,"href":"https:\/\/nextsnkr.com\/lv\/wp-json\/wp\/v2\/product\/836525\/revisions"}],"wp:featuredmedia":[{"embeddable":true,"href":"https:\/\/nextsnkr.com\/lv\/wp-json\/wp\/v2\/media\/836526"}],"wp:attachment":[{"href":"https:\/\/nextsnkr.com\/lv\/wp-json\/wp\/v2\/media?parent=836525"}],"wp:term":[{"taxonomy":"product_brand","embeddable":true,"href":"https:\/\/nextsnkr.com\/lv\/wp-json\/wp\/v2\/product_brand?post=836525"},{"taxonomy":"product_cat","embeddable":true,"href":"https:\/\/nextsnkr.com\/lv\/wp-json\/wp\/v2\/product_cat?post=836525"},{"taxonomy":"product_tag","embeddable":true,"href":"https:\/\/nextsnkr.com\/lv\/wp-json\/wp\/v2\/product_tag?post=836525"}],"curies":[{"name":"wp","href":"https:\/\/api.w.org\/{rel}","templated":true}]}}