{"id":836186,"date":"2025-06-12T09:06:45","date_gmt":"2025-06-12T06:06:45","guid":{"rendered":"https:\/\/nextsnkr.com\/product\/3xl-black-premium\/"},"modified":"2026-02-02T16:03:47","modified_gmt":"2026-02-02T13:03:47","slug":"3xl-black-premium","status":"publish","type":"product","link":"https:\/\/nextsnkr.com\/lv\/product\/3xl-black-premium\/","title":{"rendered":"3XL Black Premium tekstila \u010d\u012bbas sportam un \u0101ra aktivit\u0101t\u0113m"},"content":{"rendered":"<h2>3XL Black Premium tekstila \u010d\u012bbas sportam un \u0101ra aktivit\u0101t\u0113m<\/h2>\n<p>&nbsp;<\/p>\n<p>3XL Black Premium \u010d\u012bbas ir izgatavotas no iztur\u012bgiem tekstilizstr\u0101d\u0101jumiem, kas nodro\u0161ina vieglumu un komfortu akt\u012bvas lieto\u0161anas laik\u0101. Stil\u012bgais melnais dizains izce\u013c mode\u013ca moderno izskatu un daudzpus\u012bbu, ide\u0101li piem\u0113rots sportam, pastaig\u0101m un ikdienas valk\u0101\u0161anai. Ra\u017eot\u0101js \u0136\u012bna garant\u0113 augstas kvalit\u0101tes un iztur\u012bgas \u010d\u012bbas, padarot t\u0101s par lielisku izv\u0113li stil\u012bgiem un \u0113rtiem apaviem.<\/p>\n","protected":false},"excerpt":{"rendered":"<p>3XL Black Premium \u010d\u012bbas ir izgatavotas no iztur\u012bgiem tekstilizstr\u0101d\u0101jumiem, kas nodro\u0161ina vieglumu un komfortu akt\u012bvas lieto\u0161anas laik\u0101. Stil\u012bgais melnais dizains izce\u013c mode\u013ca moderno izskatu un daudzpus\u012bbu, ide\u0101li piem\u0113rots sportam, pastaig\u0101m un ikdienas valk\u0101\u0161anai. Ra\u017eot\u0101js \u0136\u012bna garant\u0113 augstas kvalit\u0101tes un iztur\u012bgas \u010d\u012bbas, padarot t\u0101s par lielisku izv\u0113li stil\u012bgiem un \u0113rtiem apaviem.<\/p>\n","protected":false},"featured_media":836187,"comment_status":"open","ping_status":"open","template":"","meta":[],"product_brand":[],"product_cat":[3251,3252],"product_tag":[],"class_list":{"0":"post-836186","1":"product","2":"type-product","3":"status-publish","4":"has-post-thumbnail","6":"product_cat-all-product","7":"product_cat-krosivky","8":"pa_rozmir-910","9":"pa_rozmir-912","10":"pa_rozmir-914","11":"pa_rozmir-915","12":"pa_rozmir-916","13":"pa_rozmir-917","14":"pa_rozmir-918","15":"pa_rozmir-919","16":"pa_rozmir-920","17":"pa_rozmir-921","18":"pa_rozmir-922","20":"first","21":"onbackorder","22":"purchasable","23":"product-type-variable"},"_links":{"self":[{"href":"https:\/\/nextsnkr.com\/lv\/wp-json\/wp\/v2\/product\/836186","targetHints":{"allow":["GET"]}}],"collection":[{"href":"https:\/\/nextsnkr.com\/lv\/wp-json\/wp\/v2\/product"}],"about":[{"href":"https:\/\/nextsnkr.com\/lv\/wp-json\/wp\/v2\/types\/product"}],"replies":[{"embeddable":true,"href":"https:\/\/nextsnkr.com\/lv\/wp-json\/wp\/v2\/comments?post=836186"}],"version-history":[{"count":0,"href":"https:\/\/nextsnkr.com\/lv\/wp-json\/wp\/v2\/product\/836186\/revisions"}],"wp:featuredmedia":[{"embeddable":true,"href":"https:\/\/nextsnkr.com\/lv\/wp-json\/wp\/v2\/media\/836187"}],"wp:attachment":[{"href":"https:\/\/nextsnkr.com\/lv\/wp-json\/wp\/v2\/media?parent=836186"}],"wp:term":[{"taxonomy":"product_brand","embeddable":true,"href":"https:\/\/nextsnkr.com\/lv\/wp-json\/wp\/v2\/product_brand?post=836186"},{"taxonomy":"product_cat","embeddable":true,"href":"https:\/\/nextsnkr.com\/lv\/wp-json\/wp\/v2\/product_cat?post=836186"},{"taxonomy":"product_tag","embeddable":true,"href":"https:\/\/nextsnkr.com\/lv\/wp-json\/wp\/v2\/product_tag?post=836186"}],"curies":[{"name":"wp","href":"https:\/\/api.w.org\/{rel}","templated":true}]}}