{"id":834138,"date":"2025-06-12T09:12:57","date_gmt":"2025-06-12T06:12:57","guid":{"rendered":"https:\/\/nextsnkr.com\/product\/3xl-purple\/"},"modified":"2026-02-02T16:02:31","modified_gmt":"2026-02-02T13:02:31","slug":"3xl-purple","status":"publish","type":"product","link":"https:\/\/nextsnkr.com\/lv\/product\/3xl-purple\/","title":{"rendered":"3XL purple \u010d\u012bbas tekstilizstr\u0101d\u0101jumi-stil\u012bgi un viegli purpursarkan\u0101 kr\u0101s\u0101"},"content":{"rendered":"<h2>3XL purple \u010d\u012bbas tekstilizstr\u0101d\u0101jumi-stil\u012bgi un viegli purpursarkan\u0101 kr\u0101s\u0101<\/h2>\n<p>&nbsp;<\/p>\n<p>3XL Purple \u010d\u012bbas ir moderns tekstila modelis spilgti purpursarkan\u0101 nokr\u0101s\u0101, kas paredz\u0113ts ikdienas komfortam un akt\u012bvai kust\u012bbai. Viegls, elpojo\u0161s materi\u0101ls nodro\u0161ina ventil\u0101ciju, un iztur\u012bg\u0101 konstrukcija garant\u0113 p\u0113das nodilumiztur\u012bbu un dro\u0161u nostiprin\u0101\u0161anu. \u0160\u012bs \u010d\u012bbas, kas ra\u017eotas \u0136\u012bn\u0101, apvieno modernu dizainu un praktiskumu. Izv\u0113lieties 3XL Purple, lai ikdienai pievienotu stil\u012bgu akcentu un komfortu.<\/p>\n","protected":false},"excerpt":{"rendered":"<p>3XL Purple \u010d\u012bbas ir moderns tekstila modelis spilgti purpursarkan\u0101 nokr\u0101s\u0101, kas paredz\u0113ts ikdienas komfortam un akt\u012bvai kust\u012bbai. Viegls, elpojo\u0161s materi\u0101ls nodro\u0161ina ventil\u0101ciju, un iztur\u012bg\u0101 konstrukcija garant\u0113 p\u0113das nodilumiztur\u012bbu un dro\u0161u nostiprin\u0101\u0161anu. \u0160\u012bs \u010d\u012bbas, kas ra\u017eotas \u0136\u012bn\u0101, apvieno modernu dizainu un praktiskumu. Izv\u0113lieties 3XL Purple, lai ikdienai pievienotu stil\u012bgu akcentu un komfortu.<\/p>\n","protected":false},"featured_media":834139,"comment_status":"open","ping_status":"open","template":"","meta":[],"product_brand":[],"product_cat":[3251,3252],"product_tag":[],"class_list":{"0":"post-834138","1":"product","2":"type-product","3":"status-publish","4":"has-post-thumbnail","6":"product_cat-all-product","7":"product_cat-krosivky","8":"pa_rozmir-910","9":"pa_rozmir-912","10":"pa_rozmir-914","11":"pa_rozmir-915","12":"pa_rozmir-916","13":"pa_rozmir-917","14":"pa_rozmir-918","15":"pa_rozmir-919","16":"pa_rozmir-920","17":"pa_rozmir-921","18":"pa_rozmir-922","20":"first","21":"onbackorder","22":"purchasable","23":"product-type-variable"},"_links":{"self":[{"href":"https:\/\/nextsnkr.com\/lv\/wp-json\/wp\/v2\/product\/834138","targetHints":{"allow":["GET"]}}],"collection":[{"href":"https:\/\/nextsnkr.com\/lv\/wp-json\/wp\/v2\/product"}],"about":[{"href":"https:\/\/nextsnkr.com\/lv\/wp-json\/wp\/v2\/types\/product"}],"replies":[{"embeddable":true,"href":"https:\/\/nextsnkr.com\/lv\/wp-json\/wp\/v2\/comments?post=834138"}],"version-history":[{"count":0,"href":"https:\/\/nextsnkr.com\/lv\/wp-json\/wp\/v2\/product\/834138\/revisions"}],"wp:featuredmedia":[{"embeddable":true,"href":"https:\/\/nextsnkr.com\/lv\/wp-json\/wp\/v2\/media\/834139"}],"wp:attachment":[{"href":"https:\/\/nextsnkr.com\/lv\/wp-json\/wp\/v2\/media?parent=834138"}],"wp:term":[{"taxonomy":"product_brand","embeddable":true,"href":"https:\/\/nextsnkr.com\/lv\/wp-json\/wp\/v2\/product_brand?post=834138"},{"taxonomy":"product_cat","embeddable":true,"href":"https:\/\/nextsnkr.com\/lv\/wp-json\/wp\/v2\/product_cat?post=834138"},{"taxonomy":"product_tag","embeddable":true,"href":"https:\/\/nextsnkr.com\/lv\/wp-json\/wp\/v2\/product_tag?post=834138"}],"curies":[{"name":"wp","href":"https:\/\/api.w.org\/{rel}","templated":true}]}}