{"id":832756,"date":"2025-06-12T15:54:35","date_gmt":"2025-06-12T12:54:35","guid":{"rendered":"https:\/\/nextsnkr.com\/product\/prada-platform-leather-black-loafers\/"},"modified":"2026-02-02T16:01:36","modified_gmt":"2026-02-02T13:01:36","slug":"prada-platform-leather-black-loafers","status":"publish","type":"product","link":"https:\/\/nextsnkr.com\/lv\/product\/prada-platform-leather-black-loafers\/","title":{"rendered":"Prada Platform Black \u0100das klaipi stil\u012bgam izskatam"},"content":{"rendered":"<h2>Prada Platform Black \u0100das klaipi stil\u012bgam izskatam<\/h2>\n<p>&nbsp;<\/p>\n<p>Prada Platform Leather black Loafers ir izgatavoti no augst\u0101k\u0101s kvalit\u0101tes it\u0101\u013cu \u0101das, apvienojot eleganci un komfortu. Platforma nodro\u0161ina \u0113rtu staig\u0101\u0161anu un m\u016bsdien\u012bgu izskatu, un klasisk\u0101 meln\u0101 kr\u0101sa padara tos daudzpus\u012bgus jebkuram dr\u0113bju skapim. Ide\u0101li piem\u0113rots ikdienas valk\u0101\u0161anai un \u012bpa\u0161iem notikumiem, \u0161ie klaipi uzsv\u0113rs j\u016bsu stilu un statusu. Izv\u0113lieties Prada un izbaudiet kvalit\u0101ti un eleganci katru dienu.<\/p>\n","protected":false},"excerpt":{"rendered":"<p>Prada Platform Leather black Loafers ir izgatavoti no augst\u0101k\u0101s kvalit\u0101tes it\u0101\u013cu \u0101das, apvienojot eleganci un komfortu. Platforma nodro\u0161ina \u0113rtu staig\u0101\u0161anu un m\u016bsdien\u012bgu izskatu, un klasisk\u0101 meln\u0101 kr\u0101sa padara tos daudzpus\u012bgus jebkuram dr\u0113bju skapim. Ide\u0101li piem\u0113rots ikdienas valk\u0101\u0161anai un \u012bpa\u0161iem notikumiem, \u0161ie klaipi uzsv\u0113rs j\u016bsu stilu un statusu. Izv\u0113lieties Prada un izbaudiet kvalit\u0101ti un eleganci katru dienu.<\/p>\n","protected":false},"featured_media":832757,"comment_status":"open","ping_status":"open","template":"","meta":[],"product_brand":[],"product_cat":[3251,4244],"product_tag":[],"class_list":{"0":"post-832756","1":"product","2":"type-product","3":"status-publish","4":"has-post-thumbnail","6":"product_cat-all-product","7":"product_cat-lofery","8":"pa_rozmir-910","9":"pa_rozmir-912","10":"pa_rozmir-914","11":"pa_rozmir-915","12":"pa_rozmir-916","13":"pa_rozmir-917","14":"pa_rozmir-918","15":"pa_rozmir-919","16":"pa_rozmir-920","17":"pa_rozmir-921","18":"pa_rozmir-922","20":"first","21":"onbackorder","22":"purchasable","23":"product-type-variable"},"_links":{"self":[{"href":"https:\/\/nextsnkr.com\/lv\/wp-json\/wp\/v2\/product\/832756","targetHints":{"allow":["GET"]}}],"collection":[{"href":"https:\/\/nextsnkr.com\/lv\/wp-json\/wp\/v2\/product"}],"about":[{"href":"https:\/\/nextsnkr.com\/lv\/wp-json\/wp\/v2\/types\/product"}],"replies":[{"embeddable":true,"href":"https:\/\/nextsnkr.com\/lv\/wp-json\/wp\/v2\/comments?post=832756"}],"version-history":[{"count":0,"href":"https:\/\/nextsnkr.com\/lv\/wp-json\/wp\/v2\/product\/832756\/revisions"}],"wp:featuredmedia":[{"embeddable":true,"href":"https:\/\/nextsnkr.com\/lv\/wp-json\/wp\/v2\/media\/832757"}],"wp:attachment":[{"href":"https:\/\/nextsnkr.com\/lv\/wp-json\/wp\/v2\/media?parent=832756"}],"wp:term":[{"taxonomy":"product_brand","embeddable":true,"href":"https:\/\/nextsnkr.com\/lv\/wp-json\/wp\/v2\/product_brand?post=832756"},{"taxonomy":"product_cat","embeddable":true,"href":"https:\/\/nextsnkr.com\/lv\/wp-json\/wp\/v2\/product_cat?post=832756"},{"taxonomy":"product_tag","embeddable":true,"href":"https:\/\/nextsnkr.com\/lv\/wp-json\/wp\/v2\/product_tag?post=832756"}],"curies":[{"name":"wp","href":"https:\/\/api.w.org\/{rel}","templated":true}]}}