{"id":831571,"date":"2025-06-12T15:58:50","date_gmt":"2025-06-12T12:58:50","guid":{"rendered":"https:\/\/nextsnkr.com\/product\/golden-goose-dirty-pink-leopard-sneakers\/"},"modified":"2026-02-02T16:00:56","modified_gmt":"2026-02-02T13:00:56","slug":"golden-goose-dirty-pink-leopard-sneakers","status":"publish","type":"product","link":"https:\/\/nextsnkr.com\/lv\/product\/golden-goose-dirty-pink-leopard-sneakers\/","title":{"rendered":"Golden Goose Dirty Pink Leopard \u010d\u012bbas ir stil\u012bgas un spilgtas"},"content":{"rendered":"<h2>Golden Goose Dirty Pink Leopard \u010d\u012bbas ir stil\u012bgas un spilgtas<\/h2>\n<p>&nbsp;<\/p>\n<p>Golden Goose Dirty Pink Leopard Sneakers \u010d\u012bbas apvieno unik\u0101lu dizainu un komfortu ikdienas valk\u0101\u0161anai. Augstas kvalit\u0101tes materi\u0101ls nodro\u0161ina iztur\u012bbu, un spilgti roz\u0101 leoparda apdruka pie\u0161\u0137ir izskatam ori\u0123inalit\u0101ti un person\u012bbu. Vieglais dizains padara \u010d\u012bbas \u0113rtas pastaig\u0101m, pils\u0113tai un \u0101ra aktivit\u0101t\u0113m. Izv\u0113lieties Golden Goose stil\u012bgiem un \u0113rtiem apaviem, kas katru dienu izce\u013c j\u016bsu gaumi un statusu.<\/p>\n","protected":false},"excerpt":{"rendered":"<p>Golden Goose Dirty Pink Leopard Sneakers \u010d\u012bbas apvieno unik\u0101lu dizainu un komfortu ikdienas valk\u0101\u0161anai. Augstas kvalit\u0101tes materi\u0101ls nodro\u0161ina iztur\u012bbu, un spilgti roz\u0101 leoparda apdruka pie\u0161\u0137ir izskatam ori\u0123inalit\u0101ti un person\u012bbu. Vieglais dizains padara \u010d\u012bbas \u0113rtas pastaig\u0101m, pils\u0113tai un \u0101ra aktivit\u0101t\u0113m. Izv\u0113lieties Golden Goose stil\u012bgiem un \u0113rtiem apaviem, kas katru dienu izce\u013c j\u016bsu gaumi un statusu.<\/p>\n","protected":false},"featured_media":831572,"comment_status":"open","ping_status":"open","template":"","meta":[],"product_brand":[],"product_cat":[3251,3322],"product_tag":[],"class_list":{"0":"post-831571","1":"product","2":"type-product","3":"status-publish","4":"has-post-thumbnail","6":"product_cat-all-product","7":"product_cat-kedy","8":"pa_rozmir-910","9":"pa_rozmir-912","10":"pa_rozmir-914","11":"pa_rozmir-915","12":"pa_rozmir-916","13":"pa_rozmir-917","14":"pa_rozmir-918","15":"pa_rozmir-919","16":"pa_rozmir-920","17":"pa_rozmir-921","18":"pa_rozmir-922","20":"first","21":"instock","22":"purchasable","23":"product-type-variable"},"_links":{"self":[{"href":"https:\/\/nextsnkr.com\/lv\/wp-json\/wp\/v2\/product\/831571","targetHints":{"allow":["GET"]}}],"collection":[{"href":"https:\/\/nextsnkr.com\/lv\/wp-json\/wp\/v2\/product"}],"about":[{"href":"https:\/\/nextsnkr.com\/lv\/wp-json\/wp\/v2\/types\/product"}],"replies":[{"embeddable":true,"href":"https:\/\/nextsnkr.com\/lv\/wp-json\/wp\/v2\/comments?post=831571"}],"version-history":[{"count":0,"href":"https:\/\/nextsnkr.com\/lv\/wp-json\/wp\/v2\/product\/831571\/revisions"}],"wp:featuredmedia":[{"embeddable":true,"href":"https:\/\/nextsnkr.com\/lv\/wp-json\/wp\/v2\/media\/831572"}],"wp:attachment":[{"href":"https:\/\/nextsnkr.com\/lv\/wp-json\/wp\/v2\/media?parent=831571"}],"wp:term":[{"taxonomy":"product_brand","embeddable":true,"href":"https:\/\/nextsnkr.com\/lv\/wp-json\/wp\/v2\/product_brand?post=831571"},{"taxonomy":"product_cat","embeddable":true,"href":"https:\/\/nextsnkr.com\/lv\/wp-json\/wp\/v2\/product_cat?post=831571"},{"taxonomy":"product_tag","embeddable":true,"href":"https:\/\/nextsnkr.com\/lv\/wp-json\/wp\/v2\/product_tag?post=831571"}],"curies":[{"name":"wp","href":"https:\/\/api.w.org\/{rel}","templated":true}]}}