{"id":827657,"date":"2025-06-13T09:24:13","date_gmt":"2025-06-13T06:24:13","guid":{"rendered":"https:\/\/nextsnkr.com\/product\/nike-air-force-1-custom-white\/"},"modified":"2026-02-02T15:58:02","modified_gmt":"2026-02-02T12:58:02","slug":"nike-air-force-1-custom-white","status":"publish","type":"product","link":"https:\/\/nextsnkr.com\/lv\/product\/nike-air-force-1-custom-white\/","title":{"rendered":"Adidas Forum Low White black \u0101das \u010d\u012bbas-stils un komforts"},"content":{"rendered":"<h2>Adidas Forum Low White black \u0101das \u010d\u012bbas-stils un komforts<\/h2>\n<p>&nbsp;<\/p>\n<p>Adidas Forum Low White Black \u010d\u012bbas ir ikonisks \u0101das modelis, kas apvieno stilu un uzticamu kvalit\u0101ti. Z\u012bmola materi\u0101li nodro\u0161ina iztur\u012bbu, un \u0113rta, zema piegul\u0161ana padara tos ide\u0101li piem\u0113rotus ikdienas lieto\u0161anai. Melni akcenti uz balta fona pie\u0161\u0137ir daudzpus\u012bbu, viegli savienojot p\u0101r\u012b ar jebkuru izskatu. \u0160\u012bs \u010d\u012bbas, kas ra\u017eotas Vjetnam\u0101, garant\u0113 komfortu, iztur\u012bbu un p\u0101rliec\u012bbu par katru soli. Izv\u0113lieties Adidas Forum Low-p\u0101rbaud\u012btu klasiku, kas vienm\u0113r ir tendence.<\/p>\n","protected":false},"excerpt":{"rendered":"<p>Adidas Forum Low White Black \u010d\u012bbas ir ikonisks \u0101das modelis, kas apvieno stilu un uzticamu kvalit\u0101ti. Z\u012bmola materi\u0101li nodro\u0161ina iztur\u012bbu, un \u0113rta, zema piegul\u0161ana padara tos ide\u0101li piem\u0113rotus ikdienas lieto\u0161anai. Melni akcenti uz balta fona pie\u0161\u0137ir daudzpus\u012bbu, viegli savienojot p\u0101r\u012b ar jebkuru izskatu. \u0160\u012bs \u010d\u012bbas, kas ra\u017eotas Vjetnam\u0101, garant\u0113 komfortu, iztur\u012bbu un p\u0101rliec\u012bbu par katru soli. Izv\u0113lieties Adidas Forum Low-p\u0101rbaud\u012btu klasiku, kas vienm\u0113r ir tendence.<\/p>\n","protected":false},"featured_media":827658,"comment_status":"open","ping_status":"open","template":"","meta":[],"product_brand":[],"product_cat":[3251,3322],"product_tag":[],"class_list":{"0":"post-827657","1":"product","2":"type-product","3":"status-publish","4":"has-post-thumbnail","6":"product_cat-all-product","7":"product_cat-kedy","8":"pa_rozmir-910","9":"pa_rozmir-912","10":"pa_rozmir-914","11":"pa_rozmir-915","12":"pa_rozmir-916","13":"pa_rozmir-917","14":"pa_rozmir-918","15":"pa_rozmir-919","16":"pa_rozmir-920","17":"pa_rozmir-921","18":"pa_rozmir-922","20":"first","21":"instock","22":"purchasable","23":"product-type-variable"},"_links":{"self":[{"href":"https:\/\/nextsnkr.com\/lv\/wp-json\/wp\/v2\/product\/827657","targetHints":{"allow":["GET"]}}],"collection":[{"href":"https:\/\/nextsnkr.com\/lv\/wp-json\/wp\/v2\/product"}],"about":[{"href":"https:\/\/nextsnkr.com\/lv\/wp-json\/wp\/v2\/types\/product"}],"replies":[{"embeddable":true,"href":"https:\/\/nextsnkr.com\/lv\/wp-json\/wp\/v2\/comments?post=827657"}],"version-history":[{"count":0,"href":"https:\/\/nextsnkr.com\/lv\/wp-json\/wp\/v2\/product\/827657\/revisions"}],"wp:featuredmedia":[{"embeddable":true,"href":"https:\/\/nextsnkr.com\/lv\/wp-json\/wp\/v2\/media\/827658"}],"wp:attachment":[{"href":"https:\/\/nextsnkr.com\/lv\/wp-json\/wp\/v2\/media?parent=827657"}],"wp:term":[{"taxonomy":"product_brand","embeddable":true,"href":"https:\/\/nextsnkr.com\/lv\/wp-json\/wp\/v2\/product_brand?post=827657"},{"taxonomy":"product_cat","embeddable":true,"href":"https:\/\/nextsnkr.com\/lv\/wp-json\/wp\/v2\/product_cat?post=827657"},{"taxonomy":"product_tag","embeddable":true,"href":"https:\/\/nextsnkr.com\/lv\/wp-json\/wp\/v2\/product_tag?post=827657"}],"curies":[{"name":"wp","href":"https:\/\/api.w.org\/{rel}","templated":true}]}}