{"id":826810,"date":"2025-06-13T09:25:56","date_gmt":"2025-06-13T06:25:56","guid":{"rendered":"https:\/\/nextsnkr.com\/product\/air-force-white\/"},"modified":"2026-02-02T15:57:29","modified_gmt":"2026-02-02T12:57:29","slug":"air-force-white","status":"publish","type":"product","link":"https:\/\/nextsnkr.com\/lv\/product\/air-force-white\/","title":{"rendered":"Nike Air Force White \u0101das \u010d\u012bbas-klasisk\u0101s v\u012brie\u0161u \u010d\u012bbas"},"content":{"rendered":"<h2>Nike Air Force White \u0101das \u010d\u012bbas-klasisk\u0101s v\u012brie\u0161u \u010d\u012bbas<\/h2>\n<p>&nbsp;<\/p>\n<p>Nike Air Force White stil\u012bg\u0101s \u010d\u012bbas ir izgatavotas no kvalitat\u012bvas \u012bstas \u0101das, kas nodro\u0161ina komfortu, nodilumiztur\u012bbu un nevainojamu izskatu. Klasiskais baltais dizains ir viegli savienojams ar jebkuru stilu \u2014 no ikdienas l\u012bdz sportiskam. Ra\u017eoti Vjetnam\u0101, tie garant\u0113 uzticamu kvalit\u0101ti, \u0113rtu piem\u0113rot\u012bbu un ilgu kalpo\u0161anas laiku. Ide\u0101la izv\u0113le tiem, kas nov\u0113rt\u0113 komfortu un le\u0123end\u0101ro Nike stilu. Kods: NK007-24256.<\/p>\n","protected":false},"excerpt":{"rendered":"<p>Nike Air Force White stil\u012bg\u0101s \u010d\u012bbas ir izgatavotas no kvalitat\u012bvas \u012bstas \u0101das, kas nodro\u0161ina komfortu, nodilumiztur\u012bbu un nevainojamu izskatu. Klasiskais baltais dizains ir viegli savienojams ar jebkuru stilu \u2014 no ikdienas l\u012bdz sportiskam. Ra\u017eoti Vjetnam\u0101, tie garant\u0113 uzticamu kvalit\u0101ti, \u0113rtu piem\u0113rot\u012bbu un ilgu kalpo\u0161anas laiku. Ide\u0101la izv\u0113le tiem, kas nov\u0113rt\u0113 komfortu un le\u0123end\u0101ro Nike stilu. Kods: NK007-24256.<\/p>\n","protected":false},"featured_media":826811,"comment_status":"open","ping_status":"open","template":"","meta":[],"product_brand":[],"product_cat":[3251,3322],"product_tag":[],"class_list":{"0":"post-826810","1":"product","2":"type-product","3":"status-publish","4":"has-post-thumbnail","6":"product_cat-all-product","7":"product_cat-kedy","8":"pa_rozmir-910","9":"pa_rozmir-912","10":"pa_rozmir-914","11":"pa_rozmir-915","12":"pa_rozmir-916","13":"pa_rozmir-917","14":"pa_rozmir-918","15":"pa_rozmir-919","16":"pa_rozmir-920","17":"pa_rozmir-921","18":"pa_rozmir-922","20":"first","21":"onbackorder","22":"purchasable","23":"product-type-variable"},"_links":{"self":[{"href":"https:\/\/nextsnkr.com\/lv\/wp-json\/wp\/v2\/product\/826810","targetHints":{"allow":["GET"]}}],"collection":[{"href":"https:\/\/nextsnkr.com\/lv\/wp-json\/wp\/v2\/product"}],"about":[{"href":"https:\/\/nextsnkr.com\/lv\/wp-json\/wp\/v2\/types\/product"}],"replies":[{"embeddable":true,"href":"https:\/\/nextsnkr.com\/lv\/wp-json\/wp\/v2\/comments?post=826810"}],"version-history":[{"count":0,"href":"https:\/\/nextsnkr.com\/lv\/wp-json\/wp\/v2\/product\/826810\/revisions"}],"wp:featuredmedia":[{"embeddable":true,"href":"https:\/\/nextsnkr.com\/lv\/wp-json\/wp\/v2\/media\/826811"}],"wp:attachment":[{"href":"https:\/\/nextsnkr.com\/lv\/wp-json\/wp\/v2\/media?parent=826810"}],"wp:term":[{"taxonomy":"product_brand","embeddable":true,"href":"https:\/\/nextsnkr.com\/lv\/wp-json\/wp\/v2\/product_brand?post=826810"},{"taxonomy":"product_cat","embeddable":true,"href":"https:\/\/nextsnkr.com\/lv\/wp-json\/wp\/v2\/product_cat?post=826810"},{"taxonomy":"product_tag","embeddable":true,"href":"https:\/\/nextsnkr.com\/lv\/wp-json\/wp\/v2\/product_tag?post=826810"}],"curies":[{"name":"wp","href":"https:\/\/api.w.org\/{rel}","templated":true}]}}