{"id":826640,"date":"2025-06-12T16:03:46","date_gmt":"2025-06-12T13:03:46","guid":{"rendered":"https:\/\/nextsnkr.com\/product\/gucci-gg-rhyton\/"},"modified":"2026-02-02T15:57:25","modified_gmt":"2026-02-02T12:57:25","slug":"gucci-gg-rhyton","status":"publish","type":"product","link":"https:\/\/nextsnkr.com\/lv\/product\/gucci-gg-rhyton\/","title":{"rendered":"Gucci GG rhyton \u010d\u012bbas ir tekstilizstr\u0101d\u0101jumi stil\u012bgai un \u0113rtai valk\u0101\u0161anai"},"content":{"rendered":"<h2>Gucci GG rhyton \u010d\u012bbas ir tekstilizstr\u0101d\u0101jumi stil\u012bgai un \u0113rtai valk\u0101\u0161anai<\/h2>\n<p>&nbsp;<\/p>\n<p>Gucci GG Rhyton \u010d\u012bbas ir izgatavotas no kvalitat\u012bviem tekstilizstr\u0101d\u0101jumiem, apvienojot m\u016bsdien\u012bgu dizainu un komfortu ikdienas lieto\u0161anai. Vieglais dizains nodro\u0161ina \u0113rtu staig\u0101\u0161anu, savuk\u0101rt stil\u012bgais dizains un atpaz\u012bstamais Gucci z\u012bmols izce\u013c j\u016bsu statusu un gaumi. \u0160\u012bs \u010d\u012bbas, kas ir ide\u0101li piem\u0113rotas pastaig\u0101m, pils\u0113tai un \u0101ra aktivit\u0101t\u0113m, k\u013c\u016bs par spilgtu akcentu j\u016bsu izskat\u0101, apvienojot praktiskumu, eleganci un iztur\u012bbu katru dienu.<\/p>\n","protected":false},"excerpt":{"rendered":"<p>Gucci GG Rhyton \u010d\u012bbas ir izgatavotas no kvalitat\u012bviem tekstilizstr\u0101d\u0101jumiem, apvienojot m\u016bsdien\u012bgu dizainu un komfortu ikdienas lieto\u0161anai. Vieglais dizains nodro\u0161ina \u0113rtu staig\u0101\u0161anu, savuk\u0101rt stil\u012bgais dizains un atpaz\u012bstamais Gucci z\u012bmols izce\u013c j\u016bsu statusu un gaumi. \u0160\u012bs \u010d\u012bbas, kas ir ide\u0101li piem\u0113rotas pastaig\u0101m, pils\u0113tai un \u0101ra aktivit\u0101t\u0113m, k\u013c\u016bs par spilgtu akcentu j\u016bsu izskat\u0101, apvienojot praktiskumu, eleganci un iztur\u012bbu katru dienu.<\/p>\n","protected":false},"featured_media":826641,"comment_status":"open","ping_status":"open","template":"","meta":[],"product_brand":[],"product_cat":[3251,3252],"product_tag":[],"class_list":{"0":"post-826640","1":"product","2":"type-product","3":"status-publish","4":"has-post-thumbnail","6":"product_cat-all-product","7":"product_cat-krosivky","8":"pa_rozmir-910","9":"pa_rozmir-912","10":"pa_rozmir-914","11":"pa_rozmir-915","12":"pa_rozmir-916","13":"pa_rozmir-917","14":"pa_rozmir-918","15":"pa_rozmir-919","16":"pa_rozmir-920","17":"pa_rozmir-921","18":"pa_rozmir-922","20":"first","21":"onbackorder","22":"purchasable","23":"product-type-variable"},"_links":{"self":[{"href":"https:\/\/nextsnkr.com\/lv\/wp-json\/wp\/v2\/product\/826640","targetHints":{"allow":["GET"]}}],"collection":[{"href":"https:\/\/nextsnkr.com\/lv\/wp-json\/wp\/v2\/product"}],"about":[{"href":"https:\/\/nextsnkr.com\/lv\/wp-json\/wp\/v2\/types\/product"}],"replies":[{"embeddable":true,"href":"https:\/\/nextsnkr.com\/lv\/wp-json\/wp\/v2\/comments?post=826640"}],"version-history":[{"count":0,"href":"https:\/\/nextsnkr.com\/lv\/wp-json\/wp\/v2\/product\/826640\/revisions"}],"wp:featuredmedia":[{"embeddable":true,"href":"https:\/\/nextsnkr.com\/lv\/wp-json\/wp\/v2\/media\/826641"}],"wp:attachment":[{"href":"https:\/\/nextsnkr.com\/lv\/wp-json\/wp\/v2\/media?parent=826640"}],"wp:term":[{"taxonomy":"product_brand","embeddable":true,"href":"https:\/\/nextsnkr.com\/lv\/wp-json\/wp\/v2\/product_brand?post=826640"},{"taxonomy":"product_cat","embeddable":true,"href":"https:\/\/nextsnkr.com\/lv\/wp-json\/wp\/v2\/product_cat?post=826640"},{"taxonomy":"product_tag","embeddable":true,"href":"https:\/\/nextsnkr.com\/lv\/wp-json\/wp\/v2\/product_tag?post=826640"}],"curies":[{"name":"wp","href":"https:\/\/api.w.org\/{rel}","templated":true}]}}