{"id":825961,"date":"2025-06-12T16:04:29","date_gmt":"2025-06-12T13:04:29","guid":{"rendered":"https:\/\/nextsnkr.com\/product\/1906r-grey-purple\/"},"modified":"2026-02-02T15:56:58","modified_gmt":"2026-02-02T12:56:58","slug":"1906r-grey-purple","status":"publish","type":"product","link":"https:\/\/nextsnkr.com\/lv\/product\/1906r-grey-purple\/","title":{"rendered":"1906r Grey Purple tekstila \u010d\u012bbas komfortam un stilam"},"content":{"rendered":"<h2>1906r Grey Purple tekstila \u010d\u012bbas komfortam un stilam<\/h2>\n<p>&nbsp;<\/p>\n<p>1906r Grey Purple \u010d\u012bbas ir izgatavotas no kvalitat\u012bviem tekstilizstr\u0101d\u0101jumiem, kas nodro\u0161ina vieglumu, elpojam\u012bbu un komfortu ikdienas valk\u0101\u0161an\u0101. Pel\u0113k\u0101s un purpursarkan\u0101s nokr\u0101sas pie\u0161\u0137ir izskatu m\u016bsdien\u012bgu stilu un unikalit\u0101ti. Viegla konstrukcija ir piem\u0113rota pastaig\u0101m, pils\u0113tai un \u0101ra aktivit\u0101t\u0113m, un uzticama izgatavo\u0161ana garant\u0113 iztur\u012bbu. Izv\u0113lieties 1906r \u010d\u012bbas stil\u012bgiem, praktiskiem un \u0113rtiem apaviem katru dienu.<\/p>\n","protected":false},"excerpt":{"rendered":"<p>1906r Grey Purple \u010d\u012bbas ir izgatavotas no kvalitat\u012bviem tekstilizstr\u0101d\u0101jumiem, kas nodro\u0161ina vieglumu, elpojam\u012bbu un komfortu ikdienas valk\u0101\u0161an\u0101. Pel\u0113k\u0101s un purpursarkan\u0101s nokr\u0101sas pie\u0161\u0137ir izskatu m\u016bsdien\u012bgu stilu un unikalit\u0101ti. Viegla konstrukcija ir piem\u0113rota pastaig\u0101m, pils\u0113tai un \u0101ra aktivit\u0101t\u0113m, un uzticama izgatavo\u0161ana garant\u0113 iztur\u012bbu. Izv\u0113lieties 1906r \u010d\u012bbas stil\u012bgiem, praktiskiem un \u0113rtiem apaviem katru dienu.<\/p>\n","protected":false},"featured_media":825962,"comment_status":"open","ping_status":"open","template":"","meta":[],"product_brand":[],"product_cat":[3251,3252],"product_tag":[],"class_list":{"0":"post-825961","1":"product","2":"type-product","3":"status-publish","4":"has-post-thumbnail","6":"product_cat-all-product","7":"product_cat-krosivky","8":"pa_rozmir-910","9":"pa_rozmir-912","10":"pa_rozmir-914","11":"pa_rozmir-915","12":"pa_rozmir-916","13":"pa_rozmir-917","14":"pa_rozmir-918","15":"pa_rozmir-919","16":"pa_rozmir-920","17":"pa_rozmir-921","18":"pa_rozmir-922","20":"first","21":"instock","22":"purchasable","23":"product-type-variable"},"_links":{"self":[{"href":"https:\/\/nextsnkr.com\/lv\/wp-json\/wp\/v2\/product\/825961","targetHints":{"allow":["GET"]}}],"collection":[{"href":"https:\/\/nextsnkr.com\/lv\/wp-json\/wp\/v2\/product"}],"about":[{"href":"https:\/\/nextsnkr.com\/lv\/wp-json\/wp\/v2\/types\/product"}],"replies":[{"embeddable":true,"href":"https:\/\/nextsnkr.com\/lv\/wp-json\/wp\/v2\/comments?post=825961"}],"version-history":[{"count":0,"href":"https:\/\/nextsnkr.com\/lv\/wp-json\/wp\/v2\/product\/825961\/revisions"}],"wp:featuredmedia":[{"embeddable":true,"href":"https:\/\/nextsnkr.com\/lv\/wp-json\/wp\/v2\/media\/825962"}],"wp:attachment":[{"href":"https:\/\/nextsnkr.com\/lv\/wp-json\/wp\/v2\/media?parent=825961"}],"wp:term":[{"taxonomy":"product_brand","embeddable":true,"href":"https:\/\/nextsnkr.com\/lv\/wp-json\/wp\/v2\/product_brand?post=825961"},{"taxonomy":"product_cat","embeddable":true,"href":"https:\/\/nextsnkr.com\/lv\/wp-json\/wp\/v2\/product_cat?post=825961"},{"taxonomy":"product_tag","embeddable":true,"href":"https:\/\/nextsnkr.com\/lv\/wp-json\/wp\/v2\/product_tag?post=825961"}],"curies":[{"name":"wp","href":"https:\/\/api.w.org\/{rel}","templated":true}]}}