{"id":825282,"date":"2025-06-12T16:05:52","date_gmt":"2025-06-12T13:05:52","guid":{"rendered":"https:\/\/nextsnkr.com\/product\/1906r-x-jack-harlow\/"},"modified":"2026-02-02T15:56:30","modified_gmt":"2026-02-02T12:56:30","slug":"1906r-x-jack-harlow","status":"publish","type":"product","link":"https:\/\/nextsnkr.com\/lv\/product\/1906r-x-jack-harlow\/","title":{"rendered":"1906r x Jack Harlow \u010d\u012bbas tekstila stil\u012bgas un \u0113rtas"},"content":{"rendered":"<h2>1906r x Jack Harlow \u010d\u012bbas tekstila stil\u012bgas un \u0113rtas<\/h2>\n<p>&nbsp;<\/p>\n<p>Sporta apavi 1906r x Jack Harlow izgatavoti no augstas kvalit\u0101tes tekstila, kas nodro\u0161ina vieglu un \u0113rtu lieto\u0161anu ikdienas valk\u0101\u0161anai. Dizains \u043a\u043e\u043b\u043b\u0430\u0431\u043e\u0440\u0430\u0446\u0438\u0438 ar Jack Harlow piebilst unikalit\u0101ti un m\u016bsdienu stilu j\u016bsu t\u0113lam. Viegls dizains un iztur\u012bga zole padara tos ide\u0101li piem\u0113rots pastaig\u0101m, pils\u0113tas un akt\u012bvai atp\u016btai. Izv\u0113lieties 1906r x Jack Harlow \u010d\u012bbas \u0113rt\u0101m, stil\u012bg\u0101m un iztur\u012bg\u0101m kurp\u0113m katru dienu.<\/p>\n","protected":false},"excerpt":{"rendered":"<p>Sporta apavi 1906r x Jack Harlow izgatavoti no augstas kvalit\u0101tes tekstila, kas nodro\u0161ina vieglu un \u0113rtu lieto\u0161anu ikdienas valk\u0101\u0161anai. Dizains \u043a\u043e\u043b\u043b\u0430\u0431\u043e\u0440\u0430\u0446\u0438\u0438 ar Jack Harlow piebilst unikalit\u0101ti un m\u016bsdienu stilu j\u016bsu t\u0113lam. Viegls dizains un iztur\u012bga zole padara tos ide\u0101li piem\u0113rots pastaig\u0101m, pils\u0113tas un akt\u012bvai atp\u016btai. Izv\u0113lieties 1906r x Jack Harlow \u010d\u012bbas \u0113rt\u0101m, stil\u012bg\u0101m un iztur\u012bg\u0101m kurp\u0113m katru dienu.<\/p>\n","protected":false},"featured_media":825283,"comment_status":"open","ping_status":"open","template":"","meta":[],"product_brand":[],"product_cat":[3251,3252],"product_tag":[],"class_list":{"0":"post-825282","1":"product","2":"type-product","3":"status-publish","4":"has-post-thumbnail","6":"product_cat-all-product","7":"product_cat-krosivky","8":"pa_rozmir-910","9":"pa_rozmir-912","10":"pa_rozmir-914","11":"pa_rozmir-915","12":"pa_rozmir-916","13":"pa_rozmir-917","14":"pa_rozmir-918","15":"pa_rozmir-919","16":"pa_rozmir-920","17":"pa_rozmir-921","18":"pa_rozmir-922","20":"first","21":"onbackorder","22":"purchasable","23":"product-type-variable"},"_links":{"self":[{"href":"https:\/\/nextsnkr.com\/lv\/wp-json\/wp\/v2\/product\/825282","targetHints":{"allow":["GET"]}}],"collection":[{"href":"https:\/\/nextsnkr.com\/lv\/wp-json\/wp\/v2\/product"}],"about":[{"href":"https:\/\/nextsnkr.com\/lv\/wp-json\/wp\/v2\/types\/product"}],"replies":[{"embeddable":true,"href":"https:\/\/nextsnkr.com\/lv\/wp-json\/wp\/v2\/comments?post=825282"}],"version-history":[{"count":0,"href":"https:\/\/nextsnkr.com\/lv\/wp-json\/wp\/v2\/product\/825282\/revisions"}],"wp:featuredmedia":[{"embeddable":true,"href":"https:\/\/nextsnkr.com\/lv\/wp-json\/wp\/v2\/media\/825283"}],"wp:attachment":[{"href":"https:\/\/nextsnkr.com\/lv\/wp-json\/wp\/v2\/media?parent=825282"}],"wp:term":[{"taxonomy":"product_brand","embeddable":true,"href":"https:\/\/nextsnkr.com\/lv\/wp-json\/wp\/v2\/product_brand?post=825282"},{"taxonomy":"product_cat","embeddable":true,"href":"https:\/\/nextsnkr.com\/lv\/wp-json\/wp\/v2\/product_cat?post=825282"},{"taxonomy":"product_tag","embeddable":true,"href":"https:\/\/nextsnkr.com\/lv\/wp-json\/wp\/v2\/product_tag?post=825282"}],"curies":[{"name":"wp","href":"https:\/\/api.w.org\/{rel}","templated":true}]}}