{"id":824278,"date":"2025-06-12T16:07:35","date_gmt":"2025-06-12T13:07:35","guid":{"rendered":"https:\/\/nextsnkr.com\/product\/1906r-phantom-dark-silver-metallic\/"},"modified":"2026-02-02T15:55:52","modified_gmt":"2026-02-02T12:55:52","slug":"1906r-phantom-dark-silver-metallic","status":"publish","type":"product","link":"https:\/\/nextsnkr.com\/lv\/product\/1906r-phantom-dark-silver-metallic\/","title":{"rendered":"\u010c\u012bbas 1906r Phantom \/ Dark Silver Metallic tekstila stil\u012bgs"},"content":{"rendered":"<h2>\u010c\u012bbas 1906r Phantom \/ Dark Silver Metallic tekstila stil\u012bgs<\/h2>\n<p>&nbsp;<\/p>\n<p>1906r Phantom \/ Dark Silver Metallic \u010d\u012bbas ir izgatavotas no augstas kvalit\u0101tes tekstilizstr\u0101d\u0101jumiem, kas nodro\u0161ina komfortu, vieglumu un elpojam\u012bbu ikdienas valk\u0101\u0161an\u0101. Tum\u0161i sudraba un melnu to\u0146u kombin\u0101cija rada modernu, daudzpus\u012bgu izskatu, izce\u013cot individu\u0101lo stilu. Viegla konstrukcija un iztur\u012bga zole padara \u010d\u012bbas ide\u0101li piem\u0113rotas pastaig\u0101m, pils\u0113tai un \u0101ra aktivit\u0101t\u0113m. Izv\u0113lieties 1906r stil\u012bgiem, \u0113rtiem un iztur\u012bgiem apaviem katru dienu.<\/p>\n","protected":false},"excerpt":{"rendered":"<p>1906r Phantom \/ Dark Silver Metallic \u010d\u012bbas ir izgatavotas no augstas kvalit\u0101tes tekstilizstr\u0101d\u0101jumiem, kas nodro\u0161ina komfortu, vieglumu un elpojam\u012bbu ikdienas valk\u0101\u0161an\u0101. Tum\u0161i sudraba un melnu to\u0146u kombin\u0101cija rada modernu, daudzpus\u012bgu izskatu, izce\u013cot individu\u0101lo stilu. Viegla konstrukcija un iztur\u012bga zole padara \u010d\u012bbas ide\u0101li piem\u0113rotas pastaig\u0101m, pils\u0113tai un \u0101ra aktivit\u0101t\u0113m. Izv\u0113lieties 1906r stil\u012bgiem, \u0113rtiem un iztur\u012bgiem apaviem katru dienu.<\/p>\n","protected":false},"featured_media":824281,"comment_status":"open","ping_status":"open","template":"","meta":[],"product_brand":[],"product_cat":[3251,3252],"product_tag":[],"class_list":{"0":"post-824278","1":"product","2":"type-product","3":"status-publish","4":"has-post-thumbnail","6":"product_cat-all-product","7":"product_cat-krosivky","8":"pa_rozmir-910","9":"pa_rozmir-912","10":"pa_rozmir-914","11":"pa_rozmir-915","12":"pa_rozmir-916","13":"pa_rozmir-917","14":"pa_rozmir-918","15":"pa_rozmir-919","16":"pa_rozmir-920","17":"pa_rozmir-921","18":"pa_rozmir-922","20":"first","21":"onbackorder","22":"purchasable","23":"product-type-variable"},"_links":{"self":[{"href":"https:\/\/nextsnkr.com\/lv\/wp-json\/wp\/v2\/product\/824278","targetHints":{"allow":["GET"]}}],"collection":[{"href":"https:\/\/nextsnkr.com\/lv\/wp-json\/wp\/v2\/product"}],"about":[{"href":"https:\/\/nextsnkr.com\/lv\/wp-json\/wp\/v2\/types\/product"}],"replies":[{"embeddable":true,"href":"https:\/\/nextsnkr.com\/lv\/wp-json\/wp\/v2\/comments?post=824278"}],"version-history":[{"count":0,"href":"https:\/\/nextsnkr.com\/lv\/wp-json\/wp\/v2\/product\/824278\/revisions"}],"wp:featuredmedia":[{"embeddable":true,"href":"https:\/\/nextsnkr.com\/lv\/wp-json\/wp\/v2\/media\/824281"}],"wp:attachment":[{"href":"https:\/\/nextsnkr.com\/lv\/wp-json\/wp\/v2\/media?parent=824278"}],"wp:term":[{"taxonomy":"product_brand","embeddable":true,"href":"https:\/\/nextsnkr.com\/lv\/wp-json\/wp\/v2\/product_brand?post=824278"},{"taxonomy":"product_cat","embeddable":true,"href":"https:\/\/nextsnkr.com\/lv\/wp-json\/wp\/v2\/product_cat?post=824278"},{"taxonomy":"product_tag","embeddable":true,"href":"https:\/\/nextsnkr.com\/lv\/wp-json\/wp\/v2\/product_tag?post=824278"}],"curies":[{"name":"wp","href":"https:\/\/api.w.org\/{rel}","templated":true}]}}