{"id":823059,"date":"2025-06-12T16:09:17","date_gmt":"2025-06-12T13:09:17","guid":{"rendered":"https:\/\/nextsnkr.com\/product\/mini-platform-grass-green\/"},"modified":"2026-02-02T15:55:10","modified_gmt":"2026-02-02T12:55:10","slug":"mini-platform-grass-green","status":"publish","type":"product","link":"https:\/\/nextsnkr.com\/lv\/product\/mini-platform-grass-green\/","title":{"rendered":"UGG Mini Platform Grass Green zam\u0161\u0101das ar ka\u017eok\u0101du stil\u012bgs un \u0113rts"},"content":{"rendered":"<h2>UGG Mini Platform Grass Green zam\u0161\u0101das ar ka\u017eok\u0101du stil\u012bgs un \u0113rts<\/h2>\n<p>&nbsp;<\/p>\n<p>UGG Mini Platform Grass Green z\u0101baki ir izgatavoti no dab\u012bgas zam\u0161\u0101das un izol\u0113ti ar m\u012bkstu ka\u017eok\u0101du, kas nodro\u0161ina siltumu un komfortu aukstaj\u0101 sezon\u0101. Spilgti za\u013c\u0101 nokr\u0101sa pie\u0161\u0137ir izskatu ori\u0123inalit\u0101ti un m\u016bsdien\u012bgu stilu. Platforma un iztur\u012bg\u0101 zole garant\u0113 stabilit\u0101ti un \u0113rtu staig\u0101\u0161anu. Ide\u0101li piem\u0113rots ikdienas valk\u0101\u0161anai, pastaig\u0101m un \u0101ra aktivit\u0101t\u0113m. Izv\u0113lieties Ugg Mini Platform Grass Green stil\u012bgiem, \u0113rtiem un iztur\u012bgiem apaviem.<\/p>\n","protected":false},"excerpt":{"rendered":"<p>UGG Mini Platform Grass Green z\u0101baki ir izgatavoti no dab\u012bgas zam\u0161\u0101das un izol\u0113ti ar m\u012bkstu ka\u017eok\u0101du, kas nodro\u0161ina siltumu un komfortu aukstaj\u0101 sezon\u0101. Spilgti za\u013c\u0101 nokr\u0101sa pie\u0161\u0137ir izskatu ori\u0123inalit\u0101ti un m\u016bsdien\u012bgu stilu. Platforma un iztur\u012bg\u0101 zole garant\u0113 stabilit\u0101ti un \u0113rtu staig\u0101\u0161anu. Ide\u0101li piem\u0113rots ikdienas valk\u0101\u0161anai, pastaig\u0101m un \u0101ra aktivit\u0101t\u0113m. Izv\u0113lieties Ugg Mini Platform Grass Green stil\u012bgiem, \u0113rtiem un iztur\u012bgiem apaviem.<\/p>\n","protected":false},"featured_media":823063,"comment_status":"open","ping_status":"open","template":"","meta":[],"product_brand":[],"product_cat":[3411,3251],"product_tag":[],"class_list":{"0":"post-823059","1":"product","2":"type-product","3":"status-publish","4":"has-post-thumbnail","6":"product_cat-ugg","7":"product_cat-all-product","8":"pa_rozmir-910","9":"pa_rozmir-912","10":"pa_rozmir-914","11":"pa_rozmir-915","12":"pa_rozmir-916","13":"pa_rozmir-917","14":"pa_rozmir-918","15":"pa_rozmir-919","16":"pa_rozmir-920","17":"pa_rozmir-921","18":"pa_rozmir-922","20":"first","21":"onbackorder","22":"purchasable","23":"product-type-variable"},"_links":{"self":[{"href":"https:\/\/nextsnkr.com\/lv\/wp-json\/wp\/v2\/product\/823059","targetHints":{"allow":["GET"]}}],"collection":[{"href":"https:\/\/nextsnkr.com\/lv\/wp-json\/wp\/v2\/product"}],"about":[{"href":"https:\/\/nextsnkr.com\/lv\/wp-json\/wp\/v2\/types\/product"}],"replies":[{"embeddable":true,"href":"https:\/\/nextsnkr.com\/lv\/wp-json\/wp\/v2\/comments?post=823059"}],"version-history":[{"count":0,"href":"https:\/\/nextsnkr.com\/lv\/wp-json\/wp\/v2\/product\/823059\/revisions"}],"wp:featuredmedia":[{"embeddable":true,"href":"https:\/\/nextsnkr.com\/lv\/wp-json\/wp\/v2\/media\/823063"}],"wp:attachment":[{"href":"https:\/\/nextsnkr.com\/lv\/wp-json\/wp\/v2\/media?parent=823059"}],"wp:term":[{"taxonomy":"product_brand","embeddable":true,"href":"https:\/\/nextsnkr.com\/lv\/wp-json\/wp\/v2\/product_brand?post=823059"},{"taxonomy":"product_cat","embeddable":true,"href":"https:\/\/nextsnkr.com\/lv\/wp-json\/wp\/v2\/product_cat?post=823059"},{"taxonomy":"product_tag","embeddable":true,"href":"https:\/\/nextsnkr.com\/lv\/wp-json\/wp\/v2\/product_tag?post=823059"}],"curies":[{"name":"wp","href":"https:\/\/api.w.org\/{rel}","templated":true}]}}