{"id":821497,"date":"2025-06-13T09:32:34","date_gmt":"2025-06-13T06:32:34","guid":{"rendered":"https:\/\/nextsnkr.com\/product\/new-balance-550-white-grey\/"},"modified":"2026-02-02T15:54:10","modified_gmt":"2026-02-02T12:54:10","slug":"new-balance-550-white-grey","status":"publish","type":"product","link":"https:\/\/nextsnkr.com\/lv\/product\/new-balance-550-white-grey\/","title":{"rendered":"New Balance 550 White Grey \u0101das \/ zam\u0161\u0101das \u010d\u012bbas-klasisks stils"},"content":{"rendered":"<h2>New Balance 550 White Grey \u0101das \/ zam\u0161\u0101das \u010d\u012bbas-klasisks stils<\/h2>\n<p>&nbsp;<\/p>\n<p>M\u016bsdienu New Balance 550 White Grey \u010d\u012bbas ir izgatavotas no kvalitat\u012bvas \u0101das un zam\u0161\u0101das kombin\u0101cijas, kas nodro\u0161ina komfortu, iztur\u012bbu un stil\u012bgu izskatu. Balt\u0101 un pel\u0113k\u0101 kr\u0101su kombin\u0101cija padara modeli daudzpus\u012bgu un viegli savienojamu ar jebkuru dr\u0113bju skapi. \u0160\u012bs \u010d\u012bbas, kas ra\u017eotas \u0136\u012bn\u0101, garant\u0113 uzticamu kvalit\u0101ti, \u0113rtu piem\u0113rot\u012bbu un modernu dizainu. Ide\u0101la izv\u0113le ikdienas valk\u0101\u0161anai un akt\u012bvam dz\u012bvesveidam. Kods: NB041-382416.<\/p>\n","protected":false},"excerpt":{"rendered":"<p>M\u016bsdienu New Balance 550 White Grey \u010d\u012bbas ir izgatavotas no kvalitat\u012bvas \u0101das un zam\u0161\u0101das kombin\u0101cijas, kas nodro\u0161ina komfortu, iztur\u012bbu un stil\u012bgu izskatu. Balt\u0101 un pel\u0113k\u0101 kr\u0101su kombin\u0101cija padara modeli daudzpus\u012bgu un viegli savienojamu ar jebkuru dr\u0113bju skapi. \u0160\u012bs \u010d\u012bbas, kas ra\u017eotas \u0136\u012bn\u0101, garant\u0113 uzticamu kvalit\u0101ti, \u0113rtu piem\u0113rot\u012bbu un modernu dizainu. Ide\u0101la izv\u0113le ikdienas valk\u0101\u0161anai un akt\u012bvam dz\u012bvesveidam. Kods: NB041-382416.<\/p>\n","protected":false},"featured_media":821501,"comment_status":"open","ping_status":"open","template":"","meta":[],"product_brand":[],"product_cat":[3251,3252],"product_tag":[],"class_list":{"0":"post-821497","1":"product","2":"type-product","3":"status-publish","4":"has-post-thumbnail","6":"product_cat-all-product","7":"product_cat-krosivky","8":"pa_rozmir-910","9":"pa_rozmir-912","10":"pa_rozmir-914","11":"pa_rozmir-915","12":"pa_rozmir-916","13":"pa_rozmir-917","14":"pa_rozmir-918","15":"pa_rozmir-919","16":"pa_rozmir-920","17":"pa_rozmir-921","18":"pa_rozmir-922","20":"first","21":"instock","22":"purchasable","23":"product-type-variable"},"_links":{"self":[{"href":"https:\/\/nextsnkr.com\/lv\/wp-json\/wp\/v2\/product\/821497","targetHints":{"allow":["GET"]}}],"collection":[{"href":"https:\/\/nextsnkr.com\/lv\/wp-json\/wp\/v2\/product"}],"about":[{"href":"https:\/\/nextsnkr.com\/lv\/wp-json\/wp\/v2\/types\/product"}],"replies":[{"embeddable":true,"href":"https:\/\/nextsnkr.com\/lv\/wp-json\/wp\/v2\/comments?post=821497"}],"version-history":[{"count":0,"href":"https:\/\/nextsnkr.com\/lv\/wp-json\/wp\/v2\/product\/821497\/revisions"}],"wp:featuredmedia":[{"embeddable":true,"href":"https:\/\/nextsnkr.com\/lv\/wp-json\/wp\/v2\/media\/821501"}],"wp:attachment":[{"href":"https:\/\/nextsnkr.com\/lv\/wp-json\/wp\/v2\/media?parent=821497"}],"wp:term":[{"taxonomy":"product_brand","embeddable":true,"href":"https:\/\/nextsnkr.com\/lv\/wp-json\/wp\/v2\/product_brand?post=821497"},{"taxonomy":"product_cat","embeddable":true,"href":"https:\/\/nextsnkr.com\/lv\/wp-json\/wp\/v2\/product_cat?post=821497"},{"taxonomy":"product_tag","embeddable":true,"href":"https:\/\/nextsnkr.com\/lv\/wp-json\/wp\/v2\/product_tag?post=821497"}],"curies":[{"name":"wp","href":"https:\/\/api.w.org\/{rel}","templated":true}]}}