{"id":821383,"date":"2025-06-12T16:11:17","date_gmt":"2025-06-12T13:11:17","guid":{"rendered":"https:\/\/nextsnkr.com\/product\/yeezy-boost-350-v2-dark-beluga-reflective\/"},"modified":"2026-02-02T15:54:06","modified_gmt":"2026-02-02T12:54:06","slug":"yeezy-boost-350-v2-dark-beluga-reflective","status":"publish","type":"product","link":"https:\/\/nextsnkr.com\/lv\/product\/yeezy-boost-350-v2-dark-beluga-reflective\/","title":{"rendered":"YEEZY Boost 350 V2 Dark Beluga Reflective \u010d\u012bbas, tekstila"},"content":{"rendered":"<h2>YEEZY Boost 350 V2 Dark Beluga Reflective \u010d\u012bbas, tekstila<\/h2>\n<p>&nbsp;<\/p>\n<p>YEEZY Boost 350 V2 Dark Beluga Reflective \u010d\u012bbas ir izgatavotas no augstas kvalit\u0101tes tekstilizstr\u0101d\u0101jumiem, kas nodro\u0161ina komfortu un elpojam\u012bbu ilgsto\u0161as valk\u0101\u0161anas laik\u0101. Slaven\u0101 z\u012bmola Yeezy modelis apvieno modernu dizainu un tehnolo\u0123ijas akt\u012bvam dz\u012bvesveidam. Tum\u0161a kr\u0101sa ar atstarojo\u0161iem elementiem pie\u0161\u0137ir stilu un unikalit\u0101ti. Viegla konstrukcija un \u0113rta zole garant\u0113 komfortu ik uz so\u013ca. Izv\u0113lieties Yeezy Boost 350 V2 moderniem, praktiskiem un kvalitat\u012bviem apaviem.<\/p>\n","protected":false},"excerpt":{"rendered":"<p>YEEZY Boost 350 V2 Dark Beluga Reflective \u010d\u012bbas ir izgatavotas no augstas kvalit\u0101tes tekstilizstr\u0101d\u0101jumiem, kas nodro\u0161ina komfortu un elpojam\u012bbu ilgsto\u0161as valk\u0101\u0161anas laik\u0101. Slaven\u0101 z\u012bmola Yeezy modelis apvieno modernu dizainu un tehnolo\u0123ijas akt\u012bvam dz\u012bvesveidam. Tum\u0161a kr\u0101sa ar atstarojo\u0161iem elementiem pie\u0161\u0137ir stilu un unikalit\u0101ti. Viegla konstrukcija un \u0113rta zole garant\u0113 komfortu ik uz so\u013ca. Izv\u0113lieties Yeezy Boost 350 V2 moderniem, praktiskiem un kvalitat\u012bviem apaviem.<\/p>\n","protected":false},"featured_media":821387,"comment_status":"open","ping_status":"open","template":"","meta":[],"product_brand":[],"product_cat":[3400,3251,3252],"product_tag":[],"class_list":{"0":"post-821383","1":"product","2":"type-product","3":"status-publish","4":"has-post-thumbnail","6":"product_cat-adidas-yeezy","7":"product_cat-all-product","8":"product_cat-krosivky","9":"pa_rozmir-910","10":"pa_rozmir-912","11":"pa_rozmir-914","12":"pa_rozmir-915","13":"pa_rozmir-916","14":"pa_rozmir-917","15":"pa_rozmir-918","16":"pa_rozmir-919","17":"pa_rozmir-920","18":"pa_rozmir-921","19":"pa_rozmir-922","21":"first","22":"instock","23":"purchasable","24":"product-type-variable"},"_links":{"self":[{"href":"https:\/\/nextsnkr.com\/lv\/wp-json\/wp\/v2\/product\/821383","targetHints":{"allow":["GET"]}}],"collection":[{"href":"https:\/\/nextsnkr.com\/lv\/wp-json\/wp\/v2\/product"}],"about":[{"href":"https:\/\/nextsnkr.com\/lv\/wp-json\/wp\/v2\/types\/product"}],"replies":[{"embeddable":true,"href":"https:\/\/nextsnkr.com\/lv\/wp-json\/wp\/v2\/comments?post=821383"}],"version-history":[{"count":0,"href":"https:\/\/nextsnkr.com\/lv\/wp-json\/wp\/v2\/product\/821383\/revisions"}],"wp:featuredmedia":[{"embeddable":true,"href":"https:\/\/nextsnkr.com\/lv\/wp-json\/wp\/v2\/media\/821387"}],"wp:attachment":[{"href":"https:\/\/nextsnkr.com\/lv\/wp-json\/wp\/v2\/media?parent=821383"}],"wp:term":[{"taxonomy":"product_brand","embeddable":true,"href":"https:\/\/nextsnkr.com\/lv\/wp-json\/wp\/v2\/product_brand?post=821383"},{"taxonomy":"product_cat","embeddable":true,"href":"https:\/\/nextsnkr.com\/lv\/wp-json\/wp\/v2\/product_cat?post=821383"},{"taxonomy":"product_tag","embeddable":true,"href":"https:\/\/nextsnkr.com\/lv\/wp-json\/wp\/v2\/product_tag?post=821383"}],"curies":[{"name":"wp","href":"https:\/\/api.w.org\/{rel}","templated":true}]}}