{"id":820841,"date":"2025-06-12T16:12:00","date_gmt":"2025-06-12T13:12:00","guid":{"rendered":"https:\/\/nextsnkr.com\/product\/350-v2-boost-white\/"},"modified":"2026-02-02T15:53:42","modified_gmt":"2026-02-02T12:53:42","slug":"350-v2-boost-white","status":"publish","type":"product","link":"https:\/\/nextsnkr.com\/lv\/product\/350-v2-boost-white\/","title":{"rendered":"Sporta apavi 350 v2 Boost White tekstila, lai ikdienas n\u0113s\u0101\u0161anai"},"content":{"rendered":"<h2>Sporta apavi 350 v2 Boost White tekstila, lai ikdienas n\u0113s\u0101\u0161anai<\/h2>\n<p>&nbsp;<\/p>\n<p>350 V2 Boost White \u010d\u012bbas ir izgatavotas no kvalitat\u012bviem tekstilizstr\u0101d\u0101jumiem,kas nodro\u0161ina \u0113rtu un \u0113rtu staig\u0101\u0161anu. Modelis apvieno modernu stilu un praktiskumu, piem\u0113rots akt\u012bvai ikdienas lieto\u0161anai. Viegl\u0101 zole garant\u0113 p\u0113das \u0113rt\u012bbas un atbalstu ik uz so\u013ca. Balt\u0101 kr\u0101sa pie\u0161\u0137ir izskatam svaigumu un daudzpus\u012bbu. Katru dienu izv\u0113lieties 350 V2 Boost White moderniem un uzticamiem apaviem.<\/p>\n","protected":false},"excerpt":{"rendered":"<p>350 V2 Boost White \u010d\u012bbas ir izgatavotas no kvalitat\u012bviem tekstilizstr\u0101d\u0101jumiem,kas nodro\u0161ina \u0113rtu un \u0113rtu staig\u0101\u0161anu. Modelis apvieno modernu stilu un praktiskumu, piem\u0113rots akt\u012bvai ikdienas lieto\u0161anai. Viegl\u0101 zole garant\u0113 p\u0113das \u0113rt\u012bbas un atbalstu ik uz so\u013ca. Balt\u0101 kr\u0101sa pie\u0161\u0137ir izskatam svaigumu un daudzpus\u012bbu. Katru dienu izv\u0113lieties 350 V2 Boost White moderniem un uzticamiem apaviem.<\/p>\n","protected":false},"featured_media":820842,"comment_status":"open","ping_status":"open","template":"","meta":[],"product_brand":[],"product_cat":[3251,3252],"product_tag":[],"class_list":{"0":"post-820841","1":"product","2":"type-product","3":"status-publish","4":"has-post-thumbnail","6":"product_cat-all-product","7":"product_cat-krosivky","8":"pa_rozmir-910","9":"pa_rozmir-912","10":"pa_rozmir-914","11":"pa_rozmir-915","12":"pa_rozmir-916","13":"pa_rozmir-917","14":"pa_rozmir-918","15":"pa_rozmir-919","16":"pa_rozmir-920","17":"pa_rozmir-921","18":"pa_rozmir-922","20":"first","21":"onbackorder","22":"purchasable","23":"product-type-variable"},"_links":{"self":[{"href":"https:\/\/nextsnkr.com\/lv\/wp-json\/wp\/v2\/product\/820841","targetHints":{"allow":["GET"]}}],"collection":[{"href":"https:\/\/nextsnkr.com\/lv\/wp-json\/wp\/v2\/product"}],"about":[{"href":"https:\/\/nextsnkr.com\/lv\/wp-json\/wp\/v2\/types\/product"}],"replies":[{"embeddable":true,"href":"https:\/\/nextsnkr.com\/lv\/wp-json\/wp\/v2\/comments?post=820841"}],"version-history":[{"count":0,"href":"https:\/\/nextsnkr.com\/lv\/wp-json\/wp\/v2\/product\/820841\/revisions"}],"wp:featuredmedia":[{"embeddable":true,"href":"https:\/\/nextsnkr.com\/lv\/wp-json\/wp\/v2\/media\/820842"}],"wp:attachment":[{"href":"https:\/\/nextsnkr.com\/lv\/wp-json\/wp\/v2\/media?parent=820841"}],"wp:term":[{"taxonomy":"product_brand","embeddable":true,"href":"https:\/\/nextsnkr.com\/lv\/wp-json\/wp\/v2\/product_brand?post=820841"},{"taxonomy":"product_cat","embeddable":true,"href":"https:\/\/nextsnkr.com\/lv\/wp-json\/wp\/v2\/product_cat?post=820841"},{"taxonomy":"product_tag","embeddable":true,"href":"https:\/\/nextsnkr.com\/lv\/wp-json\/wp\/v2\/product_tag?post=820841"}],"curies":[{"name":"wp","href":"https:\/\/api.w.org\/{rel}","templated":true}]}}