{"id":819188,"date":"2025-06-12T16:13:41","date_gmt":"2025-06-12T13:13:41","guid":{"rendered":"https:\/\/nextsnkr.com\/product\/dior\/"},"modified":"2026-02-02T15:52:40","modified_gmt":"2026-02-02T12:52:40","slug":"dior","status":"publish","type":"product","link":"https:\/\/nextsnkr.com\/lv\/product\/dior\/","title":{"rendered":"Dior \u010d\u012bbas ir stil\u012bgas un \u0113rtas ikdienas lieto\u0161anai"},"content":{"rendered":"<h2>Dior \u010d\u012bbas ir stil\u012bgas un \u0113rtas ikdienas lieto\u0161anai<\/h2>\n<p>&nbsp;<\/p>\n<p>Dior \u010d\u012bbas apvieno elegantu dizainu un komfortu ikdienas valk\u0101\u0161anai. Izgatavoti no augstas kvalit\u0101tes materi\u0101liem, tie nodro\u0161ina \u0113rt\u012bbas un iztur\u012bbu. Ide\u0101li, lai rad\u012btu modernu izskatu, tie uzsv\u0113rs j\u016bsu stilu un person\u012bbu. Izv\u0113lieties Dior \u010d\u012bbas akt\u012bvai un stil\u012bgai dz\u012bvei, baudot slaven\u0101 z\u012bmola kvalit\u0101ti un presti\u017eu.<\/p>\n","protected":false},"excerpt":{"rendered":"<p>Dior \u010d\u012bbas apvieno elegantu dizainu un komfortu ikdienas valk\u0101\u0161anai. Izgatavoti no augstas kvalit\u0101tes materi\u0101liem, tie nodro\u0161ina \u0113rt\u012bbas un iztur\u012bbu. Ide\u0101li, lai rad\u012btu modernu izskatu, tie uzsv\u0113rs j\u016bsu stilu un person\u012bbu. Izv\u0113lieties Dior \u010d\u012bbas akt\u012bvai un stil\u012bgai dz\u012bvei, baudot slaven\u0101 z\u012bmola kvalit\u0101ti un presti\u017eu.<\/p>\n","protected":false},"featured_media":819189,"comment_status":"open","ping_status":"open","template":"","meta":[],"product_brand":[],"product_cat":[3251,3252],"product_tag":[],"class_list":{"0":"post-819188","1":"product","2":"type-product","3":"status-publish","4":"has-post-thumbnail","6":"product_cat-all-product","7":"product_cat-krosivky","8":"pa_rozmir-910","9":"pa_rozmir-912","10":"pa_rozmir-914","11":"pa_rozmir-915","12":"pa_rozmir-916","13":"pa_rozmir-917","14":"pa_rozmir-918","15":"pa_rozmir-919","16":"pa_rozmir-920","17":"pa_rozmir-921","18":"pa_rozmir-922","20":"first","21":"instock","22":"purchasable","23":"product-type-variable"},"_links":{"self":[{"href":"https:\/\/nextsnkr.com\/lv\/wp-json\/wp\/v2\/product\/819188","targetHints":{"allow":["GET"]}}],"collection":[{"href":"https:\/\/nextsnkr.com\/lv\/wp-json\/wp\/v2\/product"}],"about":[{"href":"https:\/\/nextsnkr.com\/lv\/wp-json\/wp\/v2\/types\/product"}],"replies":[{"embeddable":true,"href":"https:\/\/nextsnkr.com\/lv\/wp-json\/wp\/v2\/comments?post=819188"}],"version-history":[{"count":0,"href":"https:\/\/nextsnkr.com\/lv\/wp-json\/wp\/v2\/product\/819188\/revisions"}],"wp:featuredmedia":[{"embeddable":true,"href":"https:\/\/nextsnkr.com\/lv\/wp-json\/wp\/v2\/media\/819189"}],"wp:attachment":[{"href":"https:\/\/nextsnkr.com\/lv\/wp-json\/wp\/v2\/media?parent=819188"}],"wp:term":[{"taxonomy":"product_brand","embeddable":true,"href":"https:\/\/nextsnkr.com\/lv\/wp-json\/wp\/v2\/product_brand?post=819188"},{"taxonomy":"product_cat","embeddable":true,"href":"https:\/\/nextsnkr.com\/lv\/wp-json\/wp\/v2\/product_cat?post=819188"},{"taxonomy":"product_tag","embeddable":true,"href":"https:\/\/nextsnkr.com\/lv\/wp-json\/wp\/v2\/product_tag?post=819188"}],"curies":[{"name":"wp","href":"https:\/\/api.w.org\/{rel}","templated":true}]}}