{"id":818856,"date":"2025-06-12T16:14:13","date_gmt":"2025-06-12T13:14:13","guid":{"rendered":"https:\/\/nextsnkr.com\/product\/dior-black-sock\/"},"modified":"2026-02-02T15:52:31","modified_gmt":"2026-02-02T12:52:31","slug":"dior-black-sock","status":"publish","type":"product","link":"https:\/\/nextsnkr.com\/lv\/product\/dior-black-sock\/","title":{"rendered":"Dior Black Sock z\u0101baki \u0101das melns"},"content":{"rendered":"<h2>Dior Black Sock z\u0101baki \u0101das melns<\/h2>\n<p>&nbsp;<\/p>\n<p>Dior Black Sock z\u0101baki apvieno augst\u0101k\u0101s kvalit\u0101tes dabisko \u0101du un elast\u012bgos tekstilizstr\u0101d\u0101jumus, radot stil\u012bgu siluetu &#8220;sock boots&#8221;form\u0101t\u0101. Melns univers\u0101ls dizains padara modeli ide\u0101li piem\u0113rotu ikdienas un klasiskam izskatam. M\u012bksts, \u0113rts fit un kvalitat\u012bvi materi\u0101li nodro\u0161ina komfortu un iztur\u012bbu. Ra\u017eot\u0101js: Turcija. Lieliska izv\u0113le tiem, kas nov\u0113rt\u0113 eleganci, tenden\u010du stilu un augst\u0101k\u0101s kvalit\u0101tes kvalit\u0101ti. SKU: 8401-215010<\/p>\n","protected":false},"excerpt":{"rendered":"<p>Dior Black Sock z\u0101baki apvieno augst\u0101k\u0101s kvalit\u0101tes dabisko \u0101du un elast\u012bgos tekstilizstr\u0101d\u0101jumus, radot stil\u012bgu siluetu &#8220;sock boots&#8221;form\u0101t\u0101. Melns univers\u0101ls dizains padara modeli ide\u0101li piem\u0113rotu ikdienas un klasiskam izskatam. M\u012bksts, \u0113rts fit un kvalitat\u012bvi materi\u0101li nodro\u0161ina komfortu un iztur\u012bbu. Ra\u017eot\u0101js: Turcija. Lieliska izv\u0113le tiem, kas nov\u0113rt\u0113 eleganci, tenden\u010du stilu un augst\u0101k\u0101s kvalit\u0101tes kvalit\u0101ti. SKU: 8401-215010<\/p>\n","protected":false},"featured_media":818859,"comment_status":"open","ping_status":"open","template":"","meta":[],"product_brand":[],"product_cat":[3251,3335],"product_tag":[],"class_list":{"0":"post-818856","1":"product","2":"type-product","3":"status-publish","4":"has-post-thumbnail","6":"product_cat-all-product","7":"product_cat-cherevyky","8":"pa_rozmir-910","9":"pa_rozmir-912","10":"pa_rozmir-914","11":"pa_rozmir-915","12":"pa_rozmir-916","13":"pa_rozmir-917","14":"pa_rozmir-918","15":"pa_rozmir-919","16":"pa_rozmir-920","17":"pa_rozmir-921","18":"pa_rozmir-922","20":"first","21":"instock","22":"purchasable","23":"product-type-variable"},"_links":{"self":[{"href":"https:\/\/nextsnkr.com\/lv\/wp-json\/wp\/v2\/product\/818856","targetHints":{"allow":["GET"]}}],"collection":[{"href":"https:\/\/nextsnkr.com\/lv\/wp-json\/wp\/v2\/product"}],"about":[{"href":"https:\/\/nextsnkr.com\/lv\/wp-json\/wp\/v2\/types\/product"}],"replies":[{"embeddable":true,"href":"https:\/\/nextsnkr.com\/lv\/wp-json\/wp\/v2\/comments?post=818856"}],"version-history":[{"count":0,"href":"https:\/\/nextsnkr.com\/lv\/wp-json\/wp\/v2\/product\/818856\/revisions"}],"wp:featuredmedia":[{"embeddable":true,"href":"https:\/\/nextsnkr.com\/lv\/wp-json\/wp\/v2\/media\/818859"}],"wp:attachment":[{"href":"https:\/\/nextsnkr.com\/lv\/wp-json\/wp\/v2\/media?parent=818856"}],"wp:term":[{"taxonomy":"product_brand","embeddable":true,"href":"https:\/\/nextsnkr.com\/lv\/wp-json\/wp\/v2\/product_brand?post=818856"},{"taxonomy":"product_cat","embeddable":true,"href":"https:\/\/nextsnkr.com\/lv\/wp-json\/wp\/v2\/product_cat?post=818856"},{"taxonomy":"product_tag","embeddable":true,"href":"https:\/\/nextsnkr.com\/lv\/wp-json\/wp\/v2\/product_tag?post=818856"}],"curies":[{"name":"wp","href":"https:\/\/api.w.org\/{rel}","templated":true}]}}