{"id":818591,"date":"2025-06-13T09:36:19","date_gmt":"2025-06-13T06:36:19","guid":{"rendered":"https:\/\/nextsnkr.com\/product\/new-balance-550-white-red-black\/"},"modified":"2026-02-02T15:52:27","modified_gmt":"2026-02-02T12:52:27","slug":"new-balance-550-white-red-black","status":"publish","type":"product","link":"https:\/\/nextsnkr.com\/lv\/product\/new-balance-550-white-red-black\/","title":{"rendered":"New Balance 550 White\/Red\/Black \u0101das \u010d\u012bbas-stils un komforts"},"content":{"rendered":"<h2>New Balance 550 White\/Red\/Black \u0101das \u010d\u012bbas-stils un komforts<\/h2>\n<p>&nbsp;<\/p>\n<p>New Balance 550 White\/Red\/Black stil\u012bg\u0101s \u010d\u012bbas ir izgatavotas no augstas kvalit\u0101tes \u0101das, kas nodro\u0161ina komfortu, iztur\u012bbu un elegantu izskatu. Balt\u0101 un meln\u0101 un sarkan\u0101 kr\u0101su kombin\u0101cija padara modeli spilgtu un daudzpus\u012bgu jebkuram izskatam. \u0160\u012bs \u010d\u012bbas, kas ra\u017eotas Vjetnam\u0101, garant\u0113 uzticamu kvalit\u0101ti, \u0113rtu piegul\u0161anu un modernu stilu. Ide\u0101la izv\u0113le akt\u012bvam dz\u012bvesveidam un ikdienas valk\u0101\u0161anai. Kods: NB038-344495.<\/p>\n","protected":false},"excerpt":{"rendered":"<p>New Balance 550 White\/Red\/Black stil\u012bg\u0101s \u010d\u012bbas ir izgatavotas no augstas kvalit\u0101tes \u0101das, kas nodro\u0161ina komfortu, iztur\u012bbu un elegantu izskatu. Balt\u0101 un meln\u0101 un sarkan\u0101 kr\u0101su kombin\u0101cija padara modeli spilgtu un daudzpus\u012bgu jebkuram izskatam. \u0160\u012bs \u010d\u012bbas, kas ra\u017eotas Vjetnam\u0101, garant\u0113 uzticamu kvalit\u0101ti, \u0113rtu piegul\u0161anu un modernu stilu. Ide\u0101la izv\u0113le akt\u012bvam dz\u012bvesveidam un ikdienas valk\u0101\u0161anai. Kods: NB038-344495.<\/p>\n","protected":false},"featured_media":818595,"comment_status":"open","ping_status":"open","template":"","meta":[],"product_brand":[],"product_cat":[3251,3322],"product_tag":[],"class_list":{"0":"post-818591","1":"product","2":"type-product","3":"status-publish","4":"has-post-thumbnail","6":"product_cat-all-product","7":"product_cat-kedy","8":"pa_rozmir-910","9":"pa_rozmir-912","10":"pa_rozmir-914","11":"pa_rozmir-915","12":"pa_rozmir-916","13":"pa_rozmir-917","14":"pa_rozmir-918","15":"pa_rozmir-919","16":"pa_rozmir-920","17":"pa_rozmir-921","18":"pa_rozmir-922","20":"first","21":"instock","22":"purchasable","23":"product-type-variable"},"_links":{"self":[{"href":"https:\/\/nextsnkr.com\/lv\/wp-json\/wp\/v2\/product\/818591","targetHints":{"allow":["GET"]}}],"collection":[{"href":"https:\/\/nextsnkr.com\/lv\/wp-json\/wp\/v2\/product"}],"about":[{"href":"https:\/\/nextsnkr.com\/lv\/wp-json\/wp\/v2\/types\/product"}],"replies":[{"embeddable":true,"href":"https:\/\/nextsnkr.com\/lv\/wp-json\/wp\/v2\/comments?post=818591"}],"version-history":[{"count":0,"href":"https:\/\/nextsnkr.com\/lv\/wp-json\/wp\/v2\/product\/818591\/revisions"}],"wp:featuredmedia":[{"embeddable":true,"href":"https:\/\/nextsnkr.com\/lv\/wp-json\/wp\/v2\/media\/818595"}],"wp:attachment":[{"href":"https:\/\/nextsnkr.com\/lv\/wp-json\/wp\/v2\/media?parent=818591"}],"wp:term":[{"taxonomy":"product_brand","embeddable":true,"href":"https:\/\/nextsnkr.com\/lv\/wp-json\/wp\/v2\/product_brand?post=818591"},{"taxonomy":"product_cat","embeddable":true,"href":"https:\/\/nextsnkr.com\/lv\/wp-json\/wp\/v2\/product_cat?post=818591"},{"taxonomy":"product_tag","embeddable":true,"href":"https:\/\/nextsnkr.com\/lv\/wp-json\/wp\/v2\/product_tag?post=818591"}],"curies":[{"name":"wp","href":"https:\/\/api.w.org\/{rel}","templated":true}]}}