{"id":817148,"date":"2025-06-12T16:16:12","date_gmt":"2025-06-12T13:16:12","guid":{"rendered":"https:\/\/nextsnkr.com\/product\/dr-martens-1460-black\/"},"modified":"2026-02-02T15:51:28","modified_gmt":"2026-02-02T12:51:28","slug":"dr-martens-1460-black","status":"publish","type":"product","link":"https:\/\/nextsnkr.com\/lv\/product\/dr-martens-1460-black\/","title":{"rendered":"Choboti Dr. Martens 1460 black I no zam\u0161\u0101das bez ka\u017eok\u0101das stil\u012bgam izskatam"},"content":{"rendered":"<h2>Choboti Dr. Martens 1460 black I no zam\u0161\u0101das bez ka\u017eok\u0101das stil\u012bgam izskatam<\/h2>\n<p>&nbsp;<\/p>\n<p>Z\u0101baki Dr. Martens 1460 Black ir izgatavots no augstas kvalit\u0101tes zam\u0161\u0101das bez ka\u017eok\u0101das, kas nodro\u0161ina komfortu un iztur\u012bbu. Klasiskais melnais dizains apvieno eleganci un m\u016bsdien\u012bgu stilu, padarot tos daudzpus\u012bgus ikdienas valk\u0101\u0161anai un \u012bpa\u0161iem gad\u012bjumiem. Ra\u017eo\u0161ana \u0136\u012bn\u0101 garant\u0113 Dr z\u012bmola augsto kvalit\u0101ti. Martens. Izv\u0113lieties \u0161os z\u0101bakus savam dr\u0113bju skapim un pievienojiet savam izskatam spilgtu akcentu, j\u016btot komfortu un stilu katr\u0101 sol\u012b!<\/p>\n","protected":false},"excerpt":{"rendered":"<p>Z\u0101baki Dr. Martens 1460 Black ir izgatavots no augstas kvalit\u0101tes zam\u0161\u0101das bez ka\u017eok\u0101das, kas nodro\u0161ina komfortu un iztur\u012bbu. Klasiskais melnais dizains apvieno eleganci un m\u016bsdien\u012bgu stilu, padarot tos daudzpus\u012bgus ikdienas valk\u0101\u0161anai un \u012bpa\u0161iem gad\u012bjumiem. Ra\u017eo\u0161ana \u0136\u012bn\u0101 garant\u0113 Dr z\u012bmola augsto kvalit\u0101ti. Martens. Izv\u0113lieties \u0161os z\u0101bakus savam dr\u0113bju skapim un pievienojiet savam izskatam spilgtu akcentu, j\u016btot komfortu un stilu katr\u0101 sol\u012b!<\/p>\n","protected":false},"featured_media":817152,"comment_status":"open","ping_status":"open","template":"","meta":[],"product_brand":[2398],"product_cat":[3620,3251,3335],"product_tag":[],"class_list":{"0":"post-817148","1":"product","2":"type-product","3":"status-publish","4":"has-post-thumbnail","6":"product_brand-dr-martens","7":"product_cat-dr-martens","8":"product_cat-all-product","9":"product_cat-cherevyky","10":"pa_rozmir-910","11":"pa_rozmir-912","12":"pa_rozmir-914","13":"pa_rozmir-915","14":"pa_rozmir-916","15":"pa_rozmir-917","16":"pa_rozmir-918","17":"pa_rozmir-919","18":"pa_rozmir-920","19":"pa_rozmir-921","20":"pa_rozmir-922","22":"first","23":"onbackorder","24":"purchasable","25":"product-type-variable"},"_links":{"self":[{"href":"https:\/\/nextsnkr.com\/lv\/wp-json\/wp\/v2\/product\/817148","targetHints":{"allow":["GET"]}}],"collection":[{"href":"https:\/\/nextsnkr.com\/lv\/wp-json\/wp\/v2\/product"}],"about":[{"href":"https:\/\/nextsnkr.com\/lv\/wp-json\/wp\/v2\/types\/product"}],"replies":[{"embeddable":true,"href":"https:\/\/nextsnkr.com\/lv\/wp-json\/wp\/v2\/comments?post=817148"}],"version-history":[{"count":0,"href":"https:\/\/nextsnkr.com\/lv\/wp-json\/wp\/v2\/product\/817148\/revisions"}],"wp:featuredmedia":[{"embeddable":true,"href":"https:\/\/nextsnkr.com\/lv\/wp-json\/wp\/v2\/media\/817152"}],"wp:attachment":[{"href":"https:\/\/nextsnkr.com\/lv\/wp-json\/wp\/v2\/media?parent=817148"}],"wp:term":[{"taxonomy":"product_brand","embeddable":true,"href":"https:\/\/nextsnkr.com\/lv\/wp-json\/wp\/v2\/product_brand?post=817148"},{"taxonomy":"product_cat","embeddable":true,"href":"https:\/\/nextsnkr.com\/lv\/wp-json\/wp\/v2\/product_cat?post=817148"},{"taxonomy":"product_tag","embeddable":true,"href":"https:\/\/nextsnkr.com\/lv\/wp-json\/wp\/v2\/product_tag?post=817148"}],"curies":[{"name":"wp","href":"https:\/\/api.w.org\/{rel}","templated":true}]}}