{"id":815521,"date":"2025-06-13T09:40:49","date_gmt":"2025-06-13T06:40:49","guid":{"rendered":"https:\/\/nextsnkr.com\/product\/new-balance-550-white-purple\/"},"modified":"2026-02-02T15:50:30","modified_gmt":"2026-02-02T12:50:30","slug":"new-balance-550-white-purple","status":"publish","type":"product","link":"https:\/\/nextsnkr.com\/lv\/product\/new-balance-550-white-purple\/","title":{"rendered":"New Balance 550 White Purple \u0101das \u010d\u012bbas-stils un komforts"},"content":{"rendered":"<h2>New Balance 550 White Purple \u0101das \u010d\u012bbas-stils un komforts<\/h2>\n<p>&nbsp;<\/p>\n<p>New Balance 550 White Purple stil\u012bg\u0101s \u010d\u012bbas ir izgatavotas no augstas kvalit\u0101tes \u0101das, kas nodro\u0161ina komfortu, iztur\u012bbu un elegantu izskatu. Balt\u0101 un purpursarkan\u0101 kr\u0101su kombin\u0101cija pie\u0161\u0137ir daudzpus\u012bbu un padara modeli par spilgtu akcentu jebkur\u0101 izskat\u0101. \u0160\u012bs \u010d\u012bbas, kas ra\u017eotas Vjetnam\u0101, garant\u0113 uzticamu kvalit\u0101ti, \u0113rtu piegul\u0161anu un modernu dizainu, uzsverot individu\u0101lo stilu un akt\u012bvo dz\u012bvesveidu. Kods: NB022-179907.<\/p>\n","protected":false},"excerpt":{"rendered":"<p>New Balance 550 White Purple stil\u012bg\u0101s \u010d\u012bbas ir izgatavotas no augstas kvalit\u0101tes \u0101das, kas nodro\u0161ina komfortu, iztur\u012bbu un elegantu izskatu. Balt\u0101 un purpursarkan\u0101 kr\u0101su kombin\u0101cija pie\u0161\u0137ir daudzpus\u012bbu un padara modeli par spilgtu akcentu jebkur\u0101 izskat\u0101. \u0160\u012bs \u010d\u012bbas, kas ra\u017eotas Vjetnam\u0101, garant\u0113 uzticamu kvalit\u0101ti, \u0113rtu piegul\u0161anu un modernu dizainu, uzsverot individu\u0101lo stilu un akt\u012bvo dz\u012bvesveidu. Kods: NB022-179907.<\/p>\n","protected":false},"featured_media":815525,"comment_status":"open","ping_status":"open","template":"","meta":[],"product_brand":[],"product_cat":[3251,3322],"product_tag":[],"class_list":{"0":"post-815521","1":"product","2":"type-product","3":"status-publish","4":"has-post-thumbnail","6":"product_cat-all-product","7":"product_cat-kedy","8":"pa_rozmir-910","9":"pa_rozmir-912","10":"pa_rozmir-914","11":"pa_rozmir-915","12":"pa_rozmir-916","13":"pa_rozmir-917","14":"pa_rozmir-918","15":"pa_rozmir-919","16":"pa_rozmir-920","17":"pa_rozmir-921","18":"pa_rozmir-922","20":"first","21":"instock","22":"purchasable","23":"product-type-variable"},"_links":{"self":[{"href":"https:\/\/nextsnkr.com\/lv\/wp-json\/wp\/v2\/product\/815521","targetHints":{"allow":["GET"]}}],"collection":[{"href":"https:\/\/nextsnkr.com\/lv\/wp-json\/wp\/v2\/product"}],"about":[{"href":"https:\/\/nextsnkr.com\/lv\/wp-json\/wp\/v2\/types\/product"}],"replies":[{"embeddable":true,"href":"https:\/\/nextsnkr.com\/lv\/wp-json\/wp\/v2\/comments?post=815521"}],"version-history":[{"count":0,"href":"https:\/\/nextsnkr.com\/lv\/wp-json\/wp\/v2\/product\/815521\/revisions"}],"wp:featuredmedia":[{"embeddable":true,"href":"https:\/\/nextsnkr.com\/lv\/wp-json\/wp\/v2\/media\/815525"}],"wp:attachment":[{"href":"https:\/\/nextsnkr.com\/lv\/wp-json\/wp\/v2\/media?parent=815521"}],"wp:term":[{"taxonomy":"product_brand","embeddable":true,"href":"https:\/\/nextsnkr.com\/lv\/wp-json\/wp\/v2\/product_brand?post=815521"},{"taxonomy":"product_cat","embeddable":true,"href":"https:\/\/nextsnkr.com\/lv\/wp-json\/wp\/v2\/product_cat?post=815521"},{"taxonomy":"product_tag","embeddable":true,"href":"https:\/\/nextsnkr.com\/lv\/wp-json\/wp\/v2\/product_tag?post=815521"}],"curies":[{"name":"wp","href":"https:\/\/api.w.org\/{rel}","templated":true}]}}