{"id":815123,"date":"2025-06-12T16:18:17","date_gmt":"2025-06-12T13:18:17","guid":{"rendered":"https:\/\/nextsnkr.com\/product\/neumel-black\/"},"modified":"2026-02-02T15:50:03","modified_gmt":"2026-02-02T12:50:03","slug":"neumel-black","status":"publish","type":"product","link":"https:\/\/nextsnkr.com\/lv\/product\/neumel-black\/","title":{"rendered":"Neumel Black zam\u0161\u0101das un ka\u017eok\u0101das z\u0101baki stil\u012bgam komfortam"},"content":{"rendered":"<h2>Neumel Black zam\u0161\u0101das un ka\u017eok\u0101das z\u0101baki stil\u012bgam komfortam<\/h2>\n<p>&nbsp;<\/p>\n<p>Neumel Black melnie z\u0101baki ir izgatavoti no kvalitat\u012bvas zam\u0161\u0101das un m\u012bkstas ka\u017eok\u0101das, kas nodro\u0161ina siltumu, komfortu un iztur\u012bbu. Klasiskais dizains padara tos daudzpus\u012bgus ikdienas valk\u0101\u0161anai un akt\u012bvam dz\u012bvesveidam. Ra\u017eo\u0161ana Turcij\u0101 garant\u0113 uzticamu z\u012bmola kvalit\u0101ti. Izv\u0113lieties Neumel Black savam dr\u0113bju skapim, lai katr\u0101 sol\u012b izjustu stilu, m\u0101j\u012bgumu un praktiskumu, uzsverot savu person\u012bbu!<\/p>\n","protected":false},"excerpt":{"rendered":"<p>Neumel Black melnie z\u0101baki ir izgatavoti no kvalitat\u012bvas zam\u0161\u0101das un m\u012bkstas ka\u017eok\u0101das, kas nodro\u0161ina siltumu, komfortu un iztur\u012bbu. Klasiskais dizains padara tos daudzpus\u012bgus ikdienas valk\u0101\u0161anai un akt\u012bvam dz\u012bvesveidam. Ra\u017eo\u0161ana Turcij\u0101 garant\u0113 uzticamu z\u012bmola kvalit\u0101ti. Izv\u0113lieties Neumel Black savam dr\u0113bju skapim, lai katr\u0101 sol\u012b izjustu stilu, m\u0101j\u012bgumu un praktiskumu, uzsverot savu person\u012bbu!<\/p>\n","protected":false},"featured_media":815127,"comment_status":"open","ping_status":"open","template":"","meta":[],"product_brand":[],"product_cat":[3251,3335],"product_tag":[],"class_list":{"0":"post-815123","1":"product","2":"type-product","3":"status-publish","4":"has-post-thumbnail","6":"product_cat-all-product","7":"product_cat-cherevyky","8":"pa_rozmir-910","9":"pa_rozmir-912","10":"pa_rozmir-914","11":"pa_rozmir-915","12":"pa_rozmir-916","13":"pa_rozmir-917","14":"pa_rozmir-918","15":"pa_rozmir-919","16":"pa_rozmir-920","17":"pa_rozmir-921","18":"pa_rozmir-922","20":"first","21":"instock","22":"purchasable","23":"product-type-variable"},"_links":{"self":[{"href":"https:\/\/nextsnkr.com\/lv\/wp-json\/wp\/v2\/product\/815123","targetHints":{"allow":["GET"]}}],"collection":[{"href":"https:\/\/nextsnkr.com\/lv\/wp-json\/wp\/v2\/product"}],"about":[{"href":"https:\/\/nextsnkr.com\/lv\/wp-json\/wp\/v2\/types\/product"}],"replies":[{"embeddable":true,"href":"https:\/\/nextsnkr.com\/lv\/wp-json\/wp\/v2\/comments?post=815123"}],"version-history":[{"count":0,"href":"https:\/\/nextsnkr.com\/lv\/wp-json\/wp\/v2\/product\/815123\/revisions"}],"wp:featuredmedia":[{"embeddable":true,"href":"https:\/\/nextsnkr.com\/lv\/wp-json\/wp\/v2\/media\/815127"}],"wp:attachment":[{"href":"https:\/\/nextsnkr.com\/lv\/wp-json\/wp\/v2\/media?parent=815123"}],"wp:term":[{"taxonomy":"product_brand","embeddable":true,"href":"https:\/\/nextsnkr.com\/lv\/wp-json\/wp\/v2\/product_brand?post=815123"},{"taxonomy":"product_cat","embeddable":true,"href":"https:\/\/nextsnkr.com\/lv\/wp-json\/wp\/v2\/product_cat?post=815123"},{"taxonomy":"product_tag","embeddable":true,"href":"https:\/\/nextsnkr.com\/lv\/wp-json\/wp\/v2\/product_tag?post=815123"}],"curies":[{"name":"wp","href":"https:\/\/api.w.org\/{rel}","templated":true}]}}