{"id":814102,"date":"2025-06-12T16:19:39","date_gmt":"2025-06-12T13:19:39","guid":{"rendered":"https:\/\/nextsnkr.com\/product\/jordan-1\/"},"modified":"2026-02-02T15:49:26","modified_gmt":"2026-02-02T12:49:26","slug":"jordan-1","status":"publish","type":"product","link":"https:\/\/nextsnkr.com\/lv\/product\/jordan-1\/","title":{"rendered":"Jordan 1 \u010d\u012bbas ir klasiskas stil\u012bgam un sportiskam izskatam"},"content":{"rendered":"<h2>Jordan 1 \u010d\u012bbas ir klasiskas stil\u012bgam un sportiskam izskatam<\/h2>\n<p>&nbsp;<\/p>\n<p>Jordan 1 \u010d\u012bbas apvieno z\u012bmola le\u0123end\u0101ro dizainu un komfortu ikdienas valk\u0101\u0161anai. Augstas kvalit\u0101tes materi\u0101li nodro\u0161ina iztur\u012bbu un \u0113rt\u012bbas, un klasiskais siluets izce\u013c stilu un sportisko garu. \u0160\u012bs \u010d\u012bbas ir lieliski piem\u0113rotas pastaig\u0101m, sportam un modernam izskatam. Izv\u0113lieties Jordan 1 savam dr\u0113bju skapim, lai izjustu le\u0123end\u0101ro komfortu un izceltu individu\u0101lo stilu jebkur\u0101 situ\u0101cij\u0101!<\/p>\n","protected":false},"excerpt":{"rendered":"<p>Jordan 1 \u010d\u012bbas apvieno z\u012bmola le\u0123end\u0101ro dizainu un komfortu ikdienas valk\u0101\u0161anai. Augstas kvalit\u0101tes materi\u0101li nodro\u0161ina iztur\u012bbu un \u0113rt\u012bbas, un klasiskais siluets izce\u013c stilu un sportisko garu. \u0160\u012bs \u010d\u012bbas ir lieliski piem\u0113rotas pastaig\u0101m, sportam un modernam izskatam. Izv\u0113lieties Jordan 1 savam dr\u0113bju skapim, lai izjustu le\u0123end\u0101ro komfortu un izceltu individu\u0101lo stilu jebkur\u0101 situ\u0101cij\u0101!<\/p>\n","protected":false},"featured_media":814106,"comment_status":"open","ping_status":"open","template":"","meta":[],"product_brand":[],"product_cat":[3387,3251,3322],"product_tag":[],"class_list":{"0":"post-814102","1":"product","2":"type-product","3":"status-publish","4":"has-post-thumbnail","6":"product_cat-nike-jordan","7":"product_cat-all-product","8":"product_cat-kedy","9":"pa_rozmir-910","10":"pa_rozmir-912","11":"pa_rozmir-914","12":"pa_rozmir-915","13":"pa_rozmir-916","14":"pa_rozmir-917","15":"pa_rozmir-918","16":"pa_rozmir-919","17":"pa_rozmir-920","18":"pa_rozmir-921","19":"pa_rozmir-922","21":"first","22":"onbackorder","23":"purchasable","24":"product-type-variable"},"_links":{"self":[{"href":"https:\/\/nextsnkr.com\/lv\/wp-json\/wp\/v2\/product\/814102","targetHints":{"allow":["GET"]}}],"collection":[{"href":"https:\/\/nextsnkr.com\/lv\/wp-json\/wp\/v2\/product"}],"about":[{"href":"https:\/\/nextsnkr.com\/lv\/wp-json\/wp\/v2\/types\/product"}],"replies":[{"embeddable":true,"href":"https:\/\/nextsnkr.com\/lv\/wp-json\/wp\/v2\/comments?post=814102"}],"version-history":[{"count":0,"href":"https:\/\/nextsnkr.com\/lv\/wp-json\/wp\/v2\/product\/814102\/revisions"}],"wp:featuredmedia":[{"embeddable":true,"href":"https:\/\/nextsnkr.com\/lv\/wp-json\/wp\/v2\/media\/814106"}],"wp:attachment":[{"href":"https:\/\/nextsnkr.com\/lv\/wp-json\/wp\/v2\/media?parent=814102"}],"wp:term":[{"taxonomy":"product_brand","embeddable":true,"href":"https:\/\/nextsnkr.com\/lv\/wp-json\/wp\/v2\/product_brand?post=814102"},{"taxonomy":"product_cat","embeddable":true,"href":"https:\/\/nextsnkr.com\/lv\/wp-json\/wp\/v2\/product_cat?post=814102"},{"taxonomy":"product_tag","embeddable":true,"href":"https:\/\/nextsnkr.com\/lv\/wp-json\/wp\/v2\/product_tag?post=814102"}],"curies":[{"name":"wp","href":"https:\/\/api.w.org\/{rel}","templated":true}]}}