{"id":812846,"date":"2025-06-13T09:43:56","date_gmt":"2025-06-13T06:43:56","guid":{"rendered":"https:\/\/nextsnkr.com\/product\/adidas-yeezy-500-ash-grey\/"},"modified":"2026-02-02T15:48:43","modified_gmt":"2026-02-02T12:48:43","slug":"adidas-yeezy-500-ash-grey","status":"publish","type":"product","link":"https:\/\/nextsnkr.com\/lv\/product\/adidas-yeezy-500-ash-grey\/","title":{"rendered":"Z\u0101baki Jadon Total Black no dab\u012bg\u0101s \u0101das-stils un iztur\u012bba"},"content":{"rendered":"<h2>Z\u0101baki Jadon Total Black no dab\u012bg\u0101s \u0101das-stils un iztur\u012bba<\/h2>\n<p>&nbsp;<\/p>\n<p>Jadon Total Black melnie z\u0101baki ir izgatavoti no augstas kvalit\u0101tes \u012astas \u0101das, kas nodro\u0161ina iztur\u012bbu un komfortu. Z\u012bmola Jadon modelis izce\u013c stil\u012bgu izskatu un ir piem\u0113rots ikdienas valk\u0101\u0161anai un akt\u012bvai pils\u0113tas dz\u012bvei. \u0112rts spilventi\u0146\u0161 un m\u016bsdien\u012bgs dizains padara \u0161os z\u0101bakus par ide\u0101lu izv\u0113li tiem, kas nov\u0113rt\u0113 kvalit\u0101ti, eleganci un praktiskumu katr\u0101 sol\u012b.<\/p>\n","protected":false},"excerpt":{"rendered":"<p>Jadon Total Black melnie z\u0101baki ir izgatavoti no augstas kvalit\u0101tes \u012astas \u0101das, kas nodro\u0161ina iztur\u012bbu un komfortu. Z\u012bmola Jadon modelis izce\u013c stil\u012bgu izskatu un ir piem\u0113rots ikdienas valk\u0101\u0161anai un akt\u012bvai pils\u0113tas dz\u012bvei. \u0112rts spilventi\u0146\u0161 un m\u016bsdien\u012bgs dizains padara \u0161os z\u0101bakus par ide\u0101lu izv\u0113li tiem, kas nov\u0113rt\u0113 kvalit\u0101ti, eleganci un praktiskumu katr\u0101 sol\u012b.<\/p>\n","protected":false},"featured_media":812849,"comment_status":"open","ping_status":"open","template":"","meta":[],"product_brand":[],"product_cat":[3400,3251,3252],"product_tag":[],"class_list":{"0":"post-812846","1":"product","2":"type-product","3":"status-publish","4":"has-post-thumbnail","6":"product_cat-adidas-yeezy","7":"product_cat-all-product","8":"product_cat-krosivky","9":"pa_rozmir-910","10":"pa_rozmir-912","11":"pa_rozmir-914","12":"pa_rozmir-915","13":"pa_rozmir-916","14":"pa_rozmir-917","15":"pa_rozmir-918","16":"pa_rozmir-919","17":"pa_rozmir-920","18":"pa_rozmir-921","19":"pa_rozmir-922","21":"first","22":"instock","23":"purchasable","24":"product-type-variable"},"_links":{"self":[{"href":"https:\/\/nextsnkr.com\/lv\/wp-json\/wp\/v2\/product\/812846","targetHints":{"allow":["GET"]}}],"collection":[{"href":"https:\/\/nextsnkr.com\/lv\/wp-json\/wp\/v2\/product"}],"about":[{"href":"https:\/\/nextsnkr.com\/lv\/wp-json\/wp\/v2\/types\/product"}],"replies":[{"embeddable":true,"href":"https:\/\/nextsnkr.com\/lv\/wp-json\/wp\/v2\/comments?post=812846"}],"version-history":[{"count":0,"href":"https:\/\/nextsnkr.com\/lv\/wp-json\/wp\/v2\/product\/812846\/revisions"}],"wp:featuredmedia":[{"embeddable":true,"href":"https:\/\/nextsnkr.com\/lv\/wp-json\/wp\/v2\/media\/812849"}],"wp:attachment":[{"href":"https:\/\/nextsnkr.com\/lv\/wp-json\/wp\/v2\/media?parent=812846"}],"wp:term":[{"taxonomy":"product_brand","embeddable":true,"href":"https:\/\/nextsnkr.com\/lv\/wp-json\/wp\/v2\/product_brand?post=812846"},{"taxonomy":"product_cat","embeddable":true,"href":"https:\/\/nextsnkr.com\/lv\/wp-json\/wp\/v2\/product_cat?post=812846"},{"taxonomy":"product_tag","embeddable":true,"href":"https:\/\/nextsnkr.com\/lv\/wp-json\/wp\/v2\/product_tag?post=812846"}],"curies":[{"name":"wp","href":"https:\/\/api.w.org\/{rel}","templated":true}]}}