{"id":812730,"date":"2025-06-12T16:21:12","date_gmt":"2025-06-12T13:21:12","guid":{"rendered":"https:\/\/nextsnkr.com\/product\/air-jordan-4-military-utsinka\/"},"modified":"2026-02-02T15:48:38","modified_gmt":"2026-02-02T12:48:38","slug":"air-jordan-4-military-utsinka","status":"publish","type":"product","link":"https:\/\/nextsnkr.com\/lv\/product\/air-jordan-4-military-utsinka\/","title":{"rendered":"Air Jordan 4 milit\u0101r\u0101s kedas ir uzcenotas"},"content":{"rendered":"<h2>Air Jordan 4 milit\u0101r\u0101s kedas ir uzcenotas<\/h2>\n<p>&nbsp;<\/p>\n<p>Sporta apavi Air Jordan 4 Military \u2014 stil\u012bgs un kulta modelis klasiskaj\u0101 sporta dizain\u0101. At\u0161\u0137iras \u0113rtu iek\u0101p\u0161anu, iztur\u012bga konstrukcija un ko\u0161s un materi\u0101lu kombin\u0101ciju, kas nodro\u0161ina \u0113rt\u012bbas laik\u0101 j\u016bsu ikdienas n\u0113s\u0101\u0161anai. \u0423\u0446\u0435\u043d\u043a\u0430 neietekm\u0113 funkcionalit\u0101ti: p\u0101ris saglab\u0101 savu stilu, praktiskumu un atpaz\u012bstamu izskatu. Lieliska izv\u0113le z\u012bmola cien\u012bt\u0101jiem un tiem, kuri v\u0113las sa\u0146emt le\u0123end\u0101rs modelis par izdev\u012bgu cenu. SKU: U007-1076199<\/p>\n","protected":false},"excerpt":{"rendered":"<p>Sporta apavi Air Jordan 4 Military \u2014 stil\u012bgs un kulta modelis klasiskaj\u0101 sporta dizain\u0101. At\u0161\u0137iras \u0113rtu iek\u0101p\u0161anu, iztur\u012bga konstrukcija un ko\u0161s un materi\u0101lu kombin\u0101ciju, kas nodro\u0161ina \u0113rt\u012bbas laik\u0101 j\u016bsu ikdienas n\u0113s\u0101\u0161anai. \u0423\u0446\u0435\u043d\u043a\u0430 neietekm\u0113 funkcionalit\u0101ti: p\u0101ris saglab\u0101 savu stilu, praktiskumu un atpaz\u012bstamu izskatu. Lieliska izv\u0113le z\u012bmola cien\u012bt\u0101jiem un tiem, kuri v\u0113las sa\u0146emt le\u0123end\u0101rs modelis par izdev\u012bgu cenu. SKU: U007-1076199<\/p>\n","protected":false},"featured_media":812734,"comment_status":"open","ping_status":"open","template":"","meta":[],"product_brand":[],"product_cat":[3387,3251,3252],"product_tag":[],"class_list":{"0":"post-812730","1":"product","2":"type-product","3":"status-publish","4":"has-post-thumbnail","6":"product_cat-nike-jordan","7":"product_cat-all-product","8":"product_cat-krosivky","9":"pa_rozmir-910","10":"pa_rozmir-912","11":"pa_rozmir-914","12":"pa_rozmir-915","13":"pa_rozmir-916","14":"pa_rozmir-917","15":"pa_rozmir-918","16":"pa_rozmir-919","17":"pa_rozmir-920","18":"pa_rozmir-921","19":"pa_rozmir-922","21":"first","22":"onbackorder","23":"purchasable","24":"product-type-variable"},"_links":{"self":[{"href":"https:\/\/nextsnkr.com\/lv\/wp-json\/wp\/v2\/product\/812730","targetHints":{"allow":["GET"]}}],"collection":[{"href":"https:\/\/nextsnkr.com\/lv\/wp-json\/wp\/v2\/product"}],"about":[{"href":"https:\/\/nextsnkr.com\/lv\/wp-json\/wp\/v2\/types\/product"}],"replies":[{"embeddable":true,"href":"https:\/\/nextsnkr.com\/lv\/wp-json\/wp\/v2\/comments?post=812730"}],"version-history":[{"count":0,"href":"https:\/\/nextsnkr.com\/lv\/wp-json\/wp\/v2\/product\/812730\/revisions"}],"wp:featuredmedia":[{"embeddable":true,"href":"https:\/\/nextsnkr.com\/lv\/wp-json\/wp\/v2\/media\/812734"}],"wp:attachment":[{"href":"https:\/\/nextsnkr.com\/lv\/wp-json\/wp\/v2\/media?parent=812730"}],"wp:term":[{"taxonomy":"product_brand","embeddable":true,"href":"https:\/\/nextsnkr.com\/lv\/wp-json\/wp\/v2\/product_brand?post=812730"},{"taxonomy":"product_cat","embeddable":true,"href":"https:\/\/nextsnkr.com\/lv\/wp-json\/wp\/v2\/product_cat?post=812730"},{"taxonomy":"product_tag","embeddable":true,"href":"https:\/\/nextsnkr.com\/lv\/wp-json\/wp\/v2\/product_tag?post=812730"}],"curies":[{"name":"wp","href":"https:\/\/api.w.org\/{rel}","templated":true}]}}