{"id":812048,"date":"2025-06-12T16:22:07","date_gmt":"2025-06-12T13:22:07","guid":{"rendered":"https:\/\/nextsnkr.com\/product\/9060-sea-salt-white\/"},"modified":"2026-02-02T15:48:11","modified_gmt":"2026-02-02T12:48:11","slug":"9060-sea-salt-white","status":"publish","type":"product","link":"https:\/\/nextsnkr.com\/lv\/product\/9060-sea-salt-white\/","title":{"rendered":"\u010c\u012bbas 9060 Sea Salt White zam\u0161\u0101das un tekstila baltas"},"content":{"rendered":"<h2>\u010c\u012bbas 9060 Sea Salt White zam\u0161\u0101das un tekstila baltas<\/h2>\n<p>&nbsp;<\/p>\n<p>9060 Sea Salt White \u010d\u012bbas apvieno augst\u0101k\u0101s kvalit\u0101tes zam\u0161\u0101du un vieglus tekstilizstr\u0101d\u0101jumus, nodro\u0161inot komfortu, elpo\u0161anu un stil\u012bgu, m\u016bsdien\u012bgu izskatu. J\u016bras s\u0101ls maigais baltais tonis padara modeli daudzpus\u012bgu un vieglu, ja to apvieno ar jebkuru ikdienas izskatu. Amortiz\u0113jo\u0161\u0101 zole garant\u0113 \u0113rt\u012bbas pastaigas un akt\u012bvas kust\u012bbas laik\u0101. Ide\u0101la izv\u0113le tiem, kas nov\u0113rt\u0113 kvalit\u0101ti, tendences un komfortu. Ra\u017eot\u0101js: Vjetnama. SKU: 1378-477037<\/p>\n","protected":false},"excerpt":{"rendered":"<p>9060 Sea Salt White \u010d\u012bbas apvieno augst\u0101k\u0101s kvalit\u0101tes zam\u0161\u0101du un vieglus tekstilizstr\u0101d\u0101jumus, nodro\u0161inot komfortu, elpo\u0161anu un stil\u012bgu, m\u016bsdien\u012bgu izskatu. J\u016bras s\u0101ls maigais baltais tonis padara modeli daudzpus\u012bgu un vieglu, ja to apvieno ar jebkuru ikdienas izskatu. Amortiz\u0113jo\u0161\u0101 zole garant\u0113 \u0113rt\u012bbas pastaigas un akt\u012bvas kust\u012bbas laik\u0101. Ide\u0101la izv\u0113le tiem, kas nov\u0113rt\u0113 kvalit\u0101ti, tendences un komfortu. Ra\u017eot\u0101js: Vjetnama. SKU: 1378-477037<\/p>\n","protected":false},"featured_media":812052,"comment_status":"open","ping_status":"open","template":"","meta":[],"product_brand":[],"product_cat":[3251,3252],"product_tag":[],"class_list":{"0":"post-812048","1":"product","2":"type-product","3":"status-publish","4":"has-post-thumbnail","6":"product_cat-all-product","7":"product_cat-krosivky","8":"pa_rozmir-910","9":"pa_rozmir-912","10":"pa_rozmir-914","11":"pa_rozmir-915","12":"pa_rozmir-916","13":"pa_rozmir-917","14":"pa_rozmir-918","15":"pa_rozmir-919","16":"pa_rozmir-920","17":"pa_rozmir-921","18":"pa_rozmir-922","20":"first","21":"onbackorder","22":"purchasable","23":"product-type-variable"},"_links":{"self":[{"href":"https:\/\/nextsnkr.com\/lv\/wp-json\/wp\/v2\/product\/812048","targetHints":{"allow":["GET"]}}],"collection":[{"href":"https:\/\/nextsnkr.com\/lv\/wp-json\/wp\/v2\/product"}],"about":[{"href":"https:\/\/nextsnkr.com\/lv\/wp-json\/wp\/v2\/types\/product"}],"replies":[{"embeddable":true,"href":"https:\/\/nextsnkr.com\/lv\/wp-json\/wp\/v2\/comments?post=812048"}],"version-history":[{"count":0,"href":"https:\/\/nextsnkr.com\/lv\/wp-json\/wp\/v2\/product\/812048\/revisions"}],"wp:featuredmedia":[{"embeddable":true,"href":"https:\/\/nextsnkr.com\/lv\/wp-json\/wp\/v2\/media\/812052"}],"wp:attachment":[{"href":"https:\/\/nextsnkr.com\/lv\/wp-json\/wp\/v2\/media?parent=812048"}],"wp:term":[{"taxonomy":"product_brand","embeddable":true,"href":"https:\/\/nextsnkr.com\/lv\/wp-json\/wp\/v2\/product_brand?post=812048"},{"taxonomy":"product_cat","embeddable":true,"href":"https:\/\/nextsnkr.com\/lv\/wp-json\/wp\/v2\/product_cat?post=812048"},{"taxonomy":"product_tag","embeddable":true,"href":"https:\/\/nextsnkr.com\/lv\/wp-json\/wp\/v2\/product_tag?post=812048"}],"curies":[{"name":"wp","href":"https:\/\/api.w.org\/{rel}","templated":true}]}}