{"id":811485,"date":"2025-06-13T09:45:21","date_gmt":"2025-06-13T06:45:21","guid":{"rendered":"https:\/\/nextsnkr.com\/product\/jadon-white-mekh-rozprodazh\/"},"modified":"2026-02-02T15:47:47","modified_gmt":"2026-02-02T12:47:47","slug":"jadon-white-mekh-rozprodazh","status":"publish","type":"product","link":"https:\/\/nextsnkr.com\/lv\/product\/jadon-white-mekh-rozprodazh\/","title":{"rendered":"1460 black Gloss z\u0101baki no lak\u0101das un ka\u017eok\u0101das \ufe0f \ufe0f &#8211; izp\u0101rdo\u0161ana"},"content":{"rendered":"<h2>1460 black Gloss z\u0101baki no lak\u0101das un ka\u017eok\u0101das \ufe0f \ufe0f &#8211; izp\u0101rdo\u0161ana<\/h2>\n<p>&nbsp;<\/p>\n<p>1460 black Gloss z\u0101baki, kas izgatavoti no lak\u0101das un m\u0101ksl\u012bg\u0101s ka\u017eok\u0101das ar rindu, apvieno stil\u012bgu sp\u012bdumu un siltumu aukst\u0101 laik\u0101. Modelis z\u012bmola 1460 piem\u0113rots ikdienas n\u0113s\u0101\u0161anai, nodro\u0161ina komfortu un iztur\u012bbu, pateicoties kvalitat\u012bviem materi\u0101liem. \u0112rta lieste un stabila zole, kas padara \u0161os z\u0101bakus praktiska izv\u0113le jebkura att\u0113la. Speci\u0101la \u0440\u0430\u0441\u043f\u0440\u043e\u0434\u0430\u0436\u043d\u0430\u044f cena padara to izdev\u012bgu ieguvums tiem, kas ciena stilu un kvalit\u0101ti.<\/p>\n","protected":false},"excerpt":{"rendered":"<p>1460 black Gloss z\u0101baki, kas izgatavoti no lak\u0101das un m\u0101ksl\u012bg\u0101s ka\u017eok\u0101das ar rindu, apvieno stil\u012bgu sp\u012bdumu un siltumu aukst\u0101 laik\u0101. Modelis z\u012bmola 1460 piem\u0113rots ikdienas n\u0113s\u0101\u0161anai, nodro\u0161ina komfortu un iztur\u012bbu, pateicoties kvalitat\u012bviem materi\u0101liem. \u0112rta lieste un stabila zole, kas padara \u0161os z\u0101bakus praktiska izv\u0113le jebkura att\u0113la. Speci\u0101la \u0440\u0430\u0441\u043f\u0440\u043e\u0434\u0430\u0436\u043d\u0430\u044f cena padara to izdev\u012bgu ieguvums tiem, kas ciena stilu un kvalit\u0101ti.<\/p>\n","protected":false},"featured_media":811488,"comment_status":"open","ping_status":"open","template":"","meta":[],"product_brand":[],"product_cat":[3251,3335],"product_tag":[],"class_list":{"0":"post-811485","1":"product","2":"type-product","3":"status-publish","4":"has-post-thumbnail","6":"product_cat-all-product","7":"product_cat-cherevyky","8":"pa_rozmir-910","9":"pa_rozmir-912","10":"pa_rozmir-914","11":"pa_rozmir-915","12":"pa_rozmir-916","13":"pa_rozmir-917","14":"pa_rozmir-918","15":"pa_rozmir-919","16":"pa_rozmir-920","17":"pa_rozmir-921","18":"pa_rozmir-922","20":"first","21":"instock","22":"purchasable","23":"product-type-variable"},"_links":{"self":[{"href":"https:\/\/nextsnkr.com\/lv\/wp-json\/wp\/v2\/product\/811485","targetHints":{"allow":["GET"]}}],"collection":[{"href":"https:\/\/nextsnkr.com\/lv\/wp-json\/wp\/v2\/product"}],"about":[{"href":"https:\/\/nextsnkr.com\/lv\/wp-json\/wp\/v2\/types\/product"}],"replies":[{"embeddable":true,"href":"https:\/\/nextsnkr.com\/lv\/wp-json\/wp\/v2\/comments?post=811485"}],"version-history":[{"count":0,"href":"https:\/\/nextsnkr.com\/lv\/wp-json\/wp\/v2\/product\/811485\/revisions"}],"wp:featuredmedia":[{"embeddable":true,"href":"https:\/\/nextsnkr.com\/lv\/wp-json\/wp\/v2\/media\/811488"}],"wp:attachment":[{"href":"https:\/\/nextsnkr.com\/lv\/wp-json\/wp\/v2\/media?parent=811485"}],"wp:term":[{"taxonomy":"product_brand","embeddable":true,"href":"https:\/\/nextsnkr.com\/lv\/wp-json\/wp\/v2\/product_brand?post=811485"},{"taxonomy":"product_cat","embeddable":true,"href":"https:\/\/nextsnkr.com\/lv\/wp-json\/wp\/v2\/product_cat?post=811485"},{"taxonomy":"product_tag","embeddable":true,"href":"https:\/\/nextsnkr.com\/lv\/wp-json\/wp\/v2\/product_tag?post=811485"}],"curies":[{"name":"wp","href":"https:\/\/api.w.org\/{rel}","templated":true}]}}