{"id":810697,"date":"2025-06-12T16:24:00","date_gmt":"2025-06-12T13:24:00","guid":{"rendered":"https:\/\/nextsnkr.com\/product\/dr-martens-black-fur\/"},"modified":"2026-02-02T15:47:16","modified_gmt":"2026-02-02T12:47:16","slug":"dr-martens-black-fur","status":"publish","type":"product","link":"https:\/\/nextsnkr.com\/lv\/product\/dr-martens-black-fur\/","title":{"rendered":"\u010c\u012bbas Dr. Martens black Fur &#8211; Ziemas melnas ka\u017eok\u0101das \u010d\u012bbas"},"content":{"rendered":"<h2>\u010c\u012bbas Dr. Martens black Fur &#8211; Ziemas melnas ka\u017eok\u0101das \u010d\u012bbas<\/h2>\n<p>&nbsp;<\/p>\n<p>\u010c\u012bbas Dr. Martens Black Fur ir stil\u012bgs ziemas modelis, kas izol\u0113ts ar m\u012bkstu ka\u017eok\u0101du, lai nodro\u0161in\u0101tu maksim\u0101lu komfortu aukst\u0101 laik\u0101. Meln\u0101 univers\u0101l\u0101 kr\u0101sa pie\u0161\u0137ir apaviem lakonisku un modernu izskatu, bet atpaz\u012bstamu Dr dizainu. Martens uzsver raksturu un stilu. Pateicoties iztur\u012bgiem materi\u0101liem, \u010d\u012bbas nodro\u0161ina uzticam\u012bbu, labu piem\u0113rot\u012bbu un iztur\u012bbu. Ide\u0101la izv\u0113le tiem, kas katru dienu mekl\u0113 siltus un modernus apavus.<\/p>\n","protected":false},"excerpt":{"rendered":"<p>\u010c\u012bbas Dr. Martens Black Fur ir stil\u012bgs ziemas modelis, kas izol\u0113ts ar m\u012bkstu ka\u017eok\u0101du, lai nodro\u0161in\u0101tu maksim\u0101lu komfortu aukst\u0101 laik\u0101. Meln\u0101 univers\u0101l\u0101 kr\u0101sa pie\u0161\u0137ir apaviem lakonisku un modernu izskatu, bet atpaz\u012bstamu Dr dizainu. Martens uzsver raksturu un stilu. Pateicoties iztur\u012bgiem materi\u0101liem, \u010d\u012bbas nodro\u0161ina uzticam\u012bbu, labu piem\u0113rot\u012bbu un iztur\u012bbu. Ide\u0101la izv\u0113le tiem, kas katru dienu mekl\u0113 siltus un modernus apavus.<\/p>\n","protected":false},"featured_media":810699,"comment_status":"open","ping_status":"open","template":"","meta":[],"product_brand":[2398],"product_cat":[3620,3251,3322],"product_tag":[],"class_list":{"0":"post-810697","1":"product","2":"type-product","3":"status-publish","4":"has-post-thumbnail","6":"product_brand-dr-martens","7":"product_cat-dr-martens","8":"product_cat-all-product","9":"product_cat-kedy","10":"pa_rozmir-910","11":"pa_rozmir-912","12":"pa_rozmir-914","13":"pa_rozmir-915","14":"pa_rozmir-916","15":"pa_rozmir-917","16":"pa_rozmir-918","17":"pa_rozmir-919","18":"pa_rozmir-920","19":"pa_rozmir-921","20":"pa_rozmir-922","22":"first","23":"instock","24":"purchasable","25":"product-type-variable"},"_links":{"self":[{"href":"https:\/\/nextsnkr.com\/lv\/wp-json\/wp\/v2\/product\/810697","targetHints":{"allow":["GET"]}}],"collection":[{"href":"https:\/\/nextsnkr.com\/lv\/wp-json\/wp\/v2\/product"}],"about":[{"href":"https:\/\/nextsnkr.com\/lv\/wp-json\/wp\/v2\/types\/product"}],"replies":[{"embeddable":true,"href":"https:\/\/nextsnkr.com\/lv\/wp-json\/wp\/v2\/comments?post=810697"}],"version-history":[{"count":0,"href":"https:\/\/nextsnkr.com\/lv\/wp-json\/wp\/v2\/product\/810697\/revisions"}],"wp:featuredmedia":[{"embeddable":true,"href":"https:\/\/nextsnkr.com\/lv\/wp-json\/wp\/v2\/media\/810699"}],"wp:attachment":[{"href":"https:\/\/nextsnkr.com\/lv\/wp-json\/wp\/v2\/media?parent=810697"}],"wp:term":[{"taxonomy":"product_brand","embeddable":true,"href":"https:\/\/nextsnkr.com\/lv\/wp-json\/wp\/v2\/product_brand?post=810697"},{"taxonomy":"product_cat","embeddable":true,"href":"https:\/\/nextsnkr.com\/lv\/wp-json\/wp\/v2\/product_cat?post=810697"},{"taxonomy":"product_tag","embeddable":true,"href":"https:\/\/nextsnkr.com\/lv\/wp-json\/wp\/v2\/product_tag?post=810697"}],"curies":[{"name":"wp","href":"https:\/\/api.w.org\/{rel}","templated":true}]}}