{"id":809351,"date":"2025-06-12T16:25:31","date_gmt":"2025-06-12T13:25:31","guid":{"rendered":"https:\/\/nextsnkr.com\/product\/gia-boots-cream\/"},"modified":"2026-02-02T15:46:30","modified_gmt":"2026-02-02T12:46:30","slug":"gia-boots-cream","status":"publish","type":"product","link":"https:\/\/nextsnkr.com\/lv\/product\/gia-boots-cream\/","title":{"rendered":"Gia z\u0101baku kr\u0113ms no \u012bstas \u0101das ar izol\u0101ciju"},"content":{"rendered":"<h2>Gia z\u0101baku kr\u0113ms no \u012bstas \u0101das ar izol\u0101ciju<\/h2>\n<p>&nbsp;<\/p>\n<p>Gia Boots Cream z\u0101baki apvieno stilu un komfortu. Izgatavoti no \u012bstas \u0101das ar velosip\u0113du izol\u0101ciju, tie nodro\u0161ina siltumu un komfortu aukst\u0101 laik\u0101. Ide\u0101li piem\u0113roti ikdienas valk\u0101\u0161anai un pastaig\u0101m pils\u0113t\u0101, Gia Boots z\u0101baki pied\u0101v\u0101 augstas kvalit\u0101tes materi\u0101lus un iztur\u012bbu. Praktiskais dizains un klasisk\u0101 kr\u0113mkr\u0101sas kr\u0101sa papildin\u0101s jebkuru izskatu. pas\u016btiet t\u016bl\u012bt un katru dienu Izj\u016btiet komfortu un stilu.<\/p>\n","protected":false},"excerpt":{"rendered":"<p>Gia Boots Cream z\u0101baki apvieno stilu un komfortu. Izgatavoti no \u012bstas \u0101das ar velosip\u0113du izol\u0101ciju, tie nodro\u0161ina siltumu un komfortu aukst\u0101 laik\u0101. Ide\u0101li piem\u0113roti ikdienas valk\u0101\u0161anai un pastaig\u0101m pils\u0113t\u0101, Gia Boots z\u0101baki pied\u0101v\u0101 augstas kvalit\u0101tes materi\u0101lus un iztur\u012bbu. Praktiskais dizains un klasisk\u0101 kr\u0113mkr\u0101sas kr\u0101sa papildin\u0101s jebkuru izskatu. pas\u016btiet t\u016bl\u012bt un katru dienu Izj\u016btiet komfortu un stilu.<\/p>\n","protected":false},"featured_media":809356,"comment_status":"open","ping_status":"open","template":"","meta":[],"product_brand":[],"product_cat":[3251,3335],"product_tag":[],"class_list":{"0":"post-809351","1":"product","2":"type-product","3":"status-publish","4":"has-post-thumbnail","6":"product_cat-all-product","7":"product_cat-cherevyky","8":"pa_rozmir-910","9":"pa_rozmir-912","10":"pa_rozmir-914","11":"pa_rozmir-915","12":"pa_rozmir-916","13":"pa_rozmir-917","14":"pa_rozmir-918","15":"pa_rozmir-919","16":"pa_rozmir-920","17":"pa_rozmir-921","18":"pa_rozmir-922","20":"first","21":"onbackorder","22":"purchasable","23":"product-type-variable"},"_links":{"self":[{"href":"https:\/\/nextsnkr.com\/lv\/wp-json\/wp\/v2\/product\/809351","targetHints":{"allow":["GET"]}}],"collection":[{"href":"https:\/\/nextsnkr.com\/lv\/wp-json\/wp\/v2\/product"}],"about":[{"href":"https:\/\/nextsnkr.com\/lv\/wp-json\/wp\/v2\/types\/product"}],"replies":[{"embeddable":true,"href":"https:\/\/nextsnkr.com\/lv\/wp-json\/wp\/v2\/comments?post=809351"}],"version-history":[{"count":0,"href":"https:\/\/nextsnkr.com\/lv\/wp-json\/wp\/v2\/product\/809351\/revisions"}],"wp:featuredmedia":[{"embeddable":true,"href":"https:\/\/nextsnkr.com\/lv\/wp-json\/wp\/v2\/media\/809356"}],"wp:attachment":[{"href":"https:\/\/nextsnkr.com\/lv\/wp-json\/wp\/v2\/media?parent=809351"}],"wp:term":[{"taxonomy":"product_brand","embeddable":true,"href":"https:\/\/nextsnkr.com\/lv\/wp-json\/wp\/v2\/product_brand?post=809351"},{"taxonomy":"product_cat","embeddable":true,"href":"https:\/\/nextsnkr.com\/lv\/wp-json\/wp\/v2\/product_cat?post=809351"},{"taxonomy":"product_tag","embeddable":true,"href":"https:\/\/nextsnkr.com\/lv\/wp-json\/wp\/v2\/product_tag?post=809351"}],"curies":[{"name":"wp","href":"https:\/\/api.w.org\/{rel}","templated":true}]}}