{"id":807087,"date":"2025-06-13T09:51:37","date_gmt":"2025-06-13T06:51:37","guid":{"rendered":"https:\/\/nextsnkr.com\/product\/ugg-classic-tall-ii-boot-light-gray-rasprodazha\/"},"modified":"2026-02-02T15:45:04","modified_gmt":"2026-02-02T12:45:04","slug":"ugg-classic-tall-ii-boot-light-gray-rasprodazha","status":"publish","type":"product","link":"https:\/\/nextsnkr.com\/lv\/product\/ugg-classic-tall-ii-boot-light-gray-rasprodazha\/","title":{"rendered":"UGG Classic Tall II boot Dark Brown zam\u0161\u0101das z\u0101baki-izp\u0101rdo\u0161ana"},"content":{"rendered":"<h2>UGG Classic Tall II boot Dark Brown zam\u0161\u0101das z\u0101baki-izp\u0101rdo\u0161ana<\/h2>\n<p>&nbsp;<\/p>\n<p>UGG Classic Tall II Boot Dark Brown z\u0101baki ir izgatavoti no m\u012bkstas zam\u0161\u0101das un izol\u0113ti ar m\u0101ksl\u012bgo ka\u017eok\u0101du, kas nodro\u0161ina siltumu un komfortu aukst\u0101 laik\u0101. Austr\u0101lijas z\u012bmola UGG modelis ir piem\u0113rots ikdienas valk\u0101\u0161anai un stil\u012bgam Ziemas izskatam. \u0112rts spilventi\u0146\u0161 un iztur\u012bga zole garant\u0113 iztur\u012bbu un praktiskumu. Izp\u0101rdo\u0161anas cena padara \u0161os z\u0101bakus par izdev\u012bgu pirkumu tiem, kas nov\u0113rt\u0113 kvalit\u0101ti, komfortu un modernu dizainu.<\/p>\n","protected":false},"excerpt":{"rendered":"<p>UGG Classic Tall II Boot Dark Brown z\u0101baki ir izgatavoti no m\u012bkstas zam\u0161\u0101das un izol\u0113ti ar m\u0101ksl\u012bgo ka\u017eok\u0101du, kas nodro\u0161ina siltumu un komfortu aukst\u0101 laik\u0101. Austr\u0101lijas z\u012bmola UGG modelis ir piem\u0113rots ikdienas valk\u0101\u0161anai un stil\u012bgam Ziemas izskatam. \u0112rts spilventi\u0146\u0161 un iztur\u012bga zole garant\u0113 iztur\u012bbu un praktiskumu. Izp\u0101rdo\u0161anas cena padara \u0161os z\u0101bakus par izdev\u012bgu pirkumu tiem, kas nov\u0113rt\u0113 kvalit\u0101ti, komfortu un modernu dizainu.<\/p>\n","protected":false},"featured_media":807088,"comment_status":"open","ping_status":"open","template":"","meta":[],"product_brand":[],"product_cat":[3411,3251],"product_tag":[],"class_list":{"0":"post-807087","1":"product","2":"type-product","3":"status-publish","4":"has-post-thumbnail","6":"product_cat-ugg","7":"product_cat-all-product","8":"pa_rozmir-923","9":"pa_rozmir-910","10":"pa_rozmir-912","11":"pa_rozmir-914","12":"pa_rozmir-915","13":"pa_rozmir-916","14":"pa_rozmir-917","15":"pa_rozmir-918","16":"pa_rozmir-919","17":"pa_rozmir-920","18":"pa_rozmir-921","20":"first","21":"onbackorder","22":"purchasable","23":"product-type-variable"},"_links":{"self":[{"href":"https:\/\/nextsnkr.com\/lv\/wp-json\/wp\/v2\/product\/807087","targetHints":{"allow":["GET"]}}],"collection":[{"href":"https:\/\/nextsnkr.com\/lv\/wp-json\/wp\/v2\/product"}],"about":[{"href":"https:\/\/nextsnkr.com\/lv\/wp-json\/wp\/v2\/types\/product"}],"replies":[{"embeddable":true,"href":"https:\/\/nextsnkr.com\/lv\/wp-json\/wp\/v2\/comments?post=807087"}],"version-history":[{"count":0,"href":"https:\/\/nextsnkr.com\/lv\/wp-json\/wp\/v2\/product\/807087\/revisions"}],"wp:featuredmedia":[{"embeddable":true,"href":"https:\/\/nextsnkr.com\/lv\/wp-json\/wp\/v2\/media\/807088"}],"wp:attachment":[{"href":"https:\/\/nextsnkr.com\/lv\/wp-json\/wp\/v2\/media?parent=807087"}],"wp:term":[{"taxonomy":"product_brand","embeddable":true,"href":"https:\/\/nextsnkr.com\/lv\/wp-json\/wp\/v2\/product_brand?post=807087"},{"taxonomy":"product_cat","embeddable":true,"href":"https:\/\/nextsnkr.com\/lv\/wp-json\/wp\/v2\/product_cat?post=807087"},{"taxonomy":"product_tag","embeddable":true,"href":"https:\/\/nextsnkr.com\/lv\/wp-json\/wp\/v2\/product_tag?post=807087"}],"curies":[{"name":"wp","href":"https:\/\/api.w.org\/{rel}","templated":true}]}}