{"id":806578,"date":"2025-06-17T21:52:23","date_gmt":"2025-06-17T18:52:23","guid":{"rendered":"https:\/\/nextsnkr.com\/product\/hua-winter-acronym-khaki\/"},"modified":"2026-02-02T15:44:41","modified_gmt":"2026-02-02T12:44:41","slug":"hua-winter-acronym-khaki","status":"publish","type":"product","link":"https:\/\/nextsnkr.com\/lv\/product\/hua-winter-acronym-khaki\/","title":{"rendered":"Hua Winter Acronym khaki \u010d\u012bbas-tekstila Ziemas Kross l\u012bdz -16\u00b0"},"content":{"rendered":"<h2>Hua Winter Acronym khaki \u010d\u012bbas-tekstila Ziemas Kross l\u012bdz -16\u00b0<\/h2>\n<p>&nbsp;<\/p>\n<p>Hua Winter Acronym Khaki \u010d\u012bbas ir ide\u0101li ziemas apavi pils\u0113tas un \u0101ra aktivit\u0101t\u0113m. Izgatavoti no augstas kvalit\u0101tes tekstilizstr\u0101d\u0101jumiem ar iek\u0161\u0113jo siltuma oderi un triecienu absorb\u0113jo\u0161u putu zoli, tie nodro\u0161ina siltumu, komfortu un dro\u0161u sa\u0137eri ar nodilumiztur\u012bgu gumijas zoli. Modelis iztur temperat\u016bru l\u012bdz -16\u00b0 un sver 798 gramus, padarot to \u0113rti valk\u0101jamu katru dienu. \u0160\u012bs Vjetnam\u0101 ra\u017eot\u0101s kedas apvieno stilu, iztur\u012bbu un praktiskumu. Izv\u0113lieties Hua Winter Acronym Khaki siltumam un komfortam aukst\u0101 laik\u0101.<\/p>\n","protected":false},"excerpt":{"rendered":"<p>Hua Winter Acronym Khaki \u010d\u012bbas ir ide\u0101li ziemas apavi pils\u0113tas un \u0101ra aktivit\u0101t\u0113m. Izgatavoti no augstas kvalit\u0101tes tekstilizstr\u0101d\u0101jumiem ar iek\u0161\u0113jo siltuma oderi un triecienu absorb\u0113jo\u0161u putu zoli, tie nodro\u0161ina siltumu, komfortu un dro\u0161u sa\u0137eri ar nodilumiztur\u012bgu gumijas zoli. Modelis iztur temperat\u016bru l\u012bdz -16\u00b0 un sver 798 gramus, padarot to \u0113rti valk\u0101jamu katru dienu. \u0160\u012bs Vjetnam\u0101 ra\u017eot\u0101s kedas apvieno stilu, iztur\u012bbu un praktiskumu. Izv\u0113lieties Hua Winter Acronym Khaki siltumam un komfortam aukst\u0101 laik\u0101.<\/p>\n","protected":false},"featured_media":806579,"comment_status":"open","ping_status":"open","template":"","meta":[],"product_brand":[],"product_cat":[3251,3252],"product_tag":[],"class_list":{"0":"post-806578","1":"product","2":"type-product","3":"status-publish","4":"has-post-thumbnail","6":"product_cat-all-product","7":"product_cat-krosivky","8":"pa_rozmir-910","9":"pa_rozmir-912","10":"pa_rozmir-914","11":"pa_rozmir-915","12":"pa_rozmir-916","13":"pa_rozmir-917","14":"pa_rozmir-918","15":"pa_rozmir-919","16":"pa_rozmir-920","17":"pa_rozmir-921","18":"pa_rozmir-922","20":"first","21":"onbackorder","22":"purchasable","23":"product-type-variable"},"_links":{"self":[{"href":"https:\/\/nextsnkr.com\/lv\/wp-json\/wp\/v2\/product\/806578","targetHints":{"allow":["GET"]}}],"collection":[{"href":"https:\/\/nextsnkr.com\/lv\/wp-json\/wp\/v2\/product"}],"about":[{"href":"https:\/\/nextsnkr.com\/lv\/wp-json\/wp\/v2\/types\/product"}],"replies":[{"embeddable":true,"href":"https:\/\/nextsnkr.com\/lv\/wp-json\/wp\/v2\/comments?post=806578"}],"version-history":[{"count":0,"href":"https:\/\/nextsnkr.com\/lv\/wp-json\/wp\/v2\/product\/806578\/revisions"}],"wp:featuredmedia":[{"embeddable":true,"href":"https:\/\/nextsnkr.com\/lv\/wp-json\/wp\/v2\/media\/806579"}],"wp:attachment":[{"href":"https:\/\/nextsnkr.com\/lv\/wp-json\/wp\/v2\/media?parent=806578"}],"wp:term":[{"taxonomy":"product_brand","embeddable":true,"href":"https:\/\/nextsnkr.com\/lv\/wp-json\/wp\/v2\/product_brand?post=806578"},{"taxonomy":"product_cat","embeddable":true,"href":"https:\/\/nextsnkr.com\/lv\/wp-json\/wp\/v2\/product_cat?post=806578"},{"taxonomy":"product_tag","embeddable":true,"href":"https:\/\/nextsnkr.com\/lv\/wp-json\/wp\/v2\/product_tag?post=806578"}],"curies":[{"name":"wp","href":"https:\/\/api.w.org\/{rel}","templated":true}]}}