{"id":806407,"date":"2025-06-13T09:52:22","date_gmt":"2025-06-13T06:52:22","guid":{"rendered":"https:\/\/nextsnkr.com\/product\/ugg-classic-tall-ii-boot-beige-rasprodazha\/"},"modified":"2026-02-02T15:44:36","modified_gmt":"2026-02-02T12:44:36","slug":"ugg-classic-tall-ii-boot-beige-rasprodazha","status":"publish","type":"product","link":"https:\/\/nextsnkr.com\/lv\/product\/ugg-classic-tall-ii-boot-beige-rasprodazha\/","title":{"rendered":"UGG Classic Tall II Boot Beige-sievie\u0161u zam\u0161\u0101das ziemas z\u0101baki"},"content":{"rendered":"<h2>UGG Classic Tall II Boot Beige-sievie\u0161u zam\u0161\u0101das ziemas z\u0101baki<\/h2>\n<p>&nbsp;<\/p>\n<p>Stil\u012bgie UGG Classic Tall II Boot Beige z\u0101baki ir izgatavoti no augst\u0101k\u0101s kvalit\u0101tes zam\u0161\u0101das un m\u012bkstas m\u0101ksl\u012bg\u0101s ka\u017eok\u0101das, kas nodro\u0161ina komfortu un siltumu ziem\u0101. Augsts piegulums pasarg\u0101 no aukstuma, un klasisk\u0101 smil\u0161kr\u0101sas kr\u0101sa ir viegli savienojama ar jebkuru izskatu. Austr\u0101lijas z\u012bmola ori\u0123in\u0101l\u0101 kvalit\u0101te garant\u0113 iztur\u012bbu un \u0113rtu ikdienas valk\u0101\u0161anu. Ide\u0101la izv\u0113le tiem, kas nov\u0113rt\u0113 siltumu, dabiskos materi\u0101lus un eleganto stilu.<\/p>\n","protected":false},"excerpt":{"rendered":"<p>Stil\u012bgie UGG Classic Tall II Boot Beige z\u0101baki ir izgatavoti no augst\u0101k\u0101s kvalit\u0101tes zam\u0161\u0101das un m\u012bkstas m\u0101ksl\u012bg\u0101s ka\u017eok\u0101das, kas nodro\u0161ina komfortu un siltumu ziem\u0101. Augsts piegulums pasarg\u0101 no aukstuma, un klasisk\u0101 smil\u0161kr\u0101sas kr\u0101sa ir viegli savienojama ar jebkuru izskatu. Austr\u0101lijas z\u012bmola ori\u0123in\u0101l\u0101 kvalit\u0101te garant\u0113 iztur\u012bbu un \u0113rtu ikdienas valk\u0101\u0161anu. Ide\u0101la izv\u0113le tiem, kas nov\u0113rt\u0113 siltumu, dabiskos materi\u0101lus un eleganto stilu.<\/p>\n","protected":false},"featured_media":806408,"comment_status":"open","ping_status":"open","template":"","meta":[],"product_brand":[],"product_cat":[3411,3251],"product_tag":[],"class_list":{"0":"post-806407","1":"product","2":"type-product","3":"status-publish","4":"has-post-thumbnail","6":"product_cat-ugg","7":"product_cat-all-product","8":"pa_rozmir-923","9":"pa_rozmir-910","10":"pa_rozmir-912","11":"pa_rozmir-914","12":"pa_rozmir-915","13":"pa_rozmir-916","14":"pa_rozmir-917","15":"pa_rozmir-918","16":"pa_rozmir-919","17":"pa_rozmir-920","18":"pa_rozmir-921","20":"first","21":"onbackorder","22":"purchasable","23":"product-type-variable"},"_links":{"self":[{"href":"https:\/\/nextsnkr.com\/lv\/wp-json\/wp\/v2\/product\/806407","targetHints":{"allow":["GET"]}}],"collection":[{"href":"https:\/\/nextsnkr.com\/lv\/wp-json\/wp\/v2\/product"}],"about":[{"href":"https:\/\/nextsnkr.com\/lv\/wp-json\/wp\/v2\/types\/product"}],"replies":[{"embeddable":true,"href":"https:\/\/nextsnkr.com\/lv\/wp-json\/wp\/v2\/comments?post=806407"}],"version-history":[{"count":0,"href":"https:\/\/nextsnkr.com\/lv\/wp-json\/wp\/v2\/product\/806407\/revisions"}],"wp:featuredmedia":[{"embeddable":true,"href":"https:\/\/nextsnkr.com\/lv\/wp-json\/wp\/v2\/media\/806408"}],"wp:attachment":[{"href":"https:\/\/nextsnkr.com\/lv\/wp-json\/wp\/v2\/media?parent=806407"}],"wp:term":[{"taxonomy":"product_brand","embeddable":true,"href":"https:\/\/nextsnkr.com\/lv\/wp-json\/wp\/v2\/product_brand?post=806407"},{"taxonomy":"product_cat","embeddable":true,"href":"https:\/\/nextsnkr.com\/lv\/wp-json\/wp\/v2\/product_cat?post=806407"},{"taxonomy":"product_tag","embeddable":true,"href":"https:\/\/nextsnkr.com\/lv\/wp-json\/wp\/v2\/product_tag?post=806407"}],"curies":[{"name":"wp","href":"https:\/\/api.w.org\/{rel}","templated":true}]}}