{"id":805558,"date":"2025-06-13T09:53:26","date_gmt":"2025-06-13T06:53:26","guid":{"rendered":"https:\/\/nextsnkr.com\/product\/nike-m2k-black\/"},"modified":"2026-02-02T15:44:04","modified_gmt":"2026-02-02T12:44:04","slug":"nike-m2k-black","status":"publish","type":"product","link":"https:\/\/nextsnkr.com\/lv\/product\/nike-m2k-black\/","title":{"rendered":"Nike m2K Black \u0101das \u010d\u012bbas-stils un komforts katru dienu"},"content":{"rendered":"<h2>Nike m2K Black \u0101das \u010d\u012bbas-stils un komforts katru dienu<\/h2>\n<p>&nbsp;<\/p>\n<p>Nike m2K Black viegl\u0101s un nodilumiztur\u012bg\u0101s kedas ir izgatavotas no kvalitat\u012bvas \u0101das, kas nodro\u0161ina iztur\u012bbu un stil\u012bgu izskatu. Melns univers\u0101ls dizains ir piem\u0113rots ikdienas lieto\u0161anai un \u0101ra aktivit\u0101t\u0113m. Modelim ir \u0113rta piegul\u0161ana, uzticams P\u0113das atbalsts un moderns siluets. Izv\u0113lieties Nike M2K-tenden\u010du stila, praktiskuma un uzticam\u012bbas kombin\u0101ciju.<\/p>\n","protected":false},"excerpt":{"rendered":"<p>Nike m2K Black viegl\u0101s un nodilumiztur\u012bg\u0101s kedas ir izgatavotas no kvalitat\u012bvas \u0101das, kas nodro\u0161ina iztur\u012bbu un stil\u012bgu izskatu. Melns univers\u0101ls dizains ir piem\u0113rots ikdienas lieto\u0161anai un \u0101ra aktivit\u0101t\u0113m. Modelim ir \u0113rta piegul\u0161ana, uzticams P\u0113das atbalsts un moderns siluets. Izv\u0113lieties Nike M2K-tenden\u010du stila, praktiskuma un uzticam\u012bbas kombin\u0101ciju.<\/p>\n","protected":false},"featured_media":805559,"comment_status":"open","ping_status":"open","template":"","meta":[],"product_brand":[],"product_cat":[3251,3252],"product_tag":[],"class_list":{"0":"post-805558","1":"product","2":"type-product","3":"status-publish","4":"has-post-thumbnail","6":"product_cat-all-product","7":"product_cat-krosivky","8":"pa_rozmir-910","9":"pa_rozmir-912","10":"pa_rozmir-914","11":"pa_rozmir-915","12":"pa_rozmir-916","13":"pa_rozmir-917","14":"pa_rozmir-918","15":"pa_rozmir-919","16":"pa_rozmir-920","17":"pa_rozmir-921","18":"pa_rozmir-922","20":"first","21":"instock","22":"purchasable","23":"product-type-variable"},"_links":{"self":[{"href":"https:\/\/nextsnkr.com\/lv\/wp-json\/wp\/v2\/product\/805558","targetHints":{"allow":["GET"]}}],"collection":[{"href":"https:\/\/nextsnkr.com\/lv\/wp-json\/wp\/v2\/product"}],"about":[{"href":"https:\/\/nextsnkr.com\/lv\/wp-json\/wp\/v2\/types\/product"}],"replies":[{"embeddable":true,"href":"https:\/\/nextsnkr.com\/lv\/wp-json\/wp\/v2\/comments?post=805558"}],"version-history":[{"count":0,"href":"https:\/\/nextsnkr.com\/lv\/wp-json\/wp\/v2\/product\/805558\/revisions"}],"wp:featuredmedia":[{"embeddable":true,"href":"https:\/\/nextsnkr.com\/lv\/wp-json\/wp\/v2\/media\/805559"}],"wp:attachment":[{"href":"https:\/\/nextsnkr.com\/lv\/wp-json\/wp\/v2\/media?parent=805558"}],"wp:term":[{"taxonomy":"product_brand","embeddable":true,"href":"https:\/\/nextsnkr.com\/lv\/wp-json\/wp\/v2\/product_brand?post=805558"},{"taxonomy":"product_cat","embeddable":true,"href":"https:\/\/nextsnkr.com\/lv\/wp-json\/wp\/v2\/product_cat?post=805558"},{"taxonomy":"product_tag","embeddable":true,"href":"https:\/\/nextsnkr.com\/lv\/wp-json\/wp\/v2\/product_tag?post=805558"}],"curies":[{"name":"wp","href":"https:\/\/api.w.org\/{rel}","templated":true}]}}