{"id":805219,"date":"2025-06-13T09:54:08","date_gmt":"2025-06-13T06:54:08","guid":{"rendered":"https:\/\/nextsnkr.com\/product\/air-force-1-low-x-undefeated\/"},"modified":"2026-02-02T15:43:55","modified_gmt":"2026-02-02T12:43:55","slug":"air-force-1-low-x-undefeated","status":"publish","type":"product","link":"https:\/\/nextsnkr.com\/lv\/product\/air-force-1-low-x-undefeated\/","title":{"rendered":"Air Force 1 Low x Undefeated \u010d\u012bbas &#8211; \u0101das stil\u012bgas \u010d\u012bbas"},"content":{"rendered":"<h2>Air Force 1 Low x Undefeated \u010d\u012bbas &#8211; \u0101das stil\u012bgas \u010d\u012bbas<\/h2>\n<p>&nbsp;<\/p>\n<p>Air Force 1 Low x Undefeated \u010d\u012bbas ir stil\u012bgs Nike ikonisk\u0101 dizaina un Undefeated z\u012bmola unik\u0101l\u0101s pieejas sajaukums. Modelis ir izgatavots no augstas kvalit\u0101tes \u012astas \u0101das, kas nodro\u0161ina iztur\u012bbu un komfortu ikdienas valk\u0101\u0161anas laik\u0101. Uzticam\u0101 zole garant\u0113 stabilit\u0101ti, un p\u0101rdom\u0101tais dizains izce\u013c individu\u0101lo stilu. Ide\u0101la izv\u0113le pils\u0113tas izskatam, akt\u012bvai atp\u016btai un augst\u0101k\u0101s kvalit\u0101tes sadarb\u012bbas cien\u012bt\u0101jiem.<\/p>\n","protected":false},"excerpt":{"rendered":"<p>Air Force 1 Low x Undefeated \u010d\u012bbas ir stil\u012bgs Nike ikonisk\u0101 dizaina un Undefeated z\u012bmola unik\u0101l\u0101s pieejas sajaukums. Modelis ir izgatavots no augstas kvalit\u0101tes \u012astas \u0101das, kas nodro\u0161ina iztur\u012bbu un komfortu ikdienas valk\u0101\u0161anas laik\u0101. Uzticam\u0101 zole garant\u0113 stabilit\u0101ti, un p\u0101rdom\u0101tais dizains izce\u013c individu\u0101lo stilu. Ide\u0101la izv\u0113le pils\u0113tas izskatam, akt\u012bvai atp\u016btai un augst\u0101k\u0101s kvalit\u0101tes sadarb\u012bbas cien\u012bt\u0101jiem.<\/p>\n","protected":false},"featured_media":805220,"comment_status":"open","ping_status":"open","template":"","meta":[],"product_brand":[],"product_cat":[3251,3322],"product_tag":[],"class_list":{"0":"post-805219","1":"product","2":"type-product","3":"status-publish","4":"has-post-thumbnail","6":"product_cat-all-product","7":"product_cat-kedy","8":"pa_rozmir-910","9":"pa_rozmir-912","10":"pa_rozmir-914","11":"pa_rozmir-915","12":"pa_rozmir-916","13":"pa_rozmir-917","14":"pa_rozmir-918","15":"pa_rozmir-919","16":"pa_rozmir-920","17":"pa_rozmir-921","18":"pa_rozmir-922","20":"first","21":"instock","22":"purchasable","23":"product-type-variable"},"_links":{"self":[{"href":"https:\/\/nextsnkr.com\/lv\/wp-json\/wp\/v2\/product\/805219","targetHints":{"allow":["GET"]}}],"collection":[{"href":"https:\/\/nextsnkr.com\/lv\/wp-json\/wp\/v2\/product"}],"about":[{"href":"https:\/\/nextsnkr.com\/lv\/wp-json\/wp\/v2\/types\/product"}],"replies":[{"embeddable":true,"href":"https:\/\/nextsnkr.com\/lv\/wp-json\/wp\/v2\/comments?post=805219"}],"version-history":[{"count":0,"href":"https:\/\/nextsnkr.com\/lv\/wp-json\/wp\/v2\/product\/805219\/revisions"}],"wp:featuredmedia":[{"embeddable":true,"href":"https:\/\/nextsnkr.com\/lv\/wp-json\/wp\/v2\/media\/805220"}],"wp:attachment":[{"href":"https:\/\/nextsnkr.com\/lv\/wp-json\/wp\/v2\/media?parent=805219"}],"wp:term":[{"taxonomy":"product_brand","embeddable":true,"href":"https:\/\/nextsnkr.com\/lv\/wp-json\/wp\/v2\/product_brand?post=805219"},{"taxonomy":"product_cat","embeddable":true,"href":"https:\/\/nextsnkr.com\/lv\/wp-json\/wp\/v2\/product_cat?post=805219"},{"taxonomy":"product_tag","embeddable":true,"href":"https:\/\/nextsnkr.com\/lv\/wp-json\/wp\/v2\/product_tag?post=805219"}],"curies":[{"name":"wp","href":"https:\/\/api.w.org\/{rel}","templated":true}]}}